{"id":1254,"date":"2021-05-21T09:10:39","date_gmt":"2021-05-21T07:10:39","guid":{"rendered":"https:\/\/highwaygmbh.de\/highway\/?post_type=product&#038;p=1254"},"modified":"2021-05-28T15:52:18","modified_gmt":"2021-05-28T13:52:18","slug":"pokini-tab-a8b-a10b","status":"publish","type":"product","link":"https:\/\/www.highway-gmbh.de\/en\/produkte\/industrie-tablet-pcs\/pokini\/pokini-tab-a8b-a10b\/","title":{"rendered":"Pokini Tab A8B\/A10B"},"content":{"rendered":"<p>St\u00fcrze, Wasser, Staub? F\u00fcr das Pokini Tab A8B oder A10B kein Problem. Ausgelegt f\u00fcr den robusten Einsatz in Bereichen wie Industrie, Produktion, Bau oder Au\u00dfendienst, vereint es nicht nur die n\u00f6tige Robustheit, sondern auch Eleganz f\u00fcr den B\u00fcroalltag. Dank Windows 10 ist eine nahtlose Zusammenarbeit mit dem normalen PC-Arbeitsplatz m\u00f6glich. Mit bis zu 14 Stunden Akkulaufzeit unterst\u00fctzt Sie das Pokini Tab einen ganzen Arbeitstag lang.<\/p>\n<h3><a href=\"https:\/\/www.highway-gmbh.de\/wp-content\/uploads\/Pokini-Tab-A8B_Datenblatt_DE.pdf\">Datenblatt Pokini-Tab-A8B<\/a><\/h3>\n<h3><a href=\"https:\/\/www.highway-gmbh.de\/wp-content\/uploads\/Pokini-Tab-A10B_Datenblatt_DE.pdf\">Datenblatt Pokini-Tab-A10B<\/a><\/h3>\n","protected":false},"excerpt":{"rendered":"<ul>\n<li>8,4\u2033\/10,1\u2033 WQXGA-Display mit einer Helligkeit von bis zu 800 cd\/m\u00b2<\/li>\n<li>leistungsstarker Intel Atom Prozessor<\/li>\n<li>optional mit Stift f\u00fcr bequeme Eingabe<\/li>\n<li>handschuhbedienbar<\/li>\n<li>sturzsicher aus bis zu 1,2 Meter H\u00f6he<\/li>\n<li>zertifiziert f\u00fcr das Mobile Device Management von SOTI<\/li>\n<li>Schnittstellenvielfalt \u00fcber Back-Cover-Extensions realisierbar<\/li>\n<li>optional mit Ubuntu Linux 20.04<\/li>\n<\/ul>\n","protected":false},"featured_media":1255,"template":"page-sidebar-left.php","meta":[],"product_brand":[],"product_cat":[39,73],"product_tag":[74],"class_list":{"0":"post-1254","1":"product","2":"type-product","3":"status-publish","4":"has-post-thumbnail","6":"product_cat-industrie-tablet-pcs","7":"product_cat-pokini","8":"product_tag-pokini-tablet","10":"first","11":"instock","12":"virtual","13":"product-type-simple"},"translation":{"provider":"WPGlobus","version":"3.0.2","language":"en","enabled_languages":["de","en"],"languages":{"de":{"title":true,"content":true,"excerpt":true},"en":{"title":false,"content":false,"excerpt":false}}},"_links":{"self":[{"href":"https:\/\/www.highway-gmbh.de\/en\/wp-json\/wp\/v2\/product\/1254","targetHints":{"allow":["GET"]}}],"collection":[{"href":"https:\/\/www.highway-gmbh.de\/en\/wp-json\/wp\/v2\/product"}],"about":[{"href":"https:\/\/www.highway-gmbh.de\/en\/wp-json\/wp\/v2\/types\/product"}],"wp:featuredmedia":[{"embeddable":true,"href":"https:\/\/www.highway-gmbh.de\/en\/wp-json\/wp\/v2\/media\/1255"}],"wp:attachment":[{"href":"https:\/\/www.highway-gmbh.de\/en\/wp-json\/wp\/v2\/media?parent=1254"}],"wp:term":[{"taxonomy":"product_brand","embeddable":true,"href":"https:\/\/www.highway-gmbh.de\/en\/wp-json\/wp\/v2\/product_brand?post=1254"},{"taxonomy":"product_cat","embeddable":true,"href":"https:\/\/www.highway-gmbh.de\/en\/wp-json\/wp\/v2\/product_cat?post=1254"},{"taxonomy":"product_tag","embeddable":true,"href":"https:\/\/www.highway-gmbh.de\/en\/wp-json\/wp\/v2\/product_tag?post=1254"}],"curies":[{"name":"wp","href":"https:\/\/api.w.org\/{rel}","templated":true}]}}