{"id":1247,"date":"2021-05-21T09:01:54","date_gmt":"2021-05-21T07:01:54","guid":{"rendered":"https:\/\/highwaygmbh.de\/highway\/?post_type=product&#038;p=1247"},"modified":"2021-05-28T15:52:18","modified_gmt":"2021-05-28T13:52:18","slug":"pokini-tab-fs6","status":"publish","type":"product","link":"https:\/\/www.highway-gmbh.de\/en\/produkte\/industrie-tablet-pcs\/pokini\/pokini-tab-fs6\/","title":{"rendered":"Pokini Tab FS6"},"content":{"rendered":"<p>Das Pokini Tab FS6 bietet mit seinem 5,98\u201c Display und der robusten Bauart eine absolut zuverl\u00e4ssige mobile L\u00f6sung f\u00fcr den Einsatz im Bereich Handel, Dienstleistung, Logistik, Lager, Produktion oder Transport.<\/p>\n<p>Durch die Hartgummiummantelung widerstehen die Ger\u00e4te jegliche St\u00fcrze aus bis zu 1,2 Metern Fallh\u00f6he. Durch die Schutzart IP65 ist das Ger\u00e4t gegen Eindringen von Staub und Wasser gut gesch\u00fctzt und sorgt somit f\u00fcr einen sicheren Betrieb selbst bei S\u00e4gesp\u00e4nen oder starkem Regen aus allen Winkeln. Es arbeitet einwandfrei bei Temperaturen zwischen -10 und +60 \u00b0C. Ob K\u00e4lte, Schnee oder Sonnenschein, das Pokini Tab FS6 bietet ideale Voraussetzungen, um im harten Arbeitsalltag langfristig seinen Nutzen zu beweisen.<\/p>\n<p>Um Ihren Arbeitsalltag noch weiter zu vereinfachen bieten wir Ihnen Zubeh\u00f6r, wie z.B. eine Ladestation, KFZ-\/Halterung, Dockingstation, einen Stift, Ersatzakku sowie einen praktischen Pistolengriff, der Ihnen eine bequeme Handhabung des Tablets in Verbindung mit dem Barcode-Scanner erm\u00f6glicht.<\/p>\n<h3><a href=\"https:\/\/www.highway-gmbh.de\/wp-content\/uploads\/Pokini-Tab-FS6_Datenblatt_DE_V1-6_01-2021.pdf\">Datenblatt Pokini-Tab-FS6<\/a><\/h3>\n","protected":false},"excerpt":{"rendered":"<ul>\n<li>klein, handlich, leicht und robust<\/li>\n<li>als Windows als auch Android Variante erh\u00e4ltlich<\/li>\n<li>robustes Corning\u00ae Gorilla\u00ae-Glas Display mit Multi-Touch<\/li>\n<li>handschuhbedienbar<\/li>\n<li>Schutzklasse IP65 und MIL-STD-810G<\/li>\n<li>optional mit 1D\/2D Barcode-Scanner und NFC<\/li>\n<li>austauschbarer Akku<\/li>\n<li>inklusive Handschlaufe<\/li>\n<li>inkl. Telefonfunktion und Google PlayStore &amp; GMS (Android)<\/li>\n<\/ul>\n","protected":false},"featured_media":1249,"template":"page-sidebar-left.php","meta":[],"product_brand":[],"product_cat":[39,73],"product_tag":[74],"class_list":{"0":"post-1247","1":"product","2":"type-product","3":"status-publish","4":"has-post-thumbnail","6":"product_cat-industrie-tablet-pcs","7":"product_cat-pokini","8":"product_tag-pokini-tablet","10":"first","11":"instock","12":"virtual","13":"product-type-simple"},"translation":{"provider":"WPGlobus","version":"3.0.2","language":"en","enabled_languages":["de","en"],"languages":{"de":{"title":true,"content":true,"excerpt":true},"en":{"title":false,"content":false,"excerpt":false}}},"_links":{"self":[{"href":"https:\/\/www.highway-gmbh.de\/en\/wp-json\/wp\/v2\/product\/1247","targetHints":{"allow":["GET"]}}],"collection":[{"href":"https:\/\/www.highway-gmbh.de\/en\/wp-json\/wp\/v2\/product"}],"about":[{"href":"https:\/\/www.highway-gmbh.de\/en\/wp-json\/wp\/v2\/types\/product"}],"wp:featuredmedia":[{"embeddable":true,"href":"https:\/\/www.highway-gmbh.de\/en\/wp-json\/wp\/v2\/media\/1249"}],"wp:attachment":[{"href":"https:\/\/www.highway-gmbh.de\/en\/wp-json\/wp\/v2\/media?parent=1247"}],"wp:term":[{"taxonomy":"product_brand","embeddable":true,"href":"https:\/\/www.highway-gmbh.de\/en\/wp-json\/wp\/v2\/product_brand?post=1247"},{"taxonomy":"product_cat","embeddable":true,"href":"https:\/\/www.highway-gmbh.de\/en\/wp-json\/wp\/v2\/product_cat?post=1247"},{"taxonomy":"product_tag","embeddable":true,"href":"https:\/\/www.highway-gmbh.de\/en\/wp-json\/wp\/v2\/product_tag?post=1247"}],"curies":[{"name":"wp","href":"https:\/\/api.w.org\/{rel}","templated":true}]}}