{"id":1232,"date":"2021-05-20T15:43:48","date_gmt":"2021-05-20T13:43:48","guid":{"rendered":"https:\/\/highwaygmbh.de\/highway\/?post_type=product&#038;p=1232"},"modified":"2021-05-28T15:52:18","modified_gmt":"2021-05-28T13:52:18","slug":"pokini-tab-z10","status":"publish","type":"product","link":"https:\/\/www.highway-gmbh.de\/en\/produkte\/industrie-tablet-pcs\/pokini\/pokini-tab-z10\/","title":{"rendered":"Pokini Tab Z10"},"content":{"rendered":"<p><strong>Entry kann auch Rugged<\/strong><\/p>\n<p>Unser Pokini Tab Z10 verbindet Robustheit mit Plattformstabilit\u00e4t und das zu einem unschlagbaren Preis!<\/p>\n<p>Mit seinem IPS Multitouch-Display und einer WUXGA Aufl\u00f6sung von 1.920 x 1.200 Pixel bietet das Z10 eine exzelente Display-Aufl\u00f6sung und l\u00e4sst Ihre Anwendungen hervorragend darstellen.<\/p>\n<p>Ausgestattet ist das Z10 mit einem MediaTek MT6765 Octa-Core-Prozessor, 4 GB RAM Arbeitsspeicher, einem 64 GB eMMC Speicher sowie einem NFC Reader als auch einem 4G LTE Modul mit GPS.<\/p>\n<h3><a href=\"https:\/\/www.highway-gmbh.de\/wp-content\/uploads\/Pokini-Tab-Z10_Datenblatt_DE_V1-0_01-2021.pdf\">Datenblatt Pokini-Tab-Z10<\/a><\/h3>\n","protected":false},"excerpt":{"rendered":"<ul>\n<li>robustes 10,1\u2033 Rugged Tablet<\/li>\n<li>staub- und wasserdicht gem\u00e4\u00df IP67 Schutzart<\/li>\n<li>MIL-STD-810G, MIL-STD 461F<\/li>\n<li>inkl. 4G LTE, GPS, NFC und 13 MP Kamera<\/li>\n<li>bis zu 12,5 Stunden Akkulaufzeit!<\/li>\n<li>sturzsicher aus bis zu 1,2 m H\u00f6he<\/li>\n<li>-20 bis +55 \u00b0C Betriebstemperatur<\/li>\n<li>Dual Band WiFi (2,4 Ghz \/ 5 Ghz)<\/li>\n<li>inkl. PlayStore &amp; Google Mobile Services (GMS)<\/li>\n<li>1.920 x 1.200 Pixel WUXGA-Display<\/li>\n<li>Garantieerweiterung auf bis zu 5 Jahre m\u00f6glich!<\/li>\n<\/ul>\n","protected":false},"featured_media":1233,"template":"page-sidebar-left.php","meta":[],"product_brand":[],"product_cat":[39,73],"product_tag":[74],"class_list":{"0":"post-1232","1":"product","2":"type-product","3":"status-publish","4":"has-post-thumbnail","6":"product_cat-industrie-tablet-pcs","7":"product_cat-pokini","8":"product_tag-pokini-tablet","10":"first","11":"instock","12":"virtual","13":"product-type-simple"},"translation":{"provider":"WPGlobus","version":"3.0.2","language":"en","enabled_languages":["de","en"],"languages":{"de":{"title":true,"content":true,"excerpt":true},"en":{"title":false,"content":false,"excerpt":false}}},"_links":{"self":[{"href":"https:\/\/www.highway-gmbh.de\/en\/wp-json\/wp\/v2\/product\/1232","targetHints":{"allow":["GET"]}}],"collection":[{"href":"https:\/\/www.highway-gmbh.de\/en\/wp-json\/wp\/v2\/product"}],"about":[{"href":"https:\/\/www.highway-gmbh.de\/en\/wp-json\/wp\/v2\/types\/product"}],"wp:featuredmedia":[{"embeddable":true,"href":"https:\/\/www.highway-gmbh.de\/en\/wp-json\/wp\/v2\/media\/1233"}],"wp:attachment":[{"href":"https:\/\/www.highway-gmbh.de\/en\/wp-json\/wp\/v2\/media?parent=1232"}],"wp:term":[{"taxonomy":"product_brand","embeddable":true,"href":"https:\/\/www.highway-gmbh.de\/en\/wp-json\/wp\/v2\/product_brand?post=1232"},{"taxonomy":"product_cat","embeddable":true,"href":"https:\/\/www.highway-gmbh.de\/en\/wp-json\/wp\/v2\/product_cat?post=1232"},{"taxonomy":"product_tag","embeddable":true,"href":"https:\/\/www.highway-gmbh.de\/en\/wp-json\/wp\/v2\/product_tag?post=1232"}],"curies":[{"name":"wp","href":"https:\/\/api.w.org\/{rel}","templated":true}]}}