{"id":1218,"date":"2021-05-20T15:06:03","date_gmt":"2021-05-20T13:06:03","guid":{"rendered":"https:\/\/highwaygmbh.de\/highway\/?post_type=product&#038;p=1218"},"modified":"2023-04-17T14:15:34","modified_gmt":"2023-04-17T12:15:34","slug":"pokini-e11b","status":"publish","type":"product","link":"https:\/\/www.highway-gmbh.de\/en\/produkte\/industrie-tablet-pcs\/pokini\/pokini-e11b\/","title":{"rendered":"Pokini E11b"},"content":{"rendered":"<p>Das Pokini E11b verbindet die Rechenleistung eines Notebooks mit der Flexibilit\u00e4t eines Tablet-PCs und ist dabei noch besonders robust.<\/p>\n<p>Das 11,6\u2033 Semi Ruggedized Convertible mit IPS Multitouch-Display und Eingabestift ist wasserabweisend sowie staubdicht. Das magnesiumverst\u00e4rkte Geh\u00e4use sch\u00fctzt die Festplatte, das Display und andere empfindliche Komponenten gegen St\u00f6\u00dfe und Kratzer. Mit dem 360 Grad drehbaren Display l\u00e4sst sich das E11b sekundenschnell in ein Tablet verwandeln.<\/p>\n<p>Ausgestattet ist das Convertible mit einem Intel\u00ae Pentium\u00ae N5000 Prozessor und kann je nach Bedarf mit bis zu 8 GB RAM, bis zu 2 TB M.2 SSD sowie einem 4G LTE Modul erweitert werden.<\/p>\n<h3><a href=\"https:\/\/www.highway-gmbh.de\/wp-content\/uploads\/Pokini-E11b_Datenblatt_DE.pdf\">Datenblatt Pokini E11b<\/a><\/h3>\n","protected":false},"excerpt":{"rendered":"<ul>\n<li>elegantes 2-in-1 360\u00b0 Convertible Tablet<\/li>\n<li>brillantes Touch-Display mit Palm Rejection Feature<\/li>\n<li>IP52 (Schmutz und Spritzwasser gesch\u00fctzt)<\/li>\n<li>inkl. Tastatur mit Touchpad<\/li>\n<li>integrierter Tragegriff<\/li>\n<li>aktiver Stift und Stifteinschub<\/li>\n<li>l\u00fcfterlos und robust (MIL-STD 810G)<\/li>\n<li>sturzsicher aus bis zu 1 m Fallh\u00f6he!<\/li>\n<li>bis zu 9,5 Stunden Akkulaufzeit<\/li>\n<li>u.a. mit USB 3.2 Type-C\u2122, USB 3.2 Type-A\u2122, RJ45 und HDMI<\/li>\n<li>180\u00b0 rotierbare Kamera<\/li>\n<li>Handschuhbedienung m\u00f6glich<\/li>\n<\/ul>\n","protected":false},"featured_media":1219,"template":"page-sidebar-left.php","meta":[],"product_brand":[],"product_cat":[39,73],"product_tag":[74],"class_list":{"0":"post-1218","1":"product","2":"type-product","3":"status-publish","4":"has-post-thumbnail","6":"product_cat-industrie-tablet-pcs","7":"product_cat-pokini","8":"product_tag-pokini-tablet","10":"first","11":"instock","12":"virtual","13":"product-type-simple"},"translation":{"provider":"WPGlobus","version":"3.0.2","language":"en","enabled_languages":["de","en"],"languages":{"de":{"title":true,"content":true,"excerpt":true},"en":{"title":false,"content":false,"excerpt":false}}},"_links":{"self":[{"href":"https:\/\/www.highway-gmbh.de\/en\/wp-json\/wp\/v2\/product\/1218","targetHints":{"allow":["GET"]}}],"collection":[{"href":"https:\/\/www.highway-gmbh.de\/en\/wp-json\/wp\/v2\/product"}],"about":[{"href":"https:\/\/www.highway-gmbh.de\/en\/wp-json\/wp\/v2\/types\/product"}],"wp:featuredmedia":[{"embeddable":true,"href":"https:\/\/www.highway-gmbh.de\/en\/wp-json\/wp\/v2\/media\/1219"}],"wp:attachment":[{"href":"https:\/\/www.highway-gmbh.de\/en\/wp-json\/wp\/v2\/media?parent=1218"}],"wp:term":[{"taxonomy":"product_brand","embeddable":true,"href":"https:\/\/www.highway-gmbh.de\/en\/wp-json\/wp\/v2\/product_brand?post=1218"},{"taxonomy":"product_cat","embeddable":true,"href":"https:\/\/www.highway-gmbh.de\/en\/wp-json\/wp\/v2\/product_cat?post=1218"},{"taxonomy":"product_tag","embeddable":true,"href":"https:\/\/www.highway-gmbh.de\/en\/wp-json\/wp\/v2\/product_tag?post=1218"}],"curies":[{"name":"wp","href":"https:\/\/api.w.org\/{rel}","templated":true}]}}