{"id":1179,"date":"2021-05-19T10:29:15","date_gmt":"2021-05-19T08:29:15","guid":{"rendered":"https:\/\/highwaygmbh.de\/highway\/?post_type=product&#038;p=1179"},"modified":"2021-05-28T15:52:18","modified_gmt":"2021-05-28T13:52:18","slug":"zebra-ds8178-hc","status":"publish","type":"product","link":"https:\/\/www.highway-gmbh.de\/en\/produkte\/handscanner\/zebra-handscanner\/zebra-ds8178-hc\/","title":{"rendered":"Zebra DS8178-HC"},"content":{"rendered":"<h1 id=\"jt_sr_headline\">Zebra DS8178-HC<\/h1>\n<h2>Kabelloser 1D\/2D Area-Imager f\u00fcr den Gesundheitsbereich<\/h2>\n<p>Der DS8178-HC von Zebra ist ein extrem leistungsstarker 1D\/2D Area-Imager mit 800-MHz-Mikroprozessor. In Verbindung mit dem hochaufl\u00f6senden Megapixel-Sensor (Aufl\u00f6sung 960 x 1280) und der exklusiven PRZM-Technologie sorgt das Ger\u00e4t f\u00fcr sichere Scanergebnisse. Das kabellose Ger\u00e4t erfasst auch problematische Barcodes und die interne Diagnose der Scanleistung sorgt daf\u00fcr, dass sich beim Scannen keine Fehler einschleichen.<\/p>\n<p>Dank des propriet\u00e4ren Wi-Fi Friendly-Modus von Zebra vermeidet das Ger\u00e4t Bluetooth-Interferenzen. Diese exklusive Zebra-Funktion sorgt daf\u00fcr, dass der DS8178- HC nur Kan\u00e4le verwendet, die das WLAN nicht nutzt. Auch der Akku sorgt f\u00fcr eine sichere Bedienung. Die gut sichtbare Ladenanzeige zeigt auf einen Blick, ob ein Akkuwechsel vor einer Schicht notwendig ist. Zudem bietet Zebra zwei verschiedene M\u00f6glichkeiten der Stromversorgung an: eine PowerPrecision+-Batterie oder einen PowerCap-Kondensator.<\/p>\n<p>Besonders im Gesundheitssektor ist die Zertifizierung gem\u00e4\u00df FIPS 140-2 wichtig. Sie stellt sicher, dass der DS8178 HC die Patientendaten besonders effektiv sch\u00fctzt. Weiterhin bietet der Area-Imager ein spezielles Geh\u00e4use mit besonderem Kunststoff und verdeckten Schraubenl\u00f6chern, das der Verbreitung von Bakterien vorbeugt und sich effektiv reinigen l\u00e4sst.<\/p>\n<h3><a href=\"https:\/\/www.highway-gmbh.de\/wp-content\/uploads\/Datenblatt-DS8178-HC.pdf\">Datenblatt DS8178-HC<\/a><\/h3>\n<p><!--more--><\/p>\n","protected":false},"excerpt":{"rendered":"<ul>\n<li>Mobiler 2D-Barcodescanner f\u00fcr Apotheke, Labor und Krankenhaus<\/li>\n<li>Spezielle Beschichtung beugt der Verbreitung von Bakterien vor<\/li>\n<li>Patientendaten sicher: Zertifiziert gem\u00e4\u00df FIPS 140-2<\/li>\n<li>Megapixel-Sensor mit exklusiver PRZM-Technologie<\/li>\n<li>Akkutausch leicht gemacht: PowerPrecision+-Batterie oder PowerCap-Kondensator<\/li>\n<\/ul>\n","protected":false},"featured_media":1181,"template":"page-sidebar-left.php","meta":[],"product_brand":[],"product_cat":[18,43],"product_tag":[66,65],"class_list":{"0":"post-1179","1":"product","2":"type-product","3":"status-publish","4":"has-post-thumbnail","6":"product_cat-handscanner","7":"product_cat-zebra-handscanner","8":"product_tag-dpm","9":"product_tag-ds3678","11":"first","12":"instock","13":"virtual","14":"product-type-simple"},"translation":{"provider":"WPGlobus","version":"3.0.2","language":"en","enabled_languages":["de","en"],"languages":{"de":{"title":true,"content":true,"excerpt":true},"en":{"title":false,"content":false,"excerpt":false}}},"_links":{"self":[{"href":"https:\/\/www.highway-gmbh.de\/en\/wp-json\/wp\/v2\/product\/1179","targetHints":{"allow":["GET"]}}],"collection":[{"href":"https:\/\/www.highway-gmbh.de\/en\/wp-json\/wp\/v2\/product"}],"about":[{"href":"https:\/\/www.highway-gmbh.de\/en\/wp-json\/wp\/v2\/types\/product"}],"wp:featuredmedia":[{"embeddable":true,"href":"https:\/\/www.highway-gmbh.de\/en\/wp-json\/wp\/v2\/media\/1181"}],"wp:attachment":[{"href":"https:\/\/www.highway-gmbh.de\/en\/wp-json\/wp\/v2\/media?parent=1179"}],"wp:term":[{"taxonomy":"product_brand","embeddable":true,"href":"https:\/\/www.highway-gmbh.de\/en\/wp-json\/wp\/v2\/product_brand?post=1179"},{"taxonomy":"product_cat","embeddable":true,"href":"https:\/\/www.highway-gmbh.de\/en\/wp-json\/wp\/v2\/product_cat?post=1179"},{"taxonomy":"product_tag","embeddable":true,"href":"https:\/\/www.highway-gmbh.de\/en\/wp-json\/wp\/v2\/product_tag?post=1179"}],"curies":[{"name":"wp","href":"https:\/\/api.w.org\/{rel}","templated":true}]}}