{"id":1169,"date":"2021-05-19T10:07:29","date_gmt":"2021-05-19T08:07:29","guid":{"rendered":"https:\/\/highwaygmbh.de\/highway\/?post_type=product&#038;p=1169"},"modified":"2021-05-28T15:52:19","modified_gmt":"2021-05-28T13:52:19","slug":"zebra-ds8108","status":"publish","type":"product","link":"https:\/\/www.highway-gmbh.de\/en\/produkte\/handscanner\/zebra-handscanner\/zebra-ds8108\/","title":{"rendered":"Zebra DS8108"},"content":{"rendered":"<h1 id=\"jt_sr_headline\">Zebra DS8108<\/h1>\n<h2 id=\"jt_sr_subline\">Barcodescanner f\u00fcr sichtbare und unsichtbare Barcodes<\/h2>\n<p>Mit dem DS8108 bietet Zebra Ihnen einen extrem leistungsstarken 1D\/2D Area-Imager mit 800-MHz-Mikroprozessor. Der Hochleistungsscanner liest dank dem integrierten hochaufl\u00f6senden Sensor und Zebras \u00bbPRZM-Technologie\u00ab auch verschmutzte, ausgebleichte und problematische Barcodes in schlechter Qualit\u00e4t aus bis zu 61 cm Entfernung in Sekundenschnelle \u2013 auch vom Display eines Smartphones. Kundenkarten, Aktionscodes, Gutscheine und vieles mehr erfasst er f\u00fcr einfache Verrechnung somit direkt vom Kunden-Smartphone \u2013 optimal f\u00fcr den Einsatz am und rund um den Kassentresen sowie in der Logistik.<\/p>\n<p>Neben allen klassischen 1D- und 2D-Barcodes unterst\u00fctzt der DS8108 auch Barcodes der Wasserzeichen-Technologie Digimarc. Diese Barcodes sind f\u00fcr das menschliche Auge unsichtbar und werden vollfl\u00e4chig auf der Produktverpackung verteilt \u2013 ein Drehen und Wenden des Artikels ist nicht mehr n\u00f6tig, der DS8108 kann den Barcode aus jeder Richtung lesen. Dank Zebras kostenloser Remote-Software \u00bbSMS\u00ab (Scanner Management Service) verwalten und konfigurieren Sie den DS8108 und viele weitere Modelle weltweit einfach vom PC, Smartphone oder Tablet<\/p>\n<h3><a href=\"https:\/\/www.highway-gmbh.de\/wp-content\/uploads\/Datenblatt-DS8108.pdf\">Datenblatt DS8108<\/a><\/h3>\n","protected":false},"excerpt":{"rendered":"<ul>\n<li>Hochleistungs-Area-Imager f\u00fcr 1D-\/2D-Barcodes im Einzelhandel<\/li>\n<li>Liest auch unsichtbare Digimarc-Barcodes in Sekundenschnelle<\/li>\n<li>Erfasst dank hochaufl\u00f6sender Kamera auch ganze DIN-A4-Seiten<\/li>\n<li>\u00dcber 90 internationale Tastaturlayouts vorinstalliert<\/li>\n<li>Unterst\u00fctzt einfache Remoteverwaltung<\/li>\n<\/ul>\n","protected":false},"featured_media":1171,"template":"page-sidebar-left.php","meta":[],"product_brand":[],"product_cat":[18,43],"product_tag":[66,65],"class_list":{"0":"post-1169","1":"product","2":"type-product","3":"status-publish","4":"has-post-thumbnail","6":"product_cat-handscanner","7":"product_cat-zebra-handscanner","8":"product_tag-dpm","9":"product_tag-ds3678","11":"first","12":"instock","13":"virtual","14":"product-type-simple"},"translation":{"provider":"WPGlobus","version":"3.0.2","language":"en","enabled_languages":["de","en"],"languages":{"de":{"title":true,"content":true,"excerpt":true},"en":{"title":false,"content":false,"excerpt":false}}},"_links":{"self":[{"href":"https:\/\/www.highway-gmbh.de\/en\/wp-json\/wp\/v2\/product\/1169","targetHints":{"allow":["GET"]}}],"collection":[{"href":"https:\/\/www.highway-gmbh.de\/en\/wp-json\/wp\/v2\/product"}],"about":[{"href":"https:\/\/www.highway-gmbh.de\/en\/wp-json\/wp\/v2\/types\/product"}],"wp:featuredmedia":[{"embeddable":true,"href":"https:\/\/www.highway-gmbh.de\/en\/wp-json\/wp\/v2\/media\/1171"}],"wp:attachment":[{"href":"https:\/\/www.highway-gmbh.de\/en\/wp-json\/wp\/v2\/media?parent=1169"}],"wp:term":[{"taxonomy":"product_brand","embeddable":true,"href":"https:\/\/www.highway-gmbh.de\/en\/wp-json\/wp\/v2\/product_brand?post=1169"},{"taxonomy":"product_cat","embeddable":true,"href":"https:\/\/www.highway-gmbh.de\/en\/wp-json\/wp\/v2\/product_cat?post=1169"},{"taxonomy":"product_tag","embeddable":true,"href":"https:\/\/www.highway-gmbh.de\/en\/wp-json\/wp\/v2\/product_tag?post=1169"}],"curies":[{"name":"wp","href":"https:\/\/api.w.org\/{rel}","templated":true}]}}