{"id":1167,"date":"2021-05-19T09:48:21","date_gmt":"2021-05-19T07:48:21","guid":{"rendered":"https:\/\/highwaygmbh.de\/highway\/?post_type=product&#038;p=1167"},"modified":"2021-05-28T15:52:19","modified_gmt":"2021-05-28T13:52:19","slug":"zebra-ds4608-hc","status":"publish","type":"product","link":"https:\/\/www.highway-gmbh.de\/en\/produkte\/handscanner\/zebra-handscanner\/zebra-ds4608-hc\/","title":{"rendered":"Zebra DS4608-HC"},"content":{"rendered":"<h1 id=\"jt_sr_headline\">Zebra DS4608-HC<\/h1>\n<h2 id=\"jt_sr_subline\">Vielseitig einsetzbarer Barcodescanner f\u00fcr s\u00e4mtliche Healthcare-Bereiche<\/h2>\n<p>Der Zebra DS4608-HC ist ein zuverl\u00e4ssiger Barcodescanner f\u00fcr Krankenh\u00e4user, Pflegeeinrichtungen, Labore oder Apotheken \u2013 dank seiner augenschonenden LED-Beleuchtung eignet er sich sogar f\u00fcr die Intensivstation. Das desinfektionsmittelbest\u00e4ndige Geh\u00e4use und die IP52-Zertifizierung sch\u00fctzen den Scanner vor Staubablagerungen, Tropfwasser und Bakterien. Zudem ist der Scanner sturzsicher aus bis zu 1,8 Metern H\u00f6he und wird durch das vertiefte Scanfenster zus\u00e4tzlich vor Schmutz und Kratzer gesch\u00fctzt.<\/p>\n<p>Der DS4608-HC erfasst alle g\u00e4ngigen 1D- und 2D-Barcodes, die im Healthcare-Bereich vorkommen. Egal auf welchem Untergrund, ob gedruckt oder digital, mit hoher Dichte oder wenig Kontrast, selbst sehr kleine und gebogene Barcodes auf Medikamentenfl\u00e4schchen, Infusionsbeuteln und Spritzen \u2013 der DS4608-HC erfasst stets zuverl\u00e4ssig und schnell. Damit bleibt den Anwendern mehr Zeit f\u00fcr die wirklich wichtigen Angelegenheiten \u2013 dem Patientenwohl.<\/p>\n<p>\u00dcberzeugen tut der DS4608-HC auch mit einem 800-MHz-Mikroprozessor und einem hochaufl\u00f6senden Megapixel-Sensor. Zusammen mit der PRZM Intelligent Imaging-Technologie von Zebra werden sogar schwer lesbare oder schwer erreichbare Barcodes sicher erfasst. Mit der Multi-Code-Datenformatierung lassen sich mehrere Barcodes mit nur einem Scan erfassen und in einer gew\u00fcnschten Reihenfolge \u00fcbertragen. Die Schnittstellen umfassen USB, RS-232 und RS-485. Die automatische Hosterkennung w\u00e4hlt beim Anschlie\u00dfen des Scanners automatisch die richtige Schnittstelle aus.<\/p>\n<p>Der DS4608-HC bietet f\u00fcr jede Umgebung und Situation den passenden Feedback-Modus: Dekodier-LED, einstellbarer Signalton, Beleuchtung auf dem Barcode und Vibration. Ein einstellbarer Nachtmodus sorgt f\u00fcr eine eindeutige Lesebest\u00e4tigung, w\u00e4hrend Patienten so wenig wie m\u00f6glich gest\u00f6rt werden. Besonders praktisch ist auch der schnelle Wechsel zwischen Handheld- und Pr\u00e4sentationsmodus. F\u00fcr den Pr\u00e4sentationsmodus wird der Scanner einfach in den Pr\u00e4sentationsst\u00e4nder gestellt \u2013 das ist sehr praktisch f\u00fcr die Arbeit in Apotheken. Der Handheldmodus aktiviert sich automatisch, sobald der Scanner in die Hand genommen wird.<\/p>\n<p>Die Serviceangebote der DataCapture DNA unterst\u00fctzten den DS4608-HC mit einer Reihe einzigartiger Tools f\u00fcr Entwicklung, Verwaltung, Transparenz und Produktivit\u00e4t. Unter anderem lassen sich mit dem Tool 123Scan ganz einfach Konfigurations-Barcodes erstellen, um Scanner zu programmieren, Firmware zu aktualisieren und mehrere Ger\u00e4te gleichzeitig bereitzustellen.<\/p>\n<h3><a href=\"https:\/\/www.highway-gmbh.de\/wp-content\/uploads\/Datenblatt-DS4608-HC.pdf\">Datenblatt DS4608-HC<\/a><\/h3>\n","protected":false},"excerpt":{"rendered":"<ul>\n<li>Zuverl\u00e4ssiger Scanner f\u00fcr das Gesundheitswesen<\/li>\n<li>Desinfektionsmittelbest\u00e4ndiges Geh\u00e4use und IP52-Zertifizierung<\/li>\n<li>Schneller Wechsel zwischen Handheld- und Pr\u00e4sentationsmodus<\/li>\n<li>Verschiedene Lesebest\u00e4tigungen: visuell, akustisch und Vibration<\/li>\n<li>DataCapture DNA f\u00fcr mehr Transparenz und eine gesteigerte Produktivit\u00e4t<\/li>\n<\/ul>\n","protected":false},"featured_media":1166,"template":"page-sidebar-left.php","meta":[],"product_brand":[],"product_cat":[18,43],"product_tag":[66,65],"class_list":{"0":"post-1167","1":"product","2":"type-product","3":"status-publish","4":"has-post-thumbnail","6":"product_cat-handscanner","7":"product_cat-zebra-handscanner","8":"product_tag-dpm","9":"product_tag-ds3678","11":"first","12":"instock","13":"virtual","14":"product-type-simple"},"translation":{"provider":"WPGlobus","version":"3.0.2","language":"en","enabled_languages":["de","en"],"languages":{"de":{"title":true,"content":true,"excerpt":true},"en":{"title":false,"content":false,"excerpt":false}}},"_links":{"self":[{"href":"https:\/\/www.highway-gmbh.de\/en\/wp-json\/wp\/v2\/product\/1167","targetHints":{"allow":["GET"]}}],"collection":[{"href":"https:\/\/www.highway-gmbh.de\/en\/wp-json\/wp\/v2\/product"}],"about":[{"href":"https:\/\/www.highway-gmbh.de\/en\/wp-json\/wp\/v2\/types\/product"}],"wp:featuredmedia":[{"embeddable":true,"href":"https:\/\/www.highway-gmbh.de\/en\/wp-json\/wp\/v2\/media\/1166"}],"wp:attachment":[{"href":"https:\/\/www.highway-gmbh.de\/en\/wp-json\/wp\/v2\/media?parent=1167"}],"wp:term":[{"taxonomy":"product_brand","embeddable":true,"href":"https:\/\/www.highway-gmbh.de\/en\/wp-json\/wp\/v2\/product_brand?post=1167"},{"taxonomy":"product_cat","embeddable":true,"href":"https:\/\/www.highway-gmbh.de\/en\/wp-json\/wp\/v2\/product_cat?post=1167"},{"taxonomy":"product_tag","embeddable":true,"href":"https:\/\/www.highway-gmbh.de\/en\/wp-json\/wp\/v2\/product_tag?post=1167"}],"curies":[{"name":"wp","href":"https:\/\/api.w.org\/{rel}","templated":true}]}}