{"id":1164,"date":"2021-05-19T09:44:10","date_gmt":"2021-05-19T07:44:10","guid":{"rendered":"https:\/\/highwaygmbh.de\/highway\/?post_type=product&#038;p=1164"},"modified":"2021-05-28T15:52:19","modified_gmt":"2021-05-28T13:52:19","slug":"zebra-ds4608","status":"publish","type":"product","link":"https:\/\/www.highway-gmbh.de\/en\/produkte\/handscanner\/zebra-handscanner\/zebra-ds4608\/","title":{"rendered":"Zebra DS4608"},"content":{"rendered":"<h1 id=\"jt_sr_headline\">Zebra DS4608<\/h1>\n<h2 id=\"jt_sr_subline\">Facettenreicher Barcodescanner f\u00fcr nahezu jede Scananforderung<\/h2>\n<p>Der Zebra DS4608 ist ein \u00e4u\u00dferst facettenreicher Barcodescanner und ideal f\u00fcr vielseitige Arbeitspl\u00e4tze wie sie im Einzelhandel, dem Gastgewerbe sowie der Elektronik- und Leichtindustrie (DPM) zu finden sind. F\u00fcr die anspruchsvollen Arbeiten ist der Scanner auch sehr robust konzipiert: Er hat eine IP52-Zertifizierung und ist sturzsicher aus bis zu 1,8 Metern H\u00f6he. Das vertiefte Scanfenster reduziert zudem Verschmutzungen und Kratzer.<\/p>\n<p>Der DS4608 erfasst 1D- und 2D- sowie DPM-Barcodes (DS4608-DPE) zuverl\u00e4ssig und schnell auf praktisch jedem Untergrund und in nahezu jedem Zustand \u2013 gedruckt oder vom Display, mit hoher Dichte oder geringem Kontrast. Der DS4608-HD liest zudem auch sehr dichte, also sehr kleine Barcodes wie zum Beispiel auf Schmucketiketten problemlos. Mit dem DS4608-DPE werden besonders breite Barcodes bis zu einer Breite von bis zu 4&#8243; erfasst. Der DS4608-SR wiederum scannt auch ganzseitige Dokumente und Barcodes in einer Entfernung von bis zu 46 cm. Dadurch ist es beispielsweise Anwendern im Einzelhandel m\u00f6glich, Artikel in einem Einkaufswagen zu erreichen, ohne den Kassenbereich zu verlassen.<\/p>\n<p>Ausgestattet ist der Barcodescanner mit einem 800-MHz-Mikroprozessor und einem hochaufl\u00f6senden Megapixel-Sensor. Zusammen mit der PRZM Intelligent Imaging-Technologie von Zebra werden sogar schwer lesbare oder schwer erreichbare Barcodes zuverl\u00e4ssig erfasst. Die Multi-Code-Datenformatierung sorgt daf\u00fcr, dass nach Bedarf mehrere Barcodes mit nur einem Scan erfasst und in der gew\u00fcnschten Reihenfolge \u00fcbertragen werden. Eine praktische und eindeutige Dreifach-Lesebest\u00e4tigung erfolgt direkt nach einem erfolgreichen Scanvorgang: Dekodierungs-LED, einstellbarer Signalton und eine direkte Dekodierungsanzeige mit Beleuchtung auf dem Barcode. Besonders praktisch ist auch die automatische Hosterkennung, die beim Anschlie\u00dfen automatisch die richtige Schnittstelle \u2013 USB, RS-232 oder RS-485 \u2013 ausw\u00e4hlt.<\/p>\n<p>Ein weiterer Vorteil des DS4608 ist der schnelle Wechsel zwischen Handheld- und Pr\u00e4sentationsmodus. F\u00fcr den Pr\u00e4sentationsmodus wird der Barcodescanner einfach in den Pr\u00e4sentationsst\u00e4nder gestellt. Der Handheldmodus aktiviert sich automatisch, sobald der Scanner in die Hand genommen wird.<\/p>\n<p>Unterst\u00fctzung f\u00fcr den DS4608 bieten die Serviceangebote der DataCapture DNA mit einer Reihe einzigartiger Tools f\u00fcr Entwicklung, Verwaltung, Transparenz und Produktivit\u00e4t.<\/p>\n<h3><a href=\"https:\/\/www.highway-gmbh.de\/wp-content\/uploads\/Datenblatt-DS4608.pdf\">Datenblatt DS4608<\/a><\/h3>\n","protected":false},"excerpt":{"rendered":"<ul>\n<li>Vielseitig einsetzbarer Scanner f\u00fcr 1D\/2D-Barcodes und DPM (DS4608-DPE)<\/li>\n<li>Schneller Wechsel zwischen Handheld- und Pr\u00e4sentationsmodus<\/li>\n<li>800-MHz-Mikroprozessor und hochaufl\u00f6sender Megapixel-Sensor<\/li>\n<li>Schnittstellen: USB, RS-232 und RS-485<\/li>\n<li>DataCapture DNA f\u00fcr mehr Transparenz und eine gesteigerte Produktivit\u00e4t<\/li>\n<\/ul>\n","protected":false},"featured_media":1166,"template":"page-sidebar-left.php","meta":[],"product_brand":[],"product_cat":[18,43],"product_tag":[66,65],"class_list":{"0":"post-1164","1":"product","2":"type-product","3":"status-publish","4":"has-post-thumbnail","6":"product_cat-handscanner","7":"product_cat-zebra-handscanner","8":"product_tag-dpm","9":"product_tag-ds3678","11":"first","12":"instock","13":"virtual","14":"product-type-simple"},"translation":{"provider":"WPGlobus","version":"3.0.2","language":"en","enabled_languages":["de","en"],"languages":{"de":{"title":true,"content":true,"excerpt":true},"en":{"title":false,"content":false,"excerpt":false}}},"_links":{"self":[{"href":"https:\/\/www.highway-gmbh.de\/en\/wp-json\/wp\/v2\/product\/1164","targetHints":{"allow":["GET"]}}],"collection":[{"href":"https:\/\/www.highway-gmbh.de\/en\/wp-json\/wp\/v2\/product"}],"about":[{"href":"https:\/\/www.highway-gmbh.de\/en\/wp-json\/wp\/v2\/types\/product"}],"wp:featuredmedia":[{"embeddable":true,"href":"https:\/\/www.highway-gmbh.de\/en\/wp-json\/wp\/v2\/media\/1166"}],"wp:attachment":[{"href":"https:\/\/www.highway-gmbh.de\/en\/wp-json\/wp\/v2\/media?parent=1164"}],"wp:term":[{"taxonomy":"product_brand","embeddable":true,"href":"https:\/\/www.highway-gmbh.de\/en\/wp-json\/wp\/v2\/product_brand?post=1164"},{"taxonomy":"product_cat","embeddable":true,"href":"https:\/\/www.highway-gmbh.de\/en\/wp-json\/wp\/v2\/product_cat?post=1164"},{"taxonomy":"product_tag","embeddable":true,"href":"https:\/\/www.highway-gmbh.de\/en\/wp-json\/wp\/v2\/product_tag?post=1164"}],"curies":[{"name":"wp","href":"https:\/\/api.w.org\/{rel}","templated":true}]}}