{"id":1161,"date":"2021-05-19T09:37:59","date_gmt":"2021-05-19T07:37:59","guid":{"rendered":"https:\/\/highwaygmbh.de\/highway\/?post_type=product&#038;p=1161"},"modified":"2021-05-28T15:52:19","modified_gmt":"2021-05-28T13:52:19","slug":"zebra-ds4308","status":"publish","type":"product","link":"https:\/\/www.highway-gmbh.de\/en\/produkte\/handscanner\/zebra-handscanner\/zebra-ds4308\/","title":{"rendered":"Zebra DS4308"},"content":{"rendered":"<h1 id=\"jt_sr_headline\">Zebra DS4308<\/h1>\n<h2 id=\"jt_sr_subline\">2D Barcode-Imager der n\u00e4chsten Generation<\/h2>\n<p>Der Zebra DS4308 Area Imager bringt Nutzern ein echtes Plus an Geschwindigkeit. Dank der PRZM Intelligent Imaging-Technologie sorgt er f\u00fcr hervorragende Scan-Geschwindigkeit am Kassenplatz, im Event-Bereich und in der Leichtindustrie. Jedes Modell arbeitet dabei f\u00fcr zwei: Die Standard-Version scannt auch aus gr\u00f6\u00dferer Entfernung (bis zu 71,1 cm f\u00fcr Standard UPC Barcodes); die High-Density-Variante erfasst nicht nur kleine Barcodes, sondern auch normal gro\u00dfe (bis zu 41,9 cm f\u00fcr Standard UPC Barcodes).<\/p>\n<p>Scannen Sie mit dem DS4308 1D- und 2D-Barcodes omnidirektional und erfassen Sie zudem Bilder und Unterschriften. Dabei spielt es keine Rolle, ob die Codes auf Etiketten gedruckt oder digital auf Smartphones\/Displays vorliegen. Der Megapixel-Sensor sorgt f\u00fcr jederzeit hohe Bildqualit\u00e4t. Der helle Zielpunkt erleichtert das Zielen auch auf gr\u00f6\u00dfere Entfernung. Durch das gewohnt robuste und trotzdem leichte Geh\u00e4use \u00fcbersteht der DS4308 selbst versehentliche St\u00fcrze aus 1,80 m H\u00f6he. Das sichert die Investition langfristig und minimiert Ausfallzeiten. F\u00fcr Anwendungen, bei denen Nutzer beide H\u00e4nde ben\u00f6tigen, steht optional ein neigbarer Standfu\u00df zur Verf\u00fcgung, mit dem der Scanner Barcodes automatisch erkennt.<\/p>\n<h3><a href=\"https:\/\/www.highway-gmbh.de\/wp-content\/uploads\/Datenblatt-DS4308.pdf\">Datenblatt DS4308<\/a><\/h3>\n","protected":false},"excerpt":{"rendered":"<ul>\n<li>Robuster Area Imager f\u00fcr 1D- und 2D-Barcodes<\/li>\n<li>Extrem schnell dank PRZM Intelligent Imaging-Technologie<\/li>\n<li>Plug &amp; Play dank Kabel-Erkennung<\/li>\n<li>Als Standard- und HD-Modell (f\u00fcr besonders kleine Barcodes)<\/li>\n<li>Verstellbarer Standfu\u00df f\u00fcr Pr\u00e4sentationsmodus (Option)<\/li>\n<\/ul>\n","protected":false},"featured_media":1163,"template":"page-sidebar-left.php","meta":[],"product_brand":[],"product_cat":[18,43],"product_tag":[66,65],"class_list":{"0":"post-1161","1":"product","2":"type-product","3":"status-publish","4":"has-post-thumbnail","6":"product_cat-handscanner","7":"product_cat-zebra-handscanner","8":"product_tag-dpm","9":"product_tag-ds3678","11":"first","12":"instock","13":"virtual","14":"product-type-simple"},"translation":{"provider":"WPGlobus","version":"3.0.2","language":"en","enabled_languages":["de","en"],"languages":{"de":{"title":true,"content":true,"excerpt":true},"en":{"title":false,"content":false,"excerpt":false}}},"_links":{"self":[{"href":"https:\/\/www.highway-gmbh.de\/en\/wp-json\/wp\/v2\/product\/1161","targetHints":{"allow":["GET"]}}],"collection":[{"href":"https:\/\/www.highway-gmbh.de\/en\/wp-json\/wp\/v2\/product"}],"about":[{"href":"https:\/\/www.highway-gmbh.de\/en\/wp-json\/wp\/v2\/types\/product"}],"wp:featuredmedia":[{"embeddable":true,"href":"https:\/\/www.highway-gmbh.de\/en\/wp-json\/wp\/v2\/media\/1163"}],"wp:attachment":[{"href":"https:\/\/www.highway-gmbh.de\/en\/wp-json\/wp\/v2\/media?parent=1161"}],"wp:term":[{"taxonomy":"product_brand","embeddable":true,"href":"https:\/\/www.highway-gmbh.de\/en\/wp-json\/wp\/v2\/product_brand?post=1161"},{"taxonomy":"product_cat","embeddable":true,"href":"https:\/\/www.highway-gmbh.de\/en\/wp-json\/wp\/v2\/product_cat?post=1161"},{"taxonomy":"product_tag","embeddable":true,"href":"https:\/\/www.highway-gmbh.de\/en\/wp-json\/wp\/v2\/product_tag?post=1161"}],"curies":[{"name":"wp","href":"https:\/\/api.w.org\/{rel}","templated":true}]}}