{"id":1149,"date":"2021-05-19T09:09:35","date_gmt":"2021-05-19T07:09:35","guid":{"rendered":"https:\/\/highwaygmbh.de\/highway\/?post_type=product&#038;p=1149"},"modified":"2021-05-28T15:52:19","modified_gmt":"2021-05-28T13:52:19","slug":"zebra-ds2208-hc","status":"publish","type":"product","link":"https:\/\/www.highway-gmbh.de\/en\/produkte\/handscanner\/zebra-handscanner\/zebra-ds2208-hc\/","title":{"rendered":"Zebra DS2208-HC"},"content":{"rendered":"<h1 id=\"jt_sr_headline\">Zebra DS2208-HC<\/h1>\n<h2 id=\"jt_sr_subline\">Ergonomischer 2D-Healthcare-Scanner<\/h2>\n<p>Der Zebra DS2208-HC ist ein ergonomischer 2D-Scanner f\u00fcr s\u00e4mtliche Healthcare-Bereiche. Von Patientenarmb\u00e4ndern und Medikamentenfl\u00e4schchen bis hin zu Infusionsbeuteln und Probeschalen \u2013 der Scanner erfasst dank PRZM-Technologie 1D- und 2D-Barcodes zu jeder Zeit ohne Fehler und zur Zufriedenheit des Anwenders.<\/p>\n<p>Damit auch an arbeitsintensiven Tagen stets Verlass auf den Scanner ist, hat Zebra ihn bewusst robust konzipiert. Er \u00fcbersteht mehrfache St\u00fcrze aus bis zu 1,5 Metern H\u00f6he und ist gem\u00e4\u00df seiner IP52-Zertifizierung gegen Staubablagerungen und schr\u00e4g fallendes Tropfwasser gesch\u00fctzt. Zudem ist das tief eingelassene Scan-Fenster kratzsicher und das Geh\u00e4use \u00fcbersteht die regelm\u00e4\u00dfige Reinigung mit g\u00e4ngigen Desinfektionsmitteln problemlos.<\/p>\n<p>Die gute Leistung und hohe Einsatzbereitschaft des DS2208-HC wird durch zahlreiche Schnittstellen gew\u00e4hrleistet: USB, RS-232, Keyboard Wedge und RS-485. Einen gro\u00dfen Vorteil bietet dabei die automatische Kabelerkennung, welche automatisch die richtige Schnittstelle ausw\u00e4hlt.<\/p>\n<p>Der DS2208-HC erlaubt den schnellen Wechsel zwischen Pr\u00e4sentations- und Handheldmodus. F\u00fcr den Pr\u00e4sentationsmodus wird der Scanner einfach in den Pr\u00e4sentationsstandfu\u00df gestellt. Sobald er in die Hand genommen wird, wechselt er automatisch in den Handheldmodus. Zudem zeigt eine innovative Ziellinie w\u00e4hrend des Scanvorgangs die ideale Entfernung vom Scanner zum Barcode optisch an. Erfolgreiche Scans werden \u00fcber einen Signalton und eine LED-Leuchte kenntlich gemacht. F\u00fcr ger\u00e4uschempfindliche Umgebungen verf\u00fcgt der Scanner \u00fcber einen \u00bbNicht-st\u00f6ren\u00ab-Modus. In diesem Modus wird eine Beleuchtung auf den zu erfassenden Barcode projiziert, womit Anwender den ordnungsgem\u00e4\u00dfen Scan ger\u00e4uschlos erkennen.<\/p>\n<p>Unterst\u00fctzt wird der DS2208-HC von den Serviceangeboten Zebra OneCare und DataCapture DNA \u2013 f\u00fcr einen sehr guten Support und eine einfache Handhabung. Zebras DataCapture DNA basiert auf einer Reihe einzigartiger Tools, die dem Anwender erlauben, die Gesamtbetriebskosten zu senken und an einem Tag mehr Aufgaben zu erledigen als bisher.<\/p>\n<h3><a href=\"https:\/\/www.highway-gmbh.de\/wp-content\/uploads\/Datenblatt-DS2208-HC.pdf\">Datenblatt DS2208-HC<\/a><\/h3>\n","protected":false},"excerpt":{"rendered":"<ul>\n<li>Healthcare-Scanner f\u00fcr das Erfassen von 1D- und 2D-Barcodes<\/li>\n<li>IP52 zertifiziert, sturzsicher aus 1,5 Metern<\/li>\n<li>Desinfektionsmittelbest\u00e4ndiges Geh\u00e4use<\/li>\n<li>Schnittstellen: USB, RS-232, Keyboard Wedge und RS-485<\/li>\n<li>Guter Support und einfache Handhabung durch Zebras DataCapture DNA<\/li>\n<\/ul>\n","protected":false},"featured_media":1151,"template":"page-sidebar-left.php","meta":[],"product_brand":[],"product_cat":[18,43],"product_tag":[66,65],"class_list":{"0":"post-1149","1":"product","2":"type-product","3":"status-publish","4":"has-post-thumbnail","6":"product_cat-handscanner","7":"product_cat-zebra-handscanner","8":"product_tag-dpm","9":"product_tag-ds3678","11":"first","12":"instock","13":"virtual","14":"product-type-simple"},"translation":{"provider":"WPGlobus","version":"3.0.2","language":"en","enabled_languages":["de","en"],"languages":{"de":{"title":true,"content":true,"excerpt":true},"en":{"title":false,"content":false,"excerpt":false}}},"_links":{"self":[{"href":"https:\/\/www.highway-gmbh.de\/en\/wp-json\/wp\/v2\/product\/1149","targetHints":{"allow":["GET"]}}],"collection":[{"href":"https:\/\/www.highway-gmbh.de\/en\/wp-json\/wp\/v2\/product"}],"about":[{"href":"https:\/\/www.highway-gmbh.de\/en\/wp-json\/wp\/v2\/types\/product"}],"wp:featuredmedia":[{"embeddable":true,"href":"https:\/\/www.highway-gmbh.de\/en\/wp-json\/wp\/v2\/media\/1151"}],"wp:attachment":[{"href":"https:\/\/www.highway-gmbh.de\/en\/wp-json\/wp\/v2\/media?parent=1149"}],"wp:term":[{"taxonomy":"product_brand","embeddable":true,"href":"https:\/\/www.highway-gmbh.de\/en\/wp-json\/wp\/v2\/product_brand?post=1149"},{"taxonomy":"product_cat","embeddable":true,"href":"https:\/\/www.highway-gmbh.de\/en\/wp-json\/wp\/v2\/product_cat?post=1149"},{"taxonomy":"product_tag","embeddable":true,"href":"https:\/\/www.highway-gmbh.de\/en\/wp-json\/wp\/v2\/product_tag?post=1149"}],"curies":[{"name":"wp","href":"https:\/\/api.w.org\/{rel}","templated":true}]}}