{"id":1145,"date":"2021-05-19T09:04:27","date_gmt":"2021-05-19T07:04:27","guid":{"rendered":"https:\/\/highwaygmbh.de\/highway\/?post_type=product&#038;p=1145"},"modified":"2021-05-28T15:52:19","modified_gmt":"2021-05-28T13:52:19","slug":"zebra-ds2208","status":"publish","type":"product","link":"https:\/\/www.highway-gmbh.de\/en\/produkte\/handscanner\/zebra-handscanner\/zebra-ds2208\/","title":{"rendered":"Zebra DS2208"},"content":{"rendered":"<h1 id=\"jt_sr_headline\">Zebra DS2208<\/h1>\n<h2 id=\"jt_sr_subline\">1D-\/2D-Barcodescanner f\u00fcr kleine Budgets<\/h2>\n<p>Der preiswerte Allzweck-Barcodescanner Zebra DS2208 liest 1D- und 2D-Barcodes in Sekundenschnelle \u2013 von klassischen Papier- und Kunststoffetiketten wie auch vom Display eines Smartphones. Kundenkarten, Aktionscodes, Gutscheine und vieles mehr erfasst er f\u00fcr einfache Verrechnung somit direkt vom Kunden-Smartphone \u2013 optimal f\u00fcr den Einsatz im Einzelhandel und Gastgewerbe, auch in Sto\u00dfzeiten. Hand- und Pr\u00e4sentationsbetrieb erkennt der DS2208 automatisch durch einfaches Einlegen oder Entnehmen aus dem Pr\u00e4sentations-Stand.<\/p>\n<p>Der multifunktionale Area-Imager ist dank umfassender Vorkonfiguration schon ab Werk direkt einsatzbereit \u2013 auspacken und los geht\u2019s! Das Verbindungskabel (wahlweise USB, RS-232, KBW oder IBM) erkennt der DS2208 durch Auto-Host-Detect beim Anschluss automatisch, es bedarf keiner weiteren Einstellungen. Dank Zebras kostenloser Remotesoftware \u00bbSMS\u00ab (Scanner Management Service) verwalten und konfigurieren Sie den DS2208 und viele weitere Modelle weltweit vom PC, Smartphone oder Tablet. Den Wechsel von 1D auf 2D macht Zebra Ihnen ganz leicht mit einer vollwertigen R\u00fcckw\u00e4rtskompatibilit\u00e4t zu allen bestehenden Verbindungskabeln des weit verbreiteten Zebra LS2208<\/p>\n<h3><a href=\"https:\/\/www.highway-gmbh.de\/wp-content\/uploads\/Datenblatt-DS2208.pdf\">Datenblatt DS2208<\/a><\/h3>\n","protected":false},"excerpt":{"rendered":"<ul>\n<li>Vielseitiger Area-Imager f\u00fcr 1D-\/2D-Barcodes im Einzelhandel<\/li>\n<li>Robust und zuverl\u00e4ssig: \u00dcbersteht St\u00fcrze aus 1,5 m H\u00f6he auf Beton<\/li>\n<li>Multi-Interface: USB, RS-232, KBW, IBM \u2013 mit automatischer Erkennung<\/li>\n<li>\u00dcber 90 internationale Tastaturlayouts vorinstalliert<\/li>\n<li>Unterst\u00fctzt einfache Remoteverwaltung<\/li>\n<\/ul>\n","protected":false},"featured_media":1147,"template":"page-sidebar-left.php","meta":[],"product_brand":[],"product_cat":[18,43],"product_tag":[66,65],"class_list":{"0":"post-1145","1":"product","2":"type-product","3":"status-publish","4":"has-post-thumbnail","6":"product_cat-handscanner","7":"product_cat-zebra-handscanner","8":"product_tag-dpm","9":"product_tag-ds3678","11":"first","12":"instock","13":"virtual","14":"product-type-simple"},"translation":{"provider":"WPGlobus","version":"3.0.2","language":"en","enabled_languages":["de","en"],"languages":{"de":{"title":true,"content":true,"excerpt":true},"en":{"title":false,"content":false,"excerpt":false}}},"_links":{"self":[{"href":"https:\/\/www.highway-gmbh.de\/en\/wp-json\/wp\/v2\/product\/1145","targetHints":{"allow":["GET"]}}],"collection":[{"href":"https:\/\/www.highway-gmbh.de\/en\/wp-json\/wp\/v2\/product"}],"about":[{"href":"https:\/\/www.highway-gmbh.de\/en\/wp-json\/wp\/v2\/types\/product"}],"wp:featuredmedia":[{"embeddable":true,"href":"https:\/\/www.highway-gmbh.de\/en\/wp-json\/wp\/v2\/media\/1147"}],"wp:attachment":[{"href":"https:\/\/www.highway-gmbh.de\/en\/wp-json\/wp\/v2\/media?parent=1145"}],"wp:term":[{"taxonomy":"product_brand","embeddable":true,"href":"https:\/\/www.highway-gmbh.de\/en\/wp-json\/wp\/v2\/product_brand?post=1145"},{"taxonomy":"product_cat","embeddable":true,"href":"https:\/\/www.highway-gmbh.de\/en\/wp-json\/wp\/v2\/product_cat?post=1145"},{"taxonomy":"product_tag","embeddable":true,"href":"https:\/\/www.highway-gmbh.de\/en\/wp-json\/wp\/v2\/product_tag?post=1145"}],"curies":[{"name":"wp","href":"https:\/\/api.w.org\/{rel}","templated":true}]}}