{"id":1143,"date":"2021-05-19T08:59:23","date_gmt":"2021-05-19T06:59:23","guid":{"rendered":"https:\/\/highwaygmbh.de\/highway\/?post_type=product&#038;p=1143"},"modified":"2021-05-28T15:52:19","modified_gmt":"2021-05-28T13:52:19","slug":"zebra-ls2208","status":"publish","type":"product","link":"https:\/\/www.highway-gmbh.de\/en\/produkte\/handscanner\/zebra-handscanner\/zebra-ls2208\/","title":{"rendered":"Zebra LS2208"},"content":{"rendered":"<h1 id=\"jt_sr_headline\">Zebra LS2208<\/h1>\n<h2 id=\"jt_sr_subline\">Hochwertiges Laserscannen zum g\u00fcnstigen Preis<\/h2>\n<p>&nbsp;<\/p>\n<p>Der LS2208 ist ein Scanner in klassischer Pistolenform mit Trigger-Ausl\u00f6seknopf. Durch dieses Design ist die Bedienung des Scanners besonders einfach und ergonomisch. Auch ungeschultes Personal erfasst die Funktionsweise intuitiv und ist mit dem neuen Arbeitsger\u00e4t binnen Sekunden und ohne R\u00fcckfragen vertraut. Dar\u00fcber hinaus treten dank der ergonomischen, ausgewogenen Form Erm\u00fcdungserscheinungen seltener auf, wodurch der Benutzerkomfort maximiert wird, was sich wiederum positiv auf Arbeitsgeschwindigkeit und Leistung des Anwenders auswirkt.<\/p>\n<p>Mit seinem integrierten Dekoder erkennt der Scanner von Haus aus eine Vielzahl von 1D-Barcodetypen und \u00fcbertr\u00e4gt diese an das angeschlossene System. Wichtig ist auch die Upgradef\u00e4higkeit des Dekoders, der im Laufe des Nutzungsdauer einfach an kommende Barcodetypen angepasst wird. Der Scanner arbeitet universell an allen Schnittstellen. W\u00e4hlen Sie einfach das f\u00fcr die jeweilige Anwendung passende Kabel. Auf Grund seines programmierbaren Multi-Interface kommuniziert der LS2208 problemlos mit nahezu allen Computer- und Kassensystemen sowie Industrie- und medizintechnischen Anlagen. Dank der Plug-and-Play-Installation verbinden Sie den Scanner mit wenigen Handgriffen an jedem Host und sparen so wertvolle Zeit bei Installation und Setup der L\u00f6sungen. Auch die unterst\u00fctzten Schnittstellentpyen k\u00f6nnen durch ein Software-Upgrade des Scanners um k\u00fcnftige Generationen erweitert werden.<\/p>\n<p>Der LS2208 ist f\u00fcr den t\u00e4glichen Dauereinsatz in professionellen Umgebungen konzipiert und wurde darauf gepr\u00fcft, wiederholten freien Fall aus 1,5 m H\u00f6he auf Betonoberfl\u00e4chen schadlos zu \u00fcberstehen. Auf Grund der patentierten Einplatinenbauweise kann es nicht zu Problemen an den Verbindungen zwischen den Platinen kommen, die eine der h\u00e4ufigsten Ausfallursachen bei anderen Scannern darstellen. Zudem verf\u00fcgt das Fl\u00fcssigpolymer-Scanelement \u00fcber einen inh\u00e4renten Sto\u00dfschutz, der einen zuverl\u00e4ssigen Betrieb gew\u00e4hrleistet. Kratzfestes, geh\u00e4rtetes Glas tr\u00e4gt zu konstanter Pr\u00e4zision beim Scannen von Barcodes bei.<\/p>\n<h3><a href=\"https:\/\/www.highway-gmbh.de\/wp-content\/uploads\/Datenblatt-LS2208.pdf\">Datenblatt LS2208<\/a><\/h3>\n","protected":false},"excerpt":{"rendered":"<ul>\n<li>Barcode Handscanner in Pistolenform<\/li>\n<li>Maximaler Leseabstand \u00fcber 40 cm<\/li>\n<li>Erfasst 1D-Barcodes mit 100 Scans\/Sekunde<\/li>\n<li>Mit Barcode Trigger sowie Scanstand f\u00fcr freih\u00e4ndiges Scannen (Option)<\/li>\n<li>Universelle Konfiguration durch Multi-Interface<\/li>\n<\/ul>\n","protected":false},"featured_media":1144,"template":"page-sidebar-left.php","meta":[],"product_brand":[],"product_cat":[18,43],"product_tag":[66,65],"class_list":{"0":"post-1143","1":"product","2":"type-product","3":"status-publish","4":"has-post-thumbnail","6":"product_cat-handscanner","7":"product_cat-zebra-handscanner","8":"product_tag-dpm","9":"product_tag-ds3678","11":"first","12":"instock","13":"virtual","14":"product-type-simple"},"translation":{"provider":"WPGlobus","version":"3.0.2","language":"en","enabled_languages":["de","en"],"languages":{"de":{"title":true,"content":true,"excerpt":true},"en":{"title":false,"content":false,"excerpt":false}}},"_links":{"self":[{"href":"https:\/\/www.highway-gmbh.de\/en\/wp-json\/wp\/v2\/product\/1143","targetHints":{"allow":["GET"]}}],"collection":[{"href":"https:\/\/www.highway-gmbh.de\/en\/wp-json\/wp\/v2\/product"}],"about":[{"href":"https:\/\/www.highway-gmbh.de\/en\/wp-json\/wp\/v2\/types\/product"}],"wp:featuredmedia":[{"embeddable":true,"href":"https:\/\/www.highway-gmbh.de\/en\/wp-json\/wp\/v2\/media\/1144"}],"wp:attachment":[{"href":"https:\/\/www.highway-gmbh.de\/en\/wp-json\/wp\/v2\/media?parent=1143"}],"wp:term":[{"taxonomy":"product_brand","embeddable":true,"href":"https:\/\/www.highway-gmbh.de\/en\/wp-json\/wp\/v2\/product_brand?post=1143"},{"taxonomy":"product_cat","embeddable":true,"href":"https:\/\/www.highway-gmbh.de\/en\/wp-json\/wp\/v2\/product_cat?post=1143"},{"taxonomy":"product_tag","embeddable":true,"href":"https:\/\/www.highway-gmbh.de\/en\/wp-json\/wp\/v2\/product_tag?post=1143"}],"curies":[{"name":"wp","href":"https:\/\/api.w.org\/{rel}","templated":true}]}}