{"id":1140,"date":"2021-05-19T08:56:17","date_gmt":"2021-05-19T06:56:17","guid":{"rendered":"https:\/\/highwaygmbh.de\/highway\/?post_type=product&#038;p=1140"},"modified":"2021-05-28T15:52:19","modified_gmt":"2021-05-28T13:52:19","slug":"zebra-ls1203","status":"publish","type":"product","link":"https:\/\/www.highway-gmbh.de\/en\/produkte\/handscanner\/zebra-handscanner\/zebra-ls1203\/","title":{"rendered":"Zebra LS1203"},"content":{"rendered":"<h1 id=\"jt_sr_headline\">Zebra LS1203<\/h1>\n<h2 id=\"jt_sr_subline\">Robuster 1D-Linear\u00adscanner zum g\u00fcnstigen Preis<\/h2>\n<p>Der Handscanner LS1203 bietet qualitativ hochwertiges Laserscanning, benutzerfreundliche Ergonomie und Langlebigkeit zu einem g\u00fcnstigen Preis. Dabei ist er ganz auf die Anforderungen kleinerer Unternehmen zugeschnitten. Er sorgt f\u00fcr die Leistung und Funktionalit\u00e4t, die n\u00f6tig sind, um Eingabefehler zu verringern und die Produktivit\u00e4t im t\u00e4glichen Einsatz an der Kasse ma\u00dfgeblich zu steigern. Durch seinen g\u00fcnstigen Preis und seine einfache Installation eignet er sich f\u00fcr viele Branchen, z. B. f\u00fcr Geschenkl\u00e4den, Boutiquen, Juwelierl\u00e4den, Videotheken und viele andere Einzelhandelssegmente. Seine Robustheit\u00ad und die unkomplizierte Handhabung machen ihn jedoch gleicherma\u00dfen f\u00fcr Anwendungen in Werkst\u00e4tten, Laboratorien, Apotheken oder im B\u00fcro interessant.<\/p>\n<p>Das Ger\u00e4t liest alle g\u00e4ngigen 1D-Barcodes und erf\u00fcllt damit s\u00e4mtliche Anforderungen von Handel und Produktion. Dank seiner Einplatinen-Bauweise und des robusten Scanelements besteht der LS1203 den t\u00e4glichen Einsatz und die damit verbundenen, unvermeidbaren St\u00fcrze problemlos. Das Geh\u00e4use ist aus schlag\u00adsicherem Kunststoff gefertigt und alle Bauteile so miteinander verbunden, dass der Scanner auch harte Beanspruchung durch unachtsame Bediener unbeschadet \u00fcbersteht. Durch seine jederzeit zuverl\u00e4ssige Funktion im Alltag gew\u00e4hrleistet der LS1203 so maximale Systembereitschaft bei minimalen Wartungskosten. Das Multi-Interface stellt sicher, dass der Scanner auch mit zuk\u00fcnftigen Kassensystemen kompatibel ist.<\/p>\n<p>Durch sein Plug-and-Play-Konzept werden Schwierigkeiten bereits bei der Installation eliminiert. Unabh\u00e4ngig vom Schnittstellentyp m\u00fcssen weder Treiber noch Spezialsoftware installiert werden. Eine etwaige Einstellung des Scanners an kundenspezifische Anforderungen geschieht entweder ganz leicht mittels Barcodetabellen oder \u00fcber eine PC-Software. Dank des intuitiven, ergonomischen Designs ist keinerlei Einweisung notwendig: Die Mitarbeiter sind sofort mit der Bedienung des Ger\u00e4tes vertraut.<\/p>\n<p>Bei der Entscheidung f\u00fcr den LS1203 k\u00f6nnen Sie auf den Markenhersteller Zebra vertrauen, dem weltweit f\u00fchrenden Anbieter von Barcode-Scansystemen und mobilen Terminals. Millionen von Zebra Scannern sind bei den gr\u00f6\u00dften Einzelhandelsunternehmen der Welt tagt\u00e4glich erfolgreich im Einsatz.<\/p>\n<p>Da selbst f\u00fcr das robusteste Ger\u00e4t Wartungspl\u00e4ne und Kundendienst unerl\u00e4sslich sind, hat Zebra ein umfangreiches Programm von Serviceangeboten entwickelt. Diese Zusatzservices machen es Ihnen als H\u00e4ndler leicht, die Ger\u00e4te bei Ihrem Kunden am Laufen und auf dem neuesten Stand zu halten. Sie sch\u00fctzen die Investitionen Ihrer Kunden und sorgen f\u00fcr maximale Betriebsleistung.<\/p>\n<p><a href=\"https:\/\/www.highway-gmbh.de\/wp-content\/uploads\/Datenblatt-LS1203.pdf\">Datenblatt LS1203<\/a><\/p>\n<p>&nbsp;<\/p>\n","protected":false},"excerpt":{"rendered":"<ul>\n<li>Qualitativ hochwertiger 1D-Linear-scanner \u2013 manuelles Scannen oder Auto-Scan im Dauerbetrieb<\/li>\n<li>Robuste Bauweise: Einplatinen\u00adlayout, erf\u00fcllt strengste Falltests<\/li>\n<li>Intuitives Scannen, effizientes Plug-and-Play-Konzept<\/li>\n<li>Ergonomisches Hybrid Design &#8211; elegant, leicht, ausgewogen<\/li>\n<li>Multi-Interface: RS-232, USB und Tastaturweiche<\/li>\n<\/ul>\n","protected":false},"featured_media":1142,"template":"page-sidebar-left.php","meta":[],"product_brand":[],"product_cat":[18,43],"product_tag":[66,65],"class_list":{"0":"post-1140","1":"product","2":"type-product","3":"status-publish","4":"has-post-thumbnail","6":"product_cat-handscanner","7":"product_cat-zebra-handscanner","8":"product_tag-dpm","9":"product_tag-ds3678","11":"first","12":"instock","13":"virtual","14":"product-type-simple"},"translation":{"provider":"WPGlobus","version":"3.0.2","language":"en","enabled_languages":["de","en"],"languages":{"de":{"title":true,"content":true,"excerpt":true},"en":{"title":false,"content":false,"excerpt":false}}},"_links":{"self":[{"href":"https:\/\/www.highway-gmbh.de\/en\/wp-json\/wp\/v2\/product\/1140","targetHints":{"allow":["GET"]}}],"collection":[{"href":"https:\/\/www.highway-gmbh.de\/en\/wp-json\/wp\/v2\/product"}],"about":[{"href":"https:\/\/www.highway-gmbh.de\/en\/wp-json\/wp\/v2\/types\/product"}],"wp:featuredmedia":[{"embeddable":true,"href":"https:\/\/www.highway-gmbh.de\/en\/wp-json\/wp\/v2\/media\/1142"}],"wp:attachment":[{"href":"https:\/\/www.highway-gmbh.de\/en\/wp-json\/wp\/v2\/media?parent=1140"}],"wp:term":[{"taxonomy":"product_brand","embeddable":true,"href":"https:\/\/www.highway-gmbh.de\/en\/wp-json\/wp\/v2\/product_brand?post=1140"},{"taxonomy":"product_cat","embeddable":true,"href":"https:\/\/www.highway-gmbh.de\/en\/wp-json\/wp\/v2\/product_cat?post=1140"},{"taxonomy":"product_tag","embeddable":true,"href":"https:\/\/www.highway-gmbh.de\/en\/wp-json\/wp\/v2\/product_tag?post=1140"}],"curies":[{"name":"wp","href":"https:\/\/api.w.org\/{rel}","templated":true}]}}