{"id":1137,"date":"2021-05-19T08:52:35","date_gmt":"2021-05-19T06:52:35","guid":{"rendered":"https:\/\/highwaygmbh.de\/highway\/?post_type=product&#038;p=1137"},"modified":"2021-05-28T15:52:20","modified_gmt":"2021-05-28T13:52:20","slug":"zebra-li3678","status":"publish","type":"product","link":"https:\/\/www.highway-gmbh.de\/en\/produkte\/handscanner\/zebra-handscanner\/zebra-li3678\/","title":{"rendered":"Zebra LI3678"},"content":{"rendered":"<h1 id=\"jt_sr_headline\">Zebra LI3678<\/h1>\n<h2 id=\"jt_sr_subline\">1D-Bluetooth-Barcodescanner f\u00fcr Industrieanwendungen<\/h2>\n<p>Der unverw\u00fcstliche Bluetooth-Industriescanner Zebra LI3678 bietet \u00fcberdurchschnittliche Leistung bei extremer Widerstandsf\u00e4higkeit. Dank innovativem Geh\u00e4usedesign und Linear-Imaging-Technologie sind keinerlei bewegliche Teile verbaut. Dadurch ist der ausbalancierte Handscanner nahezu komplett staub- und wasserdicht (IP67) und bietet eine Sturzresistenz von bis zu 2,4 m. Weiterhin verf\u00fcgt die Scannerserie als einzige im Markt \u00fcber eine IP65-zertifizierte Bluetooth 4.0 (low Energy) Lade-\/\u00dcbertragungsstation, die maximale Energieeffizienz und dank patentierter Technologie unterbrechungsfreien Datenaustausch ohne Interferenzen mit internen Funknetzwerken bietet.<\/p>\n<p>Damit eignet sich der LI3678 perfekt f\u00fcr jegliche Anwendungen bei widrigen Bedingungen im Innen- und Au\u00dfenbereich sowie bei extremen Temperaturen (-30 bis +50 \u00b0C). Der robuste Handscanner erfasst auch besch\u00e4digte und undeutliche 1D-Barcodes von Papieretiketten und Displays schnell und zuverl\u00e4ssig. Die Lesebest\u00e4tigung erfolgt durch praktisches Dreifachfeedback: zwei helle LEDs im Sichtbereich, ein deutlicher Ton und kurze Vibration. Das sorgt f\u00fcr Klarheit nach jedem Scan und steigert die Effizienz der Benutzer erheblich. Drei Jahre Herstellergarantie sichern die Investition langfristig<\/p>\n<h3><a href=\"https:\/\/www.highway-gmbh.de\/wp-content\/uploads\/Datenblatt-LI3678.pdf\">Datenblatt LI3678<\/a><\/h3>\n<p>&nbsp;<\/p>\n","protected":false},"excerpt":{"rendered":"<ul>\n<li>Mobiler Bluetooth-Industriescanner f\u00fcr jegliche 1D-Anwendungen<\/li>\n<li>Extreme Widerstandsf\u00e4higkeit, trotzt Temperaturen von -30 bis +50 \u00b0C<\/li>\n<li>Wasser- und staubdicht gem\u00e4\u00df IP67, sturzresistent bis 2,4 m<\/li>\n<li>Robuste Lade-\/\u00dcbertragungsstation nach Industriestandard mit IP65-Zertifizierung<\/li>\n<li>Kurze Ladezeiten, lange Einsatzbereitschaft dank langlebiger PowerPrecision+ Akkus<\/li>\n<\/ul>\n","protected":false},"featured_media":1139,"template":"page-sidebar-left.php","meta":[],"product_brand":[],"product_cat":[18,43],"product_tag":[66,65],"class_list":{"0":"post-1137","1":"product","2":"type-product","3":"status-publish","4":"has-post-thumbnail","6":"product_cat-handscanner","7":"product_cat-zebra-handscanner","8":"product_tag-dpm","9":"product_tag-ds3678","11":"first","12":"instock","13":"virtual","14":"product-type-simple"},"translation":{"provider":"WPGlobus","version":"3.0.2","language":"en","enabled_languages":["de","en"],"languages":{"de":{"title":true,"content":true,"excerpt":true},"en":{"title":false,"content":false,"excerpt":false}}},"_links":{"self":[{"href":"https:\/\/www.highway-gmbh.de\/en\/wp-json\/wp\/v2\/product\/1137","targetHints":{"allow":["GET"]}}],"collection":[{"href":"https:\/\/www.highway-gmbh.de\/en\/wp-json\/wp\/v2\/product"}],"about":[{"href":"https:\/\/www.highway-gmbh.de\/en\/wp-json\/wp\/v2\/types\/product"}],"wp:featuredmedia":[{"embeddable":true,"href":"https:\/\/www.highway-gmbh.de\/en\/wp-json\/wp\/v2\/media\/1139"}],"wp:attachment":[{"href":"https:\/\/www.highway-gmbh.de\/en\/wp-json\/wp\/v2\/media?parent=1137"}],"wp:term":[{"taxonomy":"product_brand","embeddable":true,"href":"https:\/\/www.highway-gmbh.de\/en\/wp-json\/wp\/v2\/product_brand?post=1137"},{"taxonomy":"product_cat","embeddable":true,"href":"https:\/\/www.highway-gmbh.de\/en\/wp-json\/wp\/v2\/product_cat?post=1137"},{"taxonomy":"product_tag","embeddable":true,"href":"https:\/\/www.highway-gmbh.de\/en\/wp-json\/wp\/v2\/product_tag?post=1137"}],"curies":[{"name":"wp","href":"https:\/\/api.w.org\/{rel}","templated":true}]}}