{"id":1134,"date":"2021-05-19T08:44:31","date_gmt":"2021-05-19T06:44:31","guid":{"rendered":"https:\/\/highwaygmbh.de\/highway\/?post_type=product&#038;p=1134"},"modified":"2021-05-28T15:52:20","modified_gmt":"2021-05-28T13:52:20","slug":"zebra-li3608","status":"publish","type":"product","link":"https:\/\/www.highway-gmbh.de\/en\/produkte\/handscanner\/zebra-handscanner\/zebra-li3608\/","title":{"rendered":"Zebra LI3608"},"content":{"rendered":"<h1 id=\"jt_sr_headline\">Zebra LI3608<\/h1>\n<h2 id=\"jt_sr_subline\">Leistungsstark und extrem widerstandf\u00e4hig<\/h2>\n<p>Mit dem Linear-Imager LI3608 bietet Zebra einen rundum robusten und widerstandf\u00e4higen Industriescanner mit Hochleistungsengine. Dank innovativem Geh\u00e4usedesign und Linear-Imaging-Technologie sind keinerlei bewegliche Teile verbaut. Dadurch ist der ausbalancierte Handscanner nahezu komplett staub- und wasserdicht (IP67) und bietet eine Sturzresistenz von bis zu 2,4 m. Damit eignet sich der LI3608 perfekt f\u00fcr jegliche Anwendungen, in denen gew\u00f6hnliche Handscanner einfach nicht mithalten k\u00f6nnen. Ob bei widrigen Bedingungen im Innen- und Au\u00dfenbereich oder bei extremen Temperaturen (-30 bis +50 \u00b0C) \u2013 der robuste Handscanner erfasst auch besch\u00e4digte und undeutliche 1D-Barcodes von Papieretiketten und Displays schnell und zuverl\u00e4ssig.<\/p>\n<p>Die Lesebest\u00e4tigung erfolgt durch praktisches Dreifachfeedback: zwei helle LEDs im Sichtbereich, ein deutlicher Ton und kurze Vibration. Das sorgt f\u00fcr Klarheit nach jedem Scan und steigert die Effizienz der Benutzer erheblich. Standardm\u00e4\u00dfig verf\u00fcgt der LI3608 \u00fcber ein Multi-Interface. Je nach Anwendung erfolgt der Anschluss via USB-, RS-232- oder KBW-Schnittstelle. Drei Jahre Garantie sichern die Investition langfristig.<\/p>\n<h3><a href=\"https:\/\/www.highway-gmbh.de\/wp-content\/uploads\/Datenblatt-LI3608.pdf\">Datenblatt LI3608<\/a><\/h3>\n<p>&nbsp;<\/p>\n","protected":false},"excerpt":{"rendered":"<ul>\n<li>Ultra-robuster Industriescanner f\u00fcr jegliche 1D-Anwendungen<\/li>\n<li>Widersteht extremen Temperaturen von -30 bis +50 \u00b0C<\/li>\n<li>Wasser- und staubdicht gem\u00e4\u00df IP67, sturzresistent bis 2,4 m<\/li>\n<li>Perfekt geeignet f\u00fcr widrige Bedingungen im Innen- und Au\u00dfenbereich<\/li>\n<li>Drei Jahre Herstellergarantie f\u00fcr mehr Sicherheit<\/li>\n<\/ul>\n","protected":false},"featured_media":1136,"template":"page-sidebar-left.php","meta":[],"product_brand":[],"product_cat":[18,43],"product_tag":[66,65],"class_list":{"0":"post-1134","1":"product","2":"type-product","3":"status-publish","4":"has-post-thumbnail","6":"product_cat-handscanner","7":"product_cat-zebra-handscanner","8":"product_tag-dpm","9":"product_tag-ds3678","11":"first","12":"instock","13":"virtual","14":"product-type-simple"},"translation":{"provider":"WPGlobus","version":"3.0.2","language":"en","enabled_languages":["de","en"],"languages":{"de":{"title":true,"content":true,"excerpt":true},"en":{"title":false,"content":false,"excerpt":false}}},"_links":{"self":[{"href":"https:\/\/www.highway-gmbh.de\/en\/wp-json\/wp\/v2\/product\/1134","targetHints":{"allow":["GET"]}}],"collection":[{"href":"https:\/\/www.highway-gmbh.de\/en\/wp-json\/wp\/v2\/product"}],"about":[{"href":"https:\/\/www.highway-gmbh.de\/en\/wp-json\/wp\/v2\/types\/product"}],"wp:featuredmedia":[{"embeddable":true,"href":"https:\/\/www.highway-gmbh.de\/en\/wp-json\/wp\/v2\/media\/1136"}],"wp:attachment":[{"href":"https:\/\/www.highway-gmbh.de\/en\/wp-json\/wp\/v2\/media?parent=1134"}],"wp:term":[{"taxonomy":"product_brand","embeddable":true,"href":"https:\/\/www.highway-gmbh.de\/en\/wp-json\/wp\/v2\/product_brand?post=1134"},{"taxonomy":"product_cat","embeddable":true,"href":"https:\/\/www.highway-gmbh.de\/en\/wp-json\/wp\/v2\/product_cat?post=1134"},{"taxonomy":"product_tag","embeddable":true,"href":"https:\/\/www.highway-gmbh.de\/en\/wp-json\/wp\/v2\/product_tag?post=1134"}],"curies":[{"name":"wp","href":"https:\/\/api.w.org\/{rel}","templated":true}]}}