{"id":1131,"date":"2021-05-19T08:39:16","date_gmt":"2021-05-19T06:39:16","guid":{"rendered":"https:\/\/highwaygmbh.de\/highway\/?post_type=product&#038;p=1131"},"modified":"2021-05-28T15:52:20","modified_gmt":"2021-05-28T13:52:20","slug":"zebra-li2208","status":"publish","type":"product","link":"https:\/\/www.highway-gmbh.de\/en\/produkte\/handscanner\/zebra-handscanner\/zebra-li2208\/","title":{"rendered":"Zebra LI2208"},"content":{"rendered":"<h1 id=\"jt_sr_headline\">Zebra LI2208<\/h1>\n<h2 id=\"jt_sr_subline\">Universell einsatzf\u00e4higer Linear Imager<\/h2>\n<p>Weiterentwicklung eines Erfolgsmodells: Der Linear Imager LI2208 von Zebra baut auf der erfolgreichen Laservariante LS2208 auf, er punktet aber mit zus\u00e4tzlichen F\u00e4higkeiten. Dazu geh\u00f6ren die zuverl\u00e4ssige Erfassung von nahezu s\u00e4mtlichen 1D-Barcodes von Papieretiketten und von Displays, ein erweiterter Scan-Bereich und verbesserte Leseeigenschaften. Damit ist der LI2208 ein klassischer Universalscanner f\u00fcr den Einsatz im Handel, in der Produktion, beim Check-In im Hotel und vielen weiteren Anwendungen. Der optionale Intellistand erlaubt sogar den automatischen Wechsel von Hand- zu Pr\u00e4sentationsmodus.<\/p>\n<p>Selbst die Erfassung von Barcodes mit hoher Dichte \u2013 wie sie oft auf elektronischen Kleinteilen zu finden sind \u2013 unterst\u00fctzt der LI2208. Die variable Leseentfernung unterst\u00fctzt Anwender bei der schnellen und einfachen Erfassung von Barcodes. Mit 547 Scans pro Sekunde garantiert der LI2208 unterbrechungsfreies Arbeiten und hohen Durchsatz. Die patentierte Einzelplatine, der Verzicht auf Steckverbindungen und Flachbandkabel sowie das \u00fcberaus robuste Geh\u00e4use machen den LI2208 zum zuverl\u00e4ssigen Scanner f\u00fcr den herausfordernden Alltag.<\/p>\n<h3><a href=\"https:\/\/www.highway-gmbh.de\/wp-content\/uploads\/Datenblatt-LI2208.pdf\">Datenblatt LI2208<\/a><\/h3>\n<p>&nbsp;<\/p>\n","protected":false},"excerpt":{"rendered":"<ul>\n<li>Kabelgebundener Linear Imager f\u00fcr alle 1D-Barcodes<\/li>\n<li>Schnelle Erfassung mit 547 Scans\/Sek.<\/li>\n<li>Liest zuverl\u00e4ssig auch Barcodes von Displays<\/li>\n<li>Einzelplatinenbauweise f\u00fcr langen Lebenszyklus; 5 Jahre Garantie<\/li>\n<li>Optionaler Standfu\u00df f\u00fcr automatischen Pr\u00e4sentationsbetrieb<\/li>\n<\/ul>\n","protected":false},"featured_media":1133,"template":"page-sidebar-left.php","meta":[],"product_brand":[],"product_cat":[18,43],"product_tag":[66,65],"class_list":{"0":"post-1131","1":"product","2":"type-product","3":"status-publish","4":"has-post-thumbnail","6":"product_cat-handscanner","7":"product_cat-zebra-handscanner","8":"product_tag-dpm","9":"product_tag-ds3678","11":"first","12":"instock","13":"virtual","14":"product-type-simple"},"translation":{"provider":"WPGlobus","version":"3.0.2","language":"en","enabled_languages":["de","en"],"languages":{"de":{"title":true,"content":true,"excerpt":true},"en":{"title":false,"content":false,"excerpt":false}}},"_links":{"self":[{"href":"https:\/\/www.highway-gmbh.de\/en\/wp-json\/wp\/v2\/product\/1131","targetHints":{"allow":["GET"]}}],"collection":[{"href":"https:\/\/www.highway-gmbh.de\/en\/wp-json\/wp\/v2\/product"}],"about":[{"href":"https:\/\/www.highway-gmbh.de\/en\/wp-json\/wp\/v2\/types\/product"}],"wp:featuredmedia":[{"embeddable":true,"href":"https:\/\/www.highway-gmbh.de\/en\/wp-json\/wp\/v2\/media\/1133"}],"wp:attachment":[{"href":"https:\/\/www.highway-gmbh.de\/en\/wp-json\/wp\/v2\/media?parent=1131"}],"wp:term":[{"taxonomy":"product_brand","embeddable":true,"href":"https:\/\/www.highway-gmbh.de\/en\/wp-json\/wp\/v2\/product_brand?post=1131"},{"taxonomy":"product_cat","embeddable":true,"href":"https:\/\/www.highway-gmbh.de\/en\/wp-json\/wp\/v2\/product_cat?post=1131"},{"taxonomy":"product_tag","embeddable":true,"href":"https:\/\/www.highway-gmbh.de\/en\/wp-json\/wp\/v2\/product_tag?post=1131"}],"curies":[{"name":"wp","href":"https:\/\/api.w.org\/{rel}","templated":true}]}}