{"id":1128,"date":"2021-05-18T11:31:57","date_gmt":"2021-05-18T09:31:57","guid":{"rendered":"https:\/\/highwaygmbh.de\/highway\/?post_type=product&#038;p=1128"},"modified":"2023-04-03T09:58:15","modified_gmt":"2023-04-03T07:58:15","slug":"sg20-hc","status":"publish","type":"product","link":"https:\/\/www.highway-gmbh.de\/en\/produkte\/handscanner\/honeywell\/sg20-hc\/","title":{"rendered":"SG20 HC"},"content":{"rendered":"<h1>Honeywell SG20 HC<\/h1>\n<h2 id=\"jt_sr_subline\">Vielseitige Healthcare-Scanner<\/h2>\n<p>Eine Scannerserie f\u00fcr alle Einsatzgebiete im Gesundheitswesen: Der Honeywell SG20 bietet die n\u00f6tige Flexibilit\u00e4t, um ein komplettes Krankenhaus passgenau mit Scanning-Hardware auszustatten. Die integrierte Area Imager Scan-Engine gew\u00e4hrleistet eine hochprofessionelle Erfassung aller 1D- und 2D-Barcodes \u2013 omnidirektional und sehr schnell. Je nach Einsatzgebiet und Arbeitsplatz entscheiden Sie sich zwischen der kabelgebundenen Variante f\u00fcr station\u00e4re Verwendung und der kabellosen Bluetooth-Variante. Letztere bietet eine gr\u00f6\u00dfere Flexibilit\u00e4t in der Handhabung und einen Bewegungsradius von bis zu 10 m um die Basis herum.<\/p>\n<p>Die regelm\u00e4\u00dfige Reinigung mit Desinfektionsmitteln \u00fcbersteht der SG20 HC dank des reinigungsbest\u00e4ndigen Spezialgeh\u00e4uses. Die Scanner liegen gut in der Hand, sind gesch\u00fctzt bei St\u00fcrzen aus mittlerer H\u00f6he und bieten eine Garantiezeit von drei (Bluetooth-Modelle) oder f\u00fcnf Jahren (kabelgebundene Modelle). Um die Effizienz der Lesevorg\u00e4nge zu steigern, verf\u00fcgt der SG20 \u00fcber eine besonders gro\u00dfe LED-Lesebest\u00e4tigung sowie einen zuschaltbaren Beeper. Verwenden Sie die optionalen Stand- und Wandhalterungen f\u00fcr Anwendungen in denen beide H\u00e4nde gebraucht werden.<\/p>\n<h3><a href=\"https:\/\/www.highway-gmbh.de\/wp-content\/uploads\/Datenblatt-SG20-HC.pdf\">Datenblatt Honeywell SG20 HC<\/a><\/h3>\n","protected":false},"excerpt":{"rendered":"<ul>\n<li>Hochleistungsf\u00e4hige Area Imager f\u00fcr 2D-Barcodes<\/li>\n<li>Kabelgebunden und als Bluetooth-Variante erh\u00e4ltlich<\/li>\n<li>Reinigungsbest\u00e4ndiges Geh\u00e4use aus Spezialkunststoff<\/li>\n<li>Omnidirektionale Erfassung, hohe Bewegungstoleranz<\/li>\n<li>Lesebest\u00e4tigung via farbiger LED und Beeper<\/li>\n<\/ul>\n","protected":false},"featured_media":1130,"template":"page-sidebar-left.php","meta":[],"product_brand":[],"product_cat":[18,72],"product_tag":[53],"class_list":{"0":"post-1128","1":"product","2":"type-product","3":"status-publish","4":"has-post-thumbnail","6":"product_cat-handscanner","7":"product_cat-honeywell","8":"product_tag-datalogic","10":"first","11":"instock","12":"virtual","13":"product-type-simple"},"translation":{"provider":"WPGlobus","version":"3.0.2","language":"en","enabled_languages":["de","en"],"languages":{"de":{"title":true,"content":true,"excerpt":true},"en":{"title":false,"content":false,"excerpt":false}}},"_links":{"self":[{"href":"https:\/\/www.highway-gmbh.de\/en\/wp-json\/wp\/v2\/product\/1128","targetHints":{"allow":["GET"]}}],"collection":[{"href":"https:\/\/www.highway-gmbh.de\/en\/wp-json\/wp\/v2\/product"}],"about":[{"href":"https:\/\/www.highway-gmbh.de\/en\/wp-json\/wp\/v2\/types\/product"}],"wp:featuredmedia":[{"embeddable":true,"href":"https:\/\/www.highway-gmbh.de\/en\/wp-json\/wp\/v2\/media\/1130"}],"wp:attachment":[{"href":"https:\/\/www.highway-gmbh.de\/en\/wp-json\/wp\/v2\/media?parent=1128"}],"wp:term":[{"taxonomy":"product_brand","embeddable":true,"href":"https:\/\/www.highway-gmbh.de\/en\/wp-json\/wp\/v2\/product_brand?post=1128"},{"taxonomy":"product_cat","embeddable":true,"href":"https:\/\/www.highway-gmbh.de\/en\/wp-json\/wp\/v2\/product_cat?post=1128"},{"taxonomy":"product_tag","embeddable":true,"href":"https:\/\/www.highway-gmbh.de\/en\/wp-json\/wp\/v2\/product_tag?post=1128"}],"curies":[{"name":"wp","href":"https:\/\/api.w.org\/{rel}","templated":true}]}}