{"id":1125,"date":"2021-05-18T11:28:56","date_gmt":"2021-05-18T09:28:56","guid":{"rendered":"https:\/\/highwaygmbh.de\/highway\/?post_type=product&#038;p=1125"},"modified":"2021-05-28T15:52:20","modified_gmt":"2021-05-28T13:52:20","slug":"sg20","status":"publish","type":"product","link":"https:\/\/www.highway-gmbh.de\/en\/produkte\/handscanner\/honeywell\/sg20\/","title":{"rendered":"SG20"},"content":{"rendered":"<h1>Honeywell SG20<\/h1>\n<h2 id=\"jt_sr_subline\">Vielseitige Scanner-Familie<\/h2>\n<p>Eine Scannerserie f\u00fcr alle Einsatzgebiete: Der Honeywell SG20 bietet die n\u00f6tige Flexibilit\u00e4t, um komplette Unternehmen passgenau mit Scanning-Hardware auszustatten. Alle Varianten verf\u00fcgen \u00fcber leistungsstarke Imaging-Technologie f\u00fcr die Erfassung von entweder linearen 1D-Barcodes oder sowohl 1D- als auch 2D-Barcodes. Mit der passenden kabelgebundenen und kabellosen Variante statten Sie station\u00e4re und mobile Arbeitspl\u00e4tze ebenfalls bedarfsgerecht aus. Die Bluetooth-Modelle verf\u00fcgen \u00fcber eine Reichweite von bis zu 10 m um die Basisstation und gew\u00e4hrleisten einen hohen Grad an Flexibilit\u00e4t und Bedienungskomfort.<\/p>\n<p>Um die Effizienz der Lesevorg\u00e4nge zu steigern, verf\u00fcgt der SG20 \u00fcber eine besonders gro\u00dfe LED-Lesebest\u00e4tigung. Die l\u00e4sst vor allem in besonders lauten Umgebungen keinen Zweifel daran, ob der Scan erfolgreich war oder nicht. Extra-Vorteil: Die LED l\u00e4sst sich passend zu Umgebung farblich programmieren \u2013 einfach \u00fcber Honeywells EasySet-Programmiertool. Die schicken SG20 Scanner liegen gut in der Hand, sind gesch\u00fctzt bei St\u00fcrzen aus mittlerer H\u00f6he und bieten eine Garantiezeit von drei (Bluetooth-Modelle) oder f\u00fcnf Jahren (kabelgebundene Modelle).<\/p>\n<h3><a href=\"https:\/\/www.highway-gmbh.de\/wp-content\/uploads\/Datenblatt-SG20.pdf\">Datenblatt SG20<\/a><\/h3>\n","protected":false},"excerpt":{"rendered":"<ul>\n<li>Hochleistungsf\u00e4hige 1D- und 2D-Barcode-Imager<\/li>\n<li>Kabelgebunden und als Bluetooth-Variante erh\u00e4ltlich<\/li>\n<li>Omnidirektionales Scannen mit hoher Bewegungstoleranz<\/li>\n<li>Individuell programmierbare LED-Lesebest\u00e4tigung<\/li>\n<li>Bis zu 5 Jahre Garantie<\/li>\n<\/ul>\n","protected":false},"featured_media":1127,"template":"page-sidebar-left.php","meta":[],"product_brand":[],"product_cat":[18,72],"product_tag":[53],"class_list":{"0":"post-1125","1":"product","2":"type-product","3":"status-publish","4":"has-post-thumbnail","6":"product_cat-handscanner","7":"product_cat-honeywell","8":"product_tag-datalogic","10":"first","11":"instock","12":"virtual","13":"product-type-simple"},"translation":{"provider":"WPGlobus","version":"3.0.2","language":"en","enabled_languages":["de","en"],"languages":{"de":{"title":true,"content":true,"excerpt":true},"en":{"title":false,"content":false,"excerpt":false}}},"_links":{"self":[{"href":"https:\/\/www.highway-gmbh.de\/en\/wp-json\/wp\/v2\/product\/1125","targetHints":{"allow":["GET"]}}],"collection":[{"href":"https:\/\/www.highway-gmbh.de\/en\/wp-json\/wp\/v2\/product"}],"about":[{"href":"https:\/\/www.highway-gmbh.de\/en\/wp-json\/wp\/v2\/types\/product"}],"wp:featuredmedia":[{"embeddable":true,"href":"https:\/\/www.highway-gmbh.de\/en\/wp-json\/wp\/v2\/media\/1127"}],"wp:attachment":[{"href":"https:\/\/www.highway-gmbh.de\/en\/wp-json\/wp\/v2\/media?parent=1125"}],"wp:term":[{"taxonomy":"product_brand","embeddable":true,"href":"https:\/\/www.highway-gmbh.de\/en\/wp-json\/wp\/v2\/product_brand?post=1125"},{"taxonomy":"product_cat","embeddable":true,"href":"https:\/\/www.highway-gmbh.de\/en\/wp-json\/wp\/v2\/product_cat?post=1125"},{"taxonomy":"product_tag","embeddable":true,"href":"https:\/\/www.highway-gmbh.de\/en\/wp-json\/wp\/v2\/product_tag?post=1125"}],"curies":[{"name":"wp","href":"https:\/\/api.w.org\/{rel}","templated":true}]}}