{"id":1119,"date":"2021-05-18T11:23:29","date_gmt":"2021-05-18T09:23:29","guid":{"rendered":"https:\/\/highwaygmbh.de\/highway\/?post_type=product&#038;p=1119"},"modified":"2023-03-23T09:31:12","modified_gmt":"2023-03-23T08:31:12","slug":"granit-1990i","status":"publish","type":"product","link":"https:\/\/www.highway-gmbh.de\/en\/produkte\/handscanner\/honeywell\/granit-1990i\/","title":{"rendered":"Granit 1990i"},"content":{"rendered":"<h1 id=\"jt_sr_headline\">Honeywell Granit 1990i<\/h1>\n<h2 id=\"jt_sr_subline\">Robuster Scanner f\u00fcr 1D\/2D-Barcodes<\/h2>\n<p>Die robusten Scanner Granit 1990i SR und 1990i XR von Honeywell sorgen dank ihrer hohen Leistungsf\u00e4higkeit bei jedem Einsatz in Lager, Industrie und Fertigung f\u00fcr exzellente Scanergebnisse. Durch ihre Hochgeschwindigkeitsscans erh\u00f6hen sie dabei auch die Produktivit\u00e4t und ihre lange Lebensdauer h\u00e4lt die Gesamtbetriebskosten niedrig.<\/p>\n<p>Beide Scanner-Modelle erfassen 1D- und 2D-Barcodes im Standard-Scanbereich (SR) oder mit erweiterter Reichweite (XR) zuverl\u00e4ssig und schnell. Zudem wurden sie mit Hinblick auf raue Einsatzbedingungen entwickelt und verf\u00fcgen daher \u00fcber einen besonders robusten Aufbau: Sie halten mehrfachen St\u00fcrzen aus bis zu 3 Metern H\u00f6he stand und selbst Betriebstemperaturen von -30 bis +50 \u00b0C sind keine Herausforderung \u2013 dadurch eignen sie sich auch f\u00fcr Arbeiten im K\u00fchlhaus. Au\u00dferdem sind sie gem\u00e4\u00df IP67 vollst\u00e4ndig gegen das Eindringen von Staub gesch\u00fctzt und \u00fcberstehen sogar das kurzweilige Untertauchen unter Wasser. Neben Honeywells \u00bbOperational Intelligence\u00ab-Software sind die Imager mit den Schnittstellen USB, RS-232 und KBW ausgestattet.<\/p>\n<h3><a href=\"https:\/\/www.highway-gmbh.de\/wp-content\/uploads\/Datenblatt-Granit-1990i.pdf\">Datenblatt Granit 1990i<\/a><\/h3>\n","protected":false},"excerpt":{"rendered":"<ul>\n<li>Kabelgebundener Scanner f\u00fcr das Erfassen von 1D\/2D-Barcodes<\/li>\n<li>Robuste Konstruktion: IP67-Zertifizierung, sturzsicher aus 3 m<\/li>\n<li>\u00bbOperational Intelligence\u00ab-Software f\u00fcr verbesserte Produktivit\u00e4t<\/li>\n<li>Schnittstellen: USB, RS-232 und KBW<\/li>\n<li>Halten im Einsatz Temperaturen von -30 bis +50 \u00b0C aus<\/li>\n<\/ul>\n","protected":false},"featured_media":1121,"template":"page-sidebar-left.php","meta":[],"product_brand":[],"product_cat":[18,72],"product_tag":[],"class_list":{"0":"post-1119","1":"product","2":"type-product","3":"status-publish","4":"has-post-thumbnail","6":"product_cat-handscanner","7":"product_cat-honeywell","9":"first","10":"instock","11":"virtual","12":"product-type-simple"},"translation":{"provider":"WPGlobus","version":"3.0.2","language":"en","enabled_languages":["de","en"],"languages":{"de":{"title":true,"content":true,"excerpt":true},"en":{"title":false,"content":false,"excerpt":false}}},"_links":{"self":[{"href":"https:\/\/www.highway-gmbh.de\/en\/wp-json\/wp\/v2\/product\/1119","targetHints":{"allow":["GET"]}}],"collection":[{"href":"https:\/\/www.highway-gmbh.de\/en\/wp-json\/wp\/v2\/product"}],"about":[{"href":"https:\/\/www.highway-gmbh.de\/en\/wp-json\/wp\/v2\/types\/product"}],"wp:featuredmedia":[{"embeddable":true,"href":"https:\/\/www.highway-gmbh.de\/en\/wp-json\/wp\/v2\/media\/1121"}],"wp:attachment":[{"href":"https:\/\/www.highway-gmbh.de\/en\/wp-json\/wp\/v2\/media?parent=1119"}],"wp:term":[{"taxonomy":"product_brand","embeddable":true,"href":"https:\/\/www.highway-gmbh.de\/en\/wp-json\/wp\/v2\/product_brand?post=1119"},{"taxonomy":"product_cat","embeddable":true,"href":"https:\/\/www.highway-gmbh.de\/en\/wp-json\/wp\/v2\/product_cat?post=1119"},{"taxonomy":"product_tag","embeddable":true,"href":"https:\/\/www.highway-gmbh.de\/en\/wp-json\/wp\/v2\/product_tag?post=1119"}],"curies":[{"name":"wp","href":"https:\/\/api.w.org\/{rel}","templated":true}]}}