{"id":1116,"date":"2021-05-18T11:20:52","date_gmt":"2021-05-18T09:20:52","guid":{"rendered":"https:\/\/highwaygmbh.de\/highway\/?post_type=product&#038;p=1116"},"modified":"2023-03-23T09:37:40","modified_gmt":"2023-03-23T08:37:40","slug":"granit-1981i","status":"publish","type":"product","link":"https:\/\/www.highway-gmbh.de\/en\/produkte\/handscanner\/honeywell\/granit-1981i\/","title":{"rendered":"Granit 1981i"},"content":{"rendered":"<h1 id=\"jt_sr_headline\">Honeywell Granit 1981i<\/h1>\n<h2 id=\"jt_sr_subline\">Kabelloser 2D Industrie Area-Imager<\/h2>\n<p>Der Honeywell 1981i Handscanner ist ein Allesk\u00f6nner f\u00fcr die Bereiche Industrie und Fertigung. Bereit f\u00fcr den Niedrigtemperaturbereich, arbeiten Sie mit dem Honeywell 1981i bei Temperaturen von bis zu -20\u00b0C. Der Scanner ist damit pr\u00e4destiniert f\u00fcr den Industrie- und K\u00fchlbereich, er garantiert durch ausgiebige Tests auch Robustheit unter h\u00e4rtesten Bedingungen. St\u00fcrze aus bis zu 2 m auch bei niedriger Temperatur bringen den Scanner nicht aus der Fassung. Schutzklasse IP65 beim Scanner und IP51 bei der Basis bringt zus\u00e4tzlich Schutz vor dem Eindringen von Fremdk\u00f6rpern und Spritzwasser.<\/p>\n<p>Mit dem Area-Imager scannen Nutzer 1D- und 2D-Barcodes aus einer Entfernung von 15 cm bis zu 16 m. Dank Bluetooth 2.1 verf\u00fcgt der 1981i \u00fcber eine Funkreichweite zur Basis von bis zu 100 m. Die Integration des Scanners ist \u00fcber USB, KBW und RS-232 m\u00f6glich, industrietaugliche Kabel erm\u00f6glichen eine Daten\u00fcbertragung der Basis auch bei widrigsten Umgebungsbedingungen.<\/p>\n<h3><a href=\"https:\/\/www.highway-gmbh.de\/wp-content\/uploads\/Datenblatt-Granit-1981i.pdf\">Datenblatt Granit 1981i<\/a><\/h3>\n","protected":false},"excerpt":{"rendered":"<ul>\n<li>Bluetooth-Scanner f\u00fcr gro\u00dfe Leseentfernungen von 15 cm bis 16 m<\/li>\n<li>Bis zu 100 m Reichweite f\u00fcr hohe Bewegungsfreiheit<\/li>\n<li>Einfache Anbindung \u00fcber USB, KBW oder RS-232<\/li>\n<li>Sturzresistent, wasser- und staubdicht gem\u00e4\u00df Schutzklasse IP65<\/li>\n<li>Geeignet auch f\u00fcr K\u00fchlbereiche bis -20 \u00b0C<\/li>\n<\/ul>\n","protected":false},"featured_media":1118,"template":"page-sidebar-left.php","meta":[],"product_brand":[],"product_cat":[18,72],"product_tag":[],"class_list":{"0":"post-1116","1":"product","2":"type-product","3":"status-publish","4":"has-post-thumbnail","6":"product_cat-handscanner","7":"product_cat-honeywell","9":"first","10":"instock","11":"virtual","12":"product-type-simple"},"translation":{"provider":"WPGlobus","version":"3.0.2","language":"en","enabled_languages":["de","en"],"languages":{"de":{"title":true,"content":true,"excerpt":true},"en":{"title":false,"content":false,"excerpt":false}}},"_links":{"self":[{"href":"https:\/\/www.highway-gmbh.de\/en\/wp-json\/wp\/v2\/product\/1116","targetHints":{"allow":["GET"]}}],"collection":[{"href":"https:\/\/www.highway-gmbh.de\/en\/wp-json\/wp\/v2\/product"}],"about":[{"href":"https:\/\/www.highway-gmbh.de\/en\/wp-json\/wp\/v2\/types\/product"}],"wp:featuredmedia":[{"embeddable":true,"href":"https:\/\/www.highway-gmbh.de\/en\/wp-json\/wp\/v2\/media\/1118"}],"wp:attachment":[{"href":"https:\/\/www.highway-gmbh.de\/en\/wp-json\/wp\/v2\/media?parent=1116"}],"wp:term":[{"taxonomy":"product_brand","embeddable":true,"href":"https:\/\/www.highway-gmbh.de\/en\/wp-json\/wp\/v2\/product_brand?post=1116"},{"taxonomy":"product_cat","embeddable":true,"href":"https:\/\/www.highway-gmbh.de\/en\/wp-json\/wp\/v2\/product_cat?post=1116"},{"taxonomy":"product_tag","embeddable":true,"href":"https:\/\/www.highway-gmbh.de\/en\/wp-json\/wp\/v2\/product_tag?post=1116"}],"curies":[{"name":"wp","href":"https:\/\/api.w.org\/{rel}","templated":true}]}}