{"id":1113,"date":"2021-05-18T11:15:17","date_gmt":"2021-05-18T09:15:17","guid":{"rendered":"https:\/\/highwaygmbh.de\/highway\/?post_type=product&#038;p=1113"},"modified":"2023-03-23T09:40:06","modified_gmt":"2023-03-23T08:40:06","slug":"granit-1980i","status":"publish","type":"product","link":"https:\/\/www.highway-gmbh.de\/en\/produkte\/handscanner\/honeywell\/granit-1980i\/","title":{"rendered":"Granit 1980i"},"content":{"rendered":"<h1 id=\"jt_sr_headline\">Honeywell Granit 19180i<\/h1>\n<h2>K\u00e4lteresistenter 2D Long-Range Area-Imager<\/h2>\n<p>Der Honeywell Granit 1980i Area-Imager bekommt so schnell keine kalten F\u00fc\u00dfe, er bleibt bei einer Temperatur von bis zu -30 \u00b0C einsatzbereit. Auch sonst l\u00e4sst er in Sachen Robustheit keine Fragen offen: Gem\u00e4\u00df IP65 zertifiziert wiedersetzt er sich dem Eindringen von Spritzwasser und Staubpartikeln. Den Einsatz in rauen Umgebungen meistert er gekonnt und l\u00e4sst sich auch von wiederholten St\u00fcrzen aus bis zu 2 m nicht aufhalten.<\/p>\n<p>Mit dem Area-Imager erfassen Sie zuverl\u00e4ssig 1D- und 2D-Barcodes bei entsprechender Gr\u00f6\u00dfe aus einer Entfernung von 15 cm bis zu 16 m. Damit er\u00fcbrigt sich in einigen F\u00e4llen das Aussteigen aus dem Gabelstapler oder das Entnehmen einer Palette aus h\u00f6hergelegenen Lagerpl\u00e4tzen. Den Scanner schlie\u00dfen Sie am Host-System per USB oder RS-232 an, industrietaugliche Verbindungskabel gew\u00e4hrleisten die n\u00f6tige Sicherheit auch bei widrigen Umst\u00e4nden und starken Temperaturschwankungen.<\/p>\n<h3><a href=\"https:\/\/www.highway-gmbh.de\/wp-content\/uploads\/Datenblatt-Granit-1980i.pdf\">Datenblatt Granit 1980i<\/a><\/h3>\n","protected":false},"excerpt":{"rendered":"<ul>\n<li>Kabelgebundener Industriescanner f\u00fcr gro\u00dfe Leseentfernungen bis 16 m<\/li>\n<li>Einfache Anbindung \u00fcber USB oder RS-232<\/li>\n<li>Fallresistent bis zu 2 m und IP65-zertifiziert<\/li>\n<li>Auch f\u00fcr Tiefk\u00fchllager: einsetzbar bei bis zu -30 \u00b0C<\/li>\n<li>3 Jahre Herstellergarantie<\/li>\n<\/ul>\n","protected":false},"featured_media":1115,"template":"page-sidebar-left.php","meta":[],"product_brand":[],"product_cat":[18,72],"product_tag":[],"class_list":{"0":"post-1113","1":"product","2":"type-product","3":"status-publish","4":"has-post-thumbnail","6":"product_cat-handscanner","7":"product_cat-honeywell","9":"first","10":"instock","11":"virtual","12":"product-type-simple"},"translation":{"provider":"WPGlobus","version":"3.0.2","language":"en","enabled_languages":["de","en"],"languages":{"de":{"title":true,"content":true,"excerpt":true},"en":{"title":false,"content":false,"excerpt":false}}},"_links":{"self":[{"href":"https:\/\/www.highway-gmbh.de\/en\/wp-json\/wp\/v2\/product\/1113","targetHints":{"allow":["GET"]}}],"collection":[{"href":"https:\/\/www.highway-gmbh.de\/en\/wp-json\/wp\/v2\/product"}],"about":[{"href":"https:\/\/www.highway-gmbh.de\/en\/wp-json\/wp\/v2\/types\/product"}],"wp:featuredmedia":[{"embeddable":true,"href":"https:\/\/www.highway-gmbh.de\/en\/wp-json\/wp\/v2\/media\/1115"}],"wp:attachment":[{"href":"https:\/\/www.highway-gmbh.de\/en\/wp-json\/wp\/v2\/media?parent=1113"}],"wp:term":[{"taxonomy":"product_brand","embeddable":true,"href":"https:\/\/www.highway-gmbh.de\/en\/wp-json\/wp\/v2\/product_brand?post=1113"},{"taxonomy":"product_cat","embeddable":true,"href":"https:\/\/www.highway-gmbh.de\/en\/wp-json\/wp\/v2\/product_cat?post=1113"},{"taxonomy":"product_tag","embeddable":true,"href":"https:\/\/www.highway-gmbh.de\/en\/wp-json\/wp\/v2\/product_tag?post=1113"}],"curies":[{"name":"wp","href":"https:\/\/api.w.org\/{rel}","templated":true}]}}