{"id":1110,"date":"2021-05-18T11:11:09","date_gmt":"2021-05-18T09:11:09","guid":{"rendered":"https:\/\/highwaygmbh.de\/highway\/?post_type=product&#038;p=1110"},"modified":"2023-03-23T09:28:11","modified_gmt":"2023-03-23T08:28:11","slug":"granit-1920i-dpm","status":"publish","type":"product","link":"https:\/\/www.highway-gmbh.de\/en\/produkte\/handscanner\/honeywell\/granit-1920i-dpm\/","title":{"rendered":"Granit 1920i DPM"},"content":{"rendered":"<h1 id=\"jt_sr_headline\">Honeywell Granit 1920i DPM<\/h1>\n<h2 id=\"jt_sr_subline\">Ultra-Robuster Handscanner f\u00fcr DPM-Barcodes<\/h2>\n<p>Mit dem Handscanner Granit 1920i DPM weitet Honeywell die ultra-robuste Granit-Reihe auf das Direct Part Marking aus. Dank einem speziellen Beleuchtungssystem erfasst er Barcodes unabh\u00e4ngig von den gekennzeichneten Materialien, der eingesetzten Markierungsmethode und der Gr\u00f6\u00dfe. Ein integrierter Diffusor erzeugt weiches, indirektes Licht zum Lesen von Barcodes auf gekr\u00fcmmten oder reflektierenden Oberfl\u00e4chen, mit denen vergleichbare Scanner oft Schwierigkeiten haben. Nat\u00fcrlich liest der 1920i DPM auch regul\u00e4re gedruckte 1D- und 2D-Barcodes. Mit seiner ausgezeichneten Performance ist er optimal f\u00fcr fordernde industrielle Eins\u00e4tze geeignet, zum Beispiel in der Automotive- oder Pharmaindustrie sowie in der Luftfahrt.<\/p>\n<p>Als Mitglied der bew\u00e4hrten Granit-Familie \u00fcberzeugt der hochpr\u00e4zise Scanner nat\u00fcrlich durch ein robustes \u00c4u\u00dferes und verkraftet Betriebstemperaturen zwischen -30 \u00b0C und +50 \u00b0C. Damit \u00fcberzeugt er selbst unter h\u00e4rtesten Bedingungen durch H\u00f6chstleistung. Mit USB, RS-232 und Tastaturweiche bietet der Granit 1920i DPM eine Vielfalt an Anschlussm\u00f6glichkeiten. Drei Jahre Garantie ab Werk sorgen auch bei der Investition f\u00fcr zuverl\u00e4ssige Sicherheit.<\/p>\n<h3><a href=\"https:\/\/www.highway-gmbh.de\/wp-content\/uploads\/Datenblatt-Granit-1920i-DPM.pdf\">Datenblatt Granit 1920i DPM<\/a><\/h3>\n<p>&nbsp;<\/p>\n","protected":false},"excerpt":{"rendered":"<ul>\n<li>Area Imager f\u00fcr DPM- sowie gedruckte Barcodes<\/li>\n<li>Scannt zuverl\u00e4ssig und unabh\u00e4ngig von Oberfl\u00e4cheneigenschaften<\/li>\n<li>Liest auch Barcodes auf runden oder spiegelnden Oberfl\u00e4chen<\/li>\n<li>Viele Anschlussoptionen: USB, RS-232 und Tastaturweiche<\/li>\n<li>Volle 36 Monate Garantie ab Werk<\/li>\n<\/ul>\n","protected":false},"featured_media":1112,"template":"page-sidebar-left.php","meta":[],"product_brand":[],"product_cat":[18,72],"product_tag":[],"class_list":{"0":"post-1110","1":"product","2":"type-product","3":"status-publish","4":"has-post-thumbnail","6":"product_cat-handscanner","7":"product_cat-honeywell","9":"first","10":"instock","11":"virtual","12":"product-type-simple"},"translation":{"provider":"WPGlobus","version":"3.0.2","language":"en","enabled_languages":["de","en"],"languages":{"de":{"title":true,"content":true,"excerpt":true},"en":{"title":false,"content":false,"excerpt":false}}},"_links":{"self":[{"href":"https:\/\/www.highway-gmbh.de\/en\/wp-json\/wp\/v2\/product\/1110","targetHints":{"allow":["GET"]}}],"collection":[{"href":"https:\/\/www.highway-gmbh.de\/en\/wp-json\/wp\/v2\/product"}],"about":[{"href":"https:\/\/www.highway-gmbh.de\/en\/wp-json\/wp\/v2\/types\/product"}],"wp:featuredmedia":[{"embeddable":true,"href":"https:\/\/www.highway-gmbh.de\/en\/wp-json\/wp\/v2\/media\/1112"}],"wp:attachment":[{"href":"https:\/\/www.highway-gmbh.de\/en\/wp-json\/wp\/v2\/media?parent=1110"}],"wp:term":[{"taxonomy":"product_brand","embeddable":true,"href":"https:\/\/www.highway-gmbh.de\/en\/wp-json\/wp\/v2\/product_brand?post=1110"},{"taxonomy":"product_cat","embeddable":true,"href":"https:\/\/www.highway-gmbh.de\/en\/wp-json\/wp\/v2\/product_cat?post=1110"},{"taxonomy":"product_tag","embeddable":true,"href":"https:\/\/www.highway-gmbh.de\/en\/wp-json\/wp\/v2\/product_tag?post=1110"}],"curies":[{"name":"wp","href":"https:\/\/api.w.org\/{rel}","templated":true}]}}