{"id":1104,"date":"2021-05-18T11:04:21","date_gmt":"2021-05-18T09:04:21","guid":{"rendered":"https:\/\/highwaygmbh.de\/highway\/?post_type=product&#038;p=1104"},"modified":"2023-03-23T10:22:44","modified_gmt":"2023-03-23T09:22:44","slug":"granit-1910i","status":"publish","type":"product","link":"https:\/\/www.highway-gmbh.de\/en\/produkte\/handscanner\/honeywell\/granit-1910i\/","title":{"rendered":"Granit 1910i"},"content":{"rendered":"<h1 id=\"jt_sr_headline\">Honeywell Granit 1910i<\/h1>\n<h2 id=\"jt_sr_subline\">Robuster Linear Imager f\u00fcr die Industrie<\/h2>\n<p>Der Granit 1910i von Honeywell ist der steinharte Linear Imager, der mehr Leistung bietet. Er hat eine leistungsstarke Scan-Engine und ein sto\u00dfresistentes und spritzwassergesch\u00fctztes Geh\u00e4use gem\u00e4\u00df Schutzklasse IP65 \u2013 perfekt f\u00fcr alle Anwendungen in Industrie und Lagerhaltung. Dabei ist die Zuverl\u00e4ssigkeit im Bereich von extremen -30 \u00b0C bis +50 \u00b0C jederzeit gleich hoch.<\/p>\n<p>Dank bew\u00e4hrter Adaptus 6.0 Imaging Technologie erfasst er alle Barcodes schnell und sicher. Auch besch\u00e4digte oder schlecht lesbare Codes mit mindestens 20 % Kontrast dekodiert der Granit 1910i einwandfrei. Besonders in lauten oder schlecht beleuchteten Umgebungen macht sich sein Dreifach-Feedback bezahlt: Vibration (optional), Beeper und LED stellen schnelles und effizientes Arbeiten sicher und sind entsprechend der Anforderung einzustellen. Beim Zielen helfen das helle Zielkreuz sowie die Begrenzungslinien im Sichtfeld. Sollten am Einsatzort in Zukunft auch 2D-Barcodes eingesetzt werden, ist es ebenso schnell wie einfach m\u00f6glich, das Leseverm\u00f6gen des Granit 1910i von 1D auf 2D zu erweitern \u2013 oder Sie bestellen ihn direkt als 2D-Modell.<\/p>\n<h3><a href=\"https:\/\/www.highway-gmbh.de\/wp-content\/uploads\/Datenblatt-Granit-1910i.pdf\">Datenblatt Granit 1910i<\/a><\/h3>\n","protected":false},"excerpt":{"rendered":"<ul>\n<li>Hochleistungs-Imager mit industrietauglichem Geh\u00e4use<\/li>\n<li>Effizient: Dreifach-Feedback f\u00fcr laute Umgebungen<\/li>\n<li>Wahlweise als 1D- oder 2D-Variante verf\u00fcgbar<\/li>\n<li>Fallresistent auch bei St\u00fcrzen aus bis zu 2 m H\u00f6he<\/li>\n<li>IP65-Schutz und zuverl\u00e4ssig bei extremen -30 \u00b0C bis<br \/>\n50 \u00b0C<\/li>\n<\/ul>\n<h3>Abk\u00fcndigung des\u00a0 Granit 1910i<\/h3>\n<p>Der Honeywell Granit 1910i wird durch den <strong><a href=\"https:\/\/www.highway-gmbh.de\/produkte\/handscanner\/honeywell\/granit-1990i\/\">Nachfolger Granit 1990i<\/a> <\/strong>abgel\u00f6st.<\/p>\n","protected":false},"featured_media":1107,"template":"page-sidebar-left.php","meta":[],"product_brand":[],"product_cat":[18,72],"product_tag":[],"class_list":{"0":"post-1104","1":"product","2":"type-product","3":"status-publish","4":"has-post-thumbnail","6":"product_cat-handscanner","7":"product_cat-honeywell","9":"first","10":"instock","11":"virtual","12":"product-type-simple"},"translation":{"provider":"WPGlobus","version":"3.0.2","language":"en","enabled_languages":["de","en"],"languages":{"de":{"title":true,"content":true,"excerpt":true},"en":{"title":false,"content":false,"excerpt":false}}},"_links":{"self":[{"href":"https:\/\/www.highway-gmbh.de\/en\/wp-json\/wp\/v2\/product\/1104","targetHints":{"allow":["GET"]}}],"collection":[{"href":"https:\/\/www.highway-gmbh.de\/en\/wp-json\/wp\/v2\/product"}],"about":[{"href":"https:\/\/www.highway-gmbh.de\/en\/wp-json\/wp\/v2\/types\/product"}],"wp:featuredmedia":[{"embeddable":true,"href":"https:\/\/www.highway-gmbh.de\/en\/wp-json\/wp\/v2\/media\/1107"}],"wp:attachment":[{"href":"https:\/\/www.highway-gmbh.de\/en\/wp-json\/wp\/v2\/media?parent=1104"}],"wp:term":[{"taxonomy":"product_brand","embeddable":true,"href":"https:\/\/www.highway-gmbh.de\/en\/wp-json\/wp\/v2\/product_brand?post=1104"},{"taxonomy":"product_cat","embeddable":true,"href":"https:\/\/www.highway-gmbh.de\/en\/wp-json\/wp\/v2\/product_cat?post=1104"},{"taxonomy":"product_tag","embeddable":true,"href":"https:\/\/www.highway-gmbh.de\/en\/wp-json\/wp\/v2\/product_tag?post=1104"}],"curies":[{"name":"wp","href":"https:\/\/api.w.org\/{rel}","templated":true}]}}