{"id":1098,"date":"2021-05-18T10:57:42","date_gmt":"2021-05-18T08:57:42","guid":{"rendered":"https:\/\/highwaygmbh.de\/highway\/?post_type=product&#038;p=1098"},"modified":"2021-05-28T15:52:21","modified_gmt":"2021-05-28T13:52:21","slug":"xenon-1950h","status":"publish","type":"product","link":"https:\/\/www.highway-gmbh.de\/en\/produkte\/handscanner\/honeywell\/xenon-1950h\/","title":{"rendered":"Xenon 1950h"},"content":{"rendered":"<h1 id=\"jt_sr_headline\">Honeywell Xenon 1950h<\/h1>\n<h2 id=\"jt_sr_subline\">Das Healthcare Lesegenie unter den Area Imagern<\/h2>\n<p>Der Area-Imager Xenon Performance (XP) 1950h von Honeywell eignet sich durch sein wei\u00dfes Geh\u00e4use besonders f\u00fcr die Arbeit in Healthcare-Bereichen wie Apotheken oder Krankenh\u00e4usern. Er erfasst absolut zuverl\u00e4ssig blasse und besch\u00e4digte 1D-\/2D-Barcodes, Postal Digimarc, OCR sowie DOT Codes (abh\u00e4ngig von der Konfigurierung) \u2013 das spart Zeit und erm\u00f6glicht das Augenmerk auf Kunden und Patienten zu richten.<\/p>\n<p>Honeywell wei\u00df, welche besonderen Eigenschaften ein Area-Imager braucht, um erfolgreich zu sein. Daher liegt der kabelgebundene Honeywell Xenon Performance (XP) 1950h hervorragend in der Hand und wurde sehr robust konzipiert: Der Xenon Performance \u00fcbersteht bis zu 50 St\u00fcrze aus 1,8 Metern H\u00f6he, scannt Barcodes zuverl\u00e4ssig auch bei 95-prozentiger Luftfeuchtigkeit und hat eine IP41-Zertifizierung.<\/p>\n<p>Das desinfektionsbest\u00e4ndige Geh\u00e4use \u00fcbersteht auch h\u00e4ufiges Reinigen mit Desinfektionsmittel problemlos.<\/p>\n<p>Der Xenon Performance (XP) unterst\u00fctzt alle g\u00e4ngigen Schnittstellen: USB, Keyboard Wedge, RS-232 sowie RS-485 Support f\u00fcr TGCS (IBM) 46XX.<\/p>\n<h3><a href=\"https:\/\/www.highway-gmbh.de\/wp-content\/uploads\/Datenblatt-Xenon-1950h.pdf\">Datenblatt Xenon 1950h<\/a><\/h3>\n<p>&nbsp;<\/p>\n","protected":false},"excerpt":{"rendered":"<ul>\n<li>1D-\/2D-Scanner (auch Digimarc, OCR und DOT Codes (konfigurationsabh\u00e4ngig)<\/li>\n<li>Liest besch\u00e4digte und schwer lesbare Barcodes<\/li>\n<li>Sturzsicher aus 1,8 Metern, IP41-Zertifizierung<\/li>\n<li>Optionaler Vibrationsmodus<\/li>\n<li>Desinfektionsbest\u00e4ndiges Geh\u00e4use<\/li>\n<\/ul>\n","protected":false},"featured_media":1100,"template":"page-sidebar-left.php","meta":[],"product_brand":[],"product_cat":[18,72],"product_tag":[53],"class_list":{"0":"post-1098","1":"product","2":"type-product","3":"status-publish","4":"has-post-thumbnail","6":"product_cat-handscanner","7":"product_cat-honeywell","8":"product_tag-datalogic","10":"first","11":"instock","12":"virtual","13":"product-type-simple"},"translation":{"provider":"WPGlobus","version":"3.0.2","language":"en","enabled_languages":["de","en"],"languages":{"de":{"title":true,"content":true,"excerpt":true},"en":{"title":false,"content":false,"excerpt":false}}},"_links":{"self":[{"href":"https:\/\/www.highway-gmbh.de\/en\/wp-json\/wp\/v2\/product\/1098","targetHints":{"allow":["GET"]}}],"collection":[{"href":"https:\/\/www.highway-gmbh.de\/en\/wp-json\/wp\/v2\/product"}],"about":[{"href":"https:\/\/www.highway-gmbh.de\/en\/wp-json\/wp\/v2\/types\/product"}],"wp:featuredmedia":[{"embeddable":true,"href":"https:\/\/www.highway-gmbh.de\/en\/wp-json\/wp\/v2\/media\/1100"}],"wp:attachment":[{"href":"https:\/\/www.highway-gmbh.de\/en\/wp-json\/wp\/v2\/media?parent=1098"}],"wp:term":[{"taxonomy":"product_brand","embeddable":true,"href":"https:\/\/www.highway-gmbh.de\/en\/wp-json\/wp\/v2\/product_brand?post=1098"},{"taxonomy":"product_cat","embeddable":true,"href":"https:\/\/www.highway-gmbh.de\/en\/wp-json\/wp\/v2\/product_cat?post=1098"},{"taxonomy":"product_tag","embeddable":true,"href":"https:\/\/www.highway-gmbh.de\/en\/wp-json\/wp\/v2\/product_tag?post=1098"}],"curies":[{"name":"wp","href":"https:\/\/api.w.org\/{rel}","templated":true}]}}