{"id":1094,"date":"2021-05-18T10:53:52","date_gmt":"2021-05-18T08:53:52","guid":{"rendered":"https:\/\/highwaygmbh.de\/highway\/?post_type=product&#038;p=1094"},"modified":"2021-05-28T15:52:21","modified_gmt":"2021-05-28T13:52:21","slug":"xenon-1950g","status":"publish","type":"product","link":"https:\/\/www.highway-gmbh.de\/en\/produkte\/handscanner\/honeywell\/xenon-1950g\/","title":{"rendered":"Xenon 1950g"},"content":{"rendered":"<h1 id=\"jt_sr_headline\">Honeywell Xenon 1950g<\/h1>\n<h2 id=\"jt_sr_subline\">Das Lesegenie unter den Area Imagern liest nahezu alles<\/h2>\n<p>Der Honeywell Area-Imager Xenon Performance (XP) 1950g f\u00fcr Handel, Logistik, Transport und Healthcare ist beim Lesen ganz und gar nicht w\u00e4hlerisch \u2013 er erfasst absolut zuverl\u00e4ssig blasse und besch\u00e4digte 1D-\/2D-Barcodes, Postal Digimarc, OCR sowie DOT Codes (abh\u00e4ngig von der Konfigurierung). Das erleichtert die Arbeit, verbessert die Performance und schenkt Mitarbeitern und Kunden vor allem eins: mehr Zeit.<\/p>\n<p>Honeywell wei\u00df, welche besonderen Eigenschaften ein Area-Imager braucht, um erfolgreich zu sein. Daher liegt der kabelgebundene Honeywell Xenon Performance (XP) 1950g hervorragend in der Hand und wurde sehr robust konzipiert: Der Xenon Performance \u00fcbersteht bis zu 50 St\u00fcrze aus 1,8 Metern H\u00f6he, scannt Barcodes zuverl\u00e4ssig auch bei 95-prozentiger Luftfeuchtigkeit und hat eine IP41-Zertifizierung.<\/p>\n<p>Der Xenon Performance (XP) l\u00e4sst sich schnell integrieren, denn er unterst\u00fctzt alle g\u00e4ngigen Schnittstellen: USB, Keyboard Wedge, RS-232 sowie RS-485 mit Support f\u00fcr TCGS (IBM) 64XX.<\/p>\n<p>Der Xenon Performance (XP) ist auch als Healthcare-Variante mit einem desinfektionsbest\u00e4ndigen Geh\u00e4use erh\u00e4ltlich, dem h\u00e4ufiges Reinigen mit aggressiven Chemikalien nichts ausmacht.<\/p>\n<h3><a href=\"https:\/\/www.highway-gmbh.de\/wp-content\/uploads\/Datenblatt-Xenon-1950g.pdf\">Datenblatt Xenon 1950g<\/a><\/h3>\n","protected":false},"excerpt":{"rendered":"<ul>\n<li>1D-\/2D-Scanner (auch Digimarc, OCR und DOT Codes (konfigurationsabh\u00e4ngig)<\/li>\n<li>Liest besch\u00e4digte und schwer lesbare Barcodes<\/li>\n<li>Sturzsicher aus 1,8 Metern, IP41-Zertifizierung<\/li>\n<li>Auch als Healthcare-Variante erh\u00e4ltlich<\/li>\n<li>Optionaler Vibrationsmodus<\/li>\n<\/ul>\n","protected":false},"featured_media":1097,"template":"page-sidebar-left.php","meta":[],"product_brand":[],"product_cat":[18,72],"product_tag":[53],"class_list":{"0":"post-1094","1":"product","2":"type-product","3":"status-publish","4":"has-post-thumbnail","6":"product_cat-handscanner","7":"product_cat-honeywell","8":"product_tag-datalogic","10":"first","11":"instock","12":"virtual","13":"product-type-simple"},"translation":{"provider":"WPGlobus","version":"3.0.2","language":"en","enabled_languages":["de","en"],"languages":{"de":{"title":true,"content":true,"excerpt":true},"en":{"title":false,"content":false,"excerpt":false}}},"_links":{"self":[{"href":"https:\/\/www.highway-gmbh.de\/en\/wp-json\/wp\/v2\/product\/1094","targetHints":{"allow":["GET"]}}],"collection":[{"href":"https:\/\/www.highway-gmbh.de\/en\/wp-json\/wp\/v2\/product"}],"about":[{"href":"https:\/\/www.highway-gmbh.de\/en\/wp-json\/wp\/v2\/types\/product"}],"wp:featuredmedia":[{"embeddable":true,"href":"https:\/\/www.highway-gmbh.de\/en\/wp-json\/wp\/v2\/media\/1097"}],"wp:attachment":[{"href":"https:\/\/www.highway-gmbh.de\/en\/wp-json\/wp\/v2\/media?parent=1094"}],"wp:term":[{"taxonomy":"product_brand","embeddable":true,"href":"https:\/\/www.highway-gmbh.de\/en\/wp-json\/wp\/v2\/product_brand?post=1094"},{"taxonomy":"product_cat","embeddable":true,"href":"https:\/\/www.highway-gmbh.de\/en\/wp-json\/wp\/v2\/product_cat?post=1094"},{"taxonomy":"product_tag","embeddable":true,"href":"https:\/\/www.highway-gmbh.de\/en\/wp-json\/wp\/v2\/product_tag?post=1094"}],"curies":[{"name":"wp","href":"https:\/\/api.w.org\/{rel}","templated":true}]}}