{"id":1091,"date":"2021-05-18T10:51:24","date_gmt":"2021-05-18T08:51:24","guid":{"rendered":"https:\/\/highwaygmbh.de\/highway\/?post_type=product&#038;p=1091"},"modified":"2021-05-28T15:52:21","modified_gmt":"2021-05-28T13:52:21","slug":"xenon-1902g-bf","status":"publish","type":"product","link":"https:\/\/www.highway-gmbh.de\/en\/produkte\/handscanner\/honeywell\/xenon-1902g-bf\/","title":{"rendered":"Xenon 1902g-bf"},"content":{"rendered":"<h1 id=\"jt_sr_headline\">Honeywell Xenon 1902g-bf<\/h1>\n<h2 id=\"jt_sr_subline\">Mobiler 2D-Area-Imager ohne Batterie<\/h2>\n<p>Honeywells Xenon ist bereits ein Klassiker unter den High-End 2D-Handscannern und unbestrittener Performance-Spitzenreiter im Honeywell Portfolio. Ebenso wie der 1902g eignet sich auch der Xenon 1902g-bf perfekt f\u00fcr den Einsatz in Handel, Lager, Fertigung und Logistik. Die Hochleistungs-Engine liest schlecht gedruckte oder besch\u00e4digte 1D-, 2D- und Stapelcodes besonders aggressiv und ist Digimarc-ready. Die Besonderheit: der Area-Imager hat keine Batterien und auch keinen Akku im herk\u00f6mmlichen Sinn! Integriert ist ein Superkondensator, der zahlreiche Vorteile f\u00fcr den t\u00e4glichen Einsatz mit sich bringt: Das kostenintensive Akku-Management entf\u00e4llt komplett \u2013 damit ist das Ger\u00e4t sehr umweltschonend.<\/p>\n<p>Die extrem kurzen Ladezyklen des Superkondensators \u2013 unter einer Minute \u2013 erm\u00f6glichen einen schnellen Einsatz und Sie k\u00f6nnen bis zu 450 Scans durchf\u00fchren, dabei ist der Barcodescanner aber schon nach 15 Sekunden einsatzbereit. Dies und die lange Haltbarkeit bei gleichbleibender Leistung sichern Ihre Investition.<\/p>\n<h3><a href=\"https:\/\/www.highway-gmbh.de\/wp-content\/uploads\/Datenblatt-Xenon-1902g-bf.pdf\">Datenblatt Xenon 1902g-bf<\/a><\/h3>\n","protected":false},"excerpt":{"rendered":"<ul>\n<li>Kabelloser Bluetooth-Barcodescanner f\u00fcr 1D- und 2D Barcodes<\/li>\n<li>Ideal geeignet f\u00fcr Handel, Lager, Fertigung und Logistik<\/li>\n<li>Innovativer Superkondensator erspart kostenintensives Batteriemanagement<\/li>\n<li>Extrem kurze Ladezyklen: In unter einer Minute voll aufgeladen<\/li>\n<li>Bereits nach 15 Sekunden einsatzbereit<\/li>\n<\/ul>\n","protected":false},"featured_media":1093,"template":"page-sidebar-left.php","meta":[],"product_brand":[],"product_cat":[18,72],"product_tag":[53],"class_list":{"0":"post-1091","1":"product","2":"type-product","3":"status-publish","4":"has-post-thumbnail","6":"product_cat-handscanner","7":"product_cat-honeywell","8":"product_tag-datalogic","10":"first","11":"instock","12":"virtual","13":"product-type-simple"},"translation":{"provider":"WPGlobus","version":"3.0.2","language":"en","enabled_languages":["de","en"],"languages":{"de":{"title":true,"content":true,"excerpt":true},"en":{"title":false,"content":false,"excerpt":false}}},"_links":{"self":[{"href":"https:\/\/www.highway-gmbh.de\/en\/wp-json\/wp\/v2\/product\/1091","targetHints":{"allow":["GET"]}}],"collection":[{"href":"https:\/\/www.highway-gmbh.de\/en\/wp-json\/wp\/v2\/product"}],"about":[{"href":"https:\/\/www.highway-gmbh.de\/en\/wp-json\/wp\/v2\/types\/product"}],"wp:featuredmedia":[{"embeddable":true,"href":"https:\/\/www.highway-gmbh.de\/en\/wp-json\/wp\/v2\/media\/1093"}],"wp:attachment":[{"href":"https:\/\/www.highway-gmbh.de\/en\/wp-json\/wp\/v2\/media?parent=1091"}],"wp:term":[{"taxonomy":"product_brand","embeddable":true,"href":"https:\/\/www.highway-gmbh.de\/en\/wp-json\/wp\/v2\/product_brand?post=1091"},{"taxonomy":"product_cat","embeddable":true,"href":"https:\/\/www.highway-gmbh.de\/en\/wp-json\/wp\/v2\/product_cat?post=1091"},{"taxonomy":"product_tag","embeddable":true,"href":"https:\/\/www.highway-gmbh.de\/en\/wp-json\/wp\/v2\/product_tag?post=1091"}],"curies":[{"name":"wp","href":"https:\/\/api.w.org\/{rel}","templated":true}]}}