{"id":1088,"date":"2021-05-18T10:47:43","date_gmt":"2021-05-18T08:47:43","guid":{"rendered":"https:\/\/highwaygmbh.de\/highway\/?post_type=product&#038;p=1088"},"modified":"2021-05-28T15:52:21","modified_gmt":"2021-05-28T13:52:21","slug":"xenon-1902g","status":"publish","type":"product","link":"https:\/\/www.highway-gmbh.de\/en\/produkte\/handscanner\/honeywell\/xenon-1902g\/","title":{"rendered":"Xenon 1902g"},"content":{"rendered":"<h1 id=\"jt_sr_headline\">Honeywell Xenon 1902g<\/h1>\n<h2 id=\"jt_sr_subline\">Kabelloser Bluetooth Imager f\u00fcr 2D Barcodes<\/h2>\n<p>Der kabellose Xenon 1902g ist ein leistungsstarker und robuster Area Imager. Bluetooth 2.1 sorgt f\u00fcr hohe Mobilit\u00e4t, und Adaptus Imaging Technologie 6.0 gew\u00e4hrleistet mit unterschiedlichen Optiken (HD, SR, ER) Top-Leseleistung f\u00fcr jede Anwendung.<\/p>\n<p>In der sechsten Generation bietet Honeywell den perfekten Area Imager f\u00fcr raue Einsatzbereiche wie Handel, Fertigung oder Logistik: Der Xenon 1902g liest schlecht gedruckte oder besch\u00e4digte Barcodes schnell und effizient, Bilder, Unterschriften und andere Daten sogar direkt vom Monitor oder Display. Der Verzicht auf bewegliche Spiegeloptik ergibt eine besonders robuste Bauweise \u2013 selbst mehrfache St\u00fcrze auf Beton \u00fcbersteht der Scanner problemlos. Hohe Akku-Einsatzzeiten und eine Reichweite von bis zu 10 m garantieren hohe Flexibilit\u00e4t bei unterbrechungsfreiem Einsatz.<\/p>\n<p>F\u00fcr anspruchsvolle und sensible Anwendungen in der Medizin und im Labor erhalten Sie den Xenon 1902g optional auch mit einem desinfizierbaren Geh\u00e4use. Der Xenon 1902g besitzt dieselbe hohe Ergonomie der Standardversion, seine Oberfl\u00e4che ist aber selbst mit aggressiven Reinigern zu behandeln, was ihn besonders klinisch und sicher im Umgang mit Patienten und anspruchsvollen Stoffen macht. Dar\u00fcber hinaus erhalten Sie eine Version, die auch farbige Barcodes liest und damit ein ganz neues Funktionsspektrum er\u00f6ffnet.<\/p>\n<p>Eine Bildverarbeitungssoftware bietet erweiterte Bearbeitungsfunktionen wie Zuschneiden, Aufhellen, Drehen, verbesserte Sch\u00e4rfe und vieles mehr f\u00fcr digitale Bilder von hoher Qualit\u00e4t. Weitere intelligente Software-Features optimieren die Interpretation und \u00dcbertragung der Daten und unterst\u00fctzen Sie bei der Integration in vorhandene Systeme.<\/p>\n<h3><a href=\"https:\/\/www.highway-gmbh.de\/wp-content\/uploads\/Datenblatt-Xenon-1900g-1.pdf\">Datenblatt Xenon 1900g<\/a><\/h3>\n<p>&nbsp;<\/p>\n","protected":false},"excerpt":{"rendered":"<ul>\n<li>Omnidirektionaler Area Imager der sechsten Generation<\/li>\n<li>Bluetooth-Version f\u00fcr h\u00f6chste Flexibilit\u00e4t in Handel, Lager und Logistik<\/li>\n<li>Leistungsstarke Adaptus Imaging Technologie f\u00fcr unterschiedliche Lesereichweiten<\/li>\n<li>Spezielle Version f\u00fcr farbige Barcodes und Bilder<\/li>\n<li>Optional als Healthcare-Variante mit desinfizierbarem Geh\u00e4use<\/li>\n<\/ul>\n","protected":false},"featured_media":1090,"template":"page-sidebar-left.php","meta":[],"product_brand":[],"product_cat":[18,72],"product_tag":[53],"class_list":{"0":"post-1088","1":"product","2":"type-product","3":"status-publish","4":"has-post-thumbnail","6":"product_cat-handscanner","7":"product_cat-honeywell","8":"product_tag-datalogic","10":"first","11":"instock","12":"virtual","13":"product-type-simple"},"translation":{"provider":"WPGlobus","version":"3.0.2","language":"en","enabled_languages":["de","en"],"languages":{"de":{"title":true,"content":true,"excerpt":true},"en":{"title":false,"content":false,"excerpt":false}}},"_links":{"self":[{"href":"https:\/\/www.highway-gmbh.de\/en\/wp-json\/wp\/v2\/product\/1088","targetHints":{"allow":["GET"]}}],"collection":[{"href":"https:\/\/www.highway-gmbh.de\/en\/wp-json\/wp\/v2\/product"}],"about":[{"href":"https:\/\/www.highway-gmbh.de\/en\/wp-json\/wp\/v2\/types\/product"}],"wp:featuredmedia":[{"embeddable":true,"href":"https:\/\/www.highway-gmbh.de\/en\/wp-json\/wp\/v2\/media\/1090"}],"wp:attachment":[{"href":"https:\/\/www.highway-gmbh.de\/en\/wp-json\/wp\/v2\/media?parent=1088"}],"wp:term":[{"taxonomy":"product_brand","embeddable":true,"href":"https:\/\/www.highway-gmbh.de\/en\/wp-json\/wp\/v2\/product_brand?post=1088"},{"taxonomy":"product_cat","embeddable":true,"href":"https:\/\/www.highway-gmbh.de\/en\/wp-json\/wp\/v2\/product_cat?post=1088"},{"taxonomy":"product_tag","embeddable":true,"href":"https:\/\/www.highway-gmbh.de\/en\/wp-json\/wp\/v2\/product_tag?post=1088"}],"curies":[{"name":"wp","href":"https:\/\/api.w.org\/{rel}","templated":true}]}}