{"id":1085,"date":"2021-05-18T10:44:32","date_gmt":"2021-05-18T08:44:32","guid":{"rendered":"https:\/\/highwaygmbh.de\/highway\/?post_type=product&#038;p=1085"},"modified":"2021-05-28T15:52:21","modified_gmt":"2021-05-28T13:52:21","slug":"xenon-1900g","status":"publish","type":"product","link":"https:\/\/www.highway-gmbh.de\/en\/produkte\/handscanner\/honeywell\/xenon-1900g\/","title":{"rendered":"Xenon 1900g"},"content":{"rendered":"<h1 id=\"jt_sr_headline\">Honeywell Xenon 1900g<\/h1>\n<h2 id=\"jt_sr_subline\">High-End Handscanner f\u00fcr 2D Barcodes<\/h2>\n<p>Der Xenon 1900g ist ein leistungsstarker Area Imager f\u00fcr 1D- und 2D-Barcodes. Dank Adaptus Imaging Technologie 6.0 gew\u00e4hrleistet er h\u00f6chste Performance trotz geringster Abmessungen: kleiner und leichter als vergleichbare Imager, ist er \u00e4u\u00dferst robust und garantiert Bestleistungen auf h\u00f6chstem ergonomischen Niveau. Der optimierte Sensor liest schlecht gedruckte oder besch\u00e4digte Barcodes besonders aggressiv und Informationen sogar direkt von einem Monitor oder Handy schnell und effizient. Bilder, Unterschriften und Zeichnungen erfasst er in Sekundenbruchteilen, dank seiner integrierten OCR-Erkennung auch Text systemunterst\u00fctzend.<\/p>\n<p>Durch die Imager-Technologie wird auf bewegliche Spiegeloptiken komplett verzichtet, Komponenten auf ein Minimum reduziert und somit eine besonders robuste Bauweise gew\u00e4hrleistet. Selbst mehrfache St\u00fcrze auf Beton \u00fcbersteht der Scanner dank IP41 problemlos, wodurch er ideal auch f\u00fcr die rauen Umgebungen wie Handel, Lager und Logistik geeignet ist. Unterschiedliche High-Density, Standard- oder Extended-Range-Optiken garantieren eine hohe Bandbreite an Lesereichweiten, passend f\u00fcr nahezu s\u00e4mtliche Applikationen. Entscheiden Sie sich f\u00fcr die fertigen Kits inklusive Scanstand, um den Xenon 1900g optional auch als Pr\u00e4sentationsscanner einzusetzen.<\/p>\n<p>F\u00fcr anspruchsvolle und sensible Anwendungen in der Medizin und im Labor erhalten Sie den Xenon 1900g optional auch mit einem desinfizierbaren Geh\u00e4use. Seine Oberfl\u00e4che l\u00e4sst sich selbst mit aggressiven Reinigern behandeln, was die Sicherheit von Patienten und Personal erh\u00f6ht. Dar\u00fcber hinaus erhalten Sie eine Version, die auch farbige Barcodes liest und damit ein ganz neues Funktionsspektrum er\u00f6ffnet. Zusammen mit Honeywells ColorFusion Technologie und einem f\u00fcr Barcodes optimierten Sensor liefert der Xenon 1900 Color so f\u00fchrende Leistung und Zuverl\u00e4ssigkeit.<\/p>\n<p>Selbstverst\u00e4ndlich gew\u00e4hrleisten alle Modelle durch ihr integriertes Multi-Interface eine kinderleichte Einbindung in vorhandene Infrastrukturen. Eine Bildverarbeitungssoftware bietet erweiterte Bearbeitungsfunktionen wie Zuschneiden, Aufhellen, Drehen, verbesserte Sch\u00e4rfe und vieles mehr f\u00fcr digitale Bilder von hoher Qualit\u00e4t. Weitere intelligente Software-Features optimieren die Interpretation und \u00dcbertragung der Daten und unterst\u00fctzen Sie bei der Integration in vorhandene Systeme.<\/p>\n<h3><a href=\"https:\/\/www.highway-gmbh.de\/wp-content\/uploads\/Datenblatt-Xenon-1900g.pdf\">Datenblatt Xenon 1900g<\/a><\/h3>\n","protected":false},"excerpt":{"rendered":"<ul>\n<li>Omnidirektionaler Area Imager der sechsten Generation<\/li>\n<li>H\u00f6chste Performance und Robustheit trotz geringer Gr\u00f6\u00dfe<\/li>\n<li>Leistungsstarke Adaptus Imaging Technologie f\u00fcr unterschiedliche Lesereichweiten<\/li>\n<li>Multi-Interface: USB, KBW und RS-232 in einem Ger\u00e4t<\/li>\n<li>Version inkl. Standfu\u00df perfekt einsetzbar als Pr\u00e4sentationsscanner<\/li>\n<\/ul>\n","protected":false},"featured_media":1087,"template":"page-sidebar-left.php","meta":[],"product_brand":[],"product_cat":[18,72],"product_tag":[53],"class_list":{"0":"post-1085","1":"product","2":"type-product","3":"status-publish","4":"has-post-thumbnail","6":"product_cat-handscanner","7":"product_cat-honeywell","8":"product_tag-datalogic","10":"first","11":"instock","12":"virtual","13":"product-type-simple"},"translation":{"provider":"WPGlobus","version":"3.0.2","language":"en","enabled_languages":["de","en"],"languages":{"de":{"title":true,"content":true,"excerpt":true},"en":{"title":false,"content":false,"excerpt":false}}},"_links":{"self":[{"href":"https:\/\/www.highway-gmbh.de\/en\/wp-json\/wp\/v2\/product\/1085","targetHints":{"allow":["GET"]}}],"collection":[{"href":"https:\/\/www.highway-gmbh.de\/en\/wp-json\/wp\/v2\/product"}],"about":[{"href":"https:\/\/www.highway-gmbh.de\/en\/wp-json\/wp\/v2\/types\/product"}],"wp:featuredmedia":[{"embeddable":true,"href":"https:\/\/www.highway-gmbh.de\/en\/wp-json\/wp\/v2\/media\/1087"}],"wp:attachment":[{"href":"https:\/\/www.highway-gmbh.de\/en\/wp-json\/wp\/v2\/media?parent=1085"}],"wp:term":[{"taxonomy":"product_brand","embeddable":true,"href":"https:\/\/www.highway-gmbh.de\/en\/wp-json\/wp\/v2\/product_brand?post=1085"},{"taxonomy":"product_cat","embeddable":true,"href":"https:\/\/www.highway-gmbh.de\/en\/wp-json\/wp\/v2\/product_cat?post=1085"},{"taxonomy":"product_tag","embeddable":true,"href":"https:\/\/www.highway-gmbh.de\/en\/wp-json\/wp\/v2\/product_tag?post=1085"}],"curies":[{"name":"wp","href":"https:\/\/api.w.org\/{rel}","templated":true}]}}