{"id":1082,"date":"2021-05-18T10:35:57","date_gmt":"2021-05-18T08:35:57","guid":{"rendered":"https:\/\/highwaygmbh.de\/highway\/?post_type=product&#038;p=1082"},"modified":"2021-05-28T15:52:21","modified_gmt":"2021-05-28T13:52:21","slug":"hyperion-1300g","status":"publish","type":"product","link":"https:\/\/www.highway-gmbh.de\/en\/produkte\/handscanner\/honeywell\/hyperion-1300g\/","title":{"rendered":"Hyperion 1300g"},"content":{"rendered":"<h1 id=\"jt_sr_headline\">Honeywell Hyperion 1300g<\/h1>\n<h2 id=\"jt_sr_subline\">Linear-Imager mit Top-Ergonomie<\/h2>\n<p>Der Honeywell Hyperion 1300g ist ein Linear-Imager mit besonders professionellen Leseeigenschaften. In Sachen Leistung und robuster Bauweise baut er auf dem 3800g auf \u2013 einem der bestverkauften Scanner seiner Klasse. Sehr aggressives Lesen, hohe Haltbarkeit sowie einfache Handhabung pr\u00e4destinieren ihn f\u00fcr die unterschiedlichsten Anwendungen an der Kasse oder im B\u00fcro, aber auch in Werkstatt, Lager, Versand oder im produktionstechnischen Umfeld. Der Scanner ist so robust wie schnell in der Barcode-Erfassung. Besonders sicheres Erfassen, auch von schlecht gedruckten, welligen oder verwischten Barcodes, wird durch die hochaufl\u00f6sende Kamerazeile des Linear-Imagers sichergestellt.<\/p>\n<p>Mit bis zu 270 Scans pro Sekunde liest er alle 1D- aber auch GS1 DataBar-Codes. In einem Ger\u00e4t erwartet Sie die intuitive Erfassung von Standard-Codes. Durch die Imager-Technologie werden auf bewegliche Spiegeloptiken komplett verzichtet, Komponenten auf ein Minimum reduziert und somit eine besonders robuste Bauweise gew\u00e4hrleistet. Selbst mehrfache St\u00fcrze auf Beton \u00fcbersteht der Scanner dank IP41 problemlos.<\/p>\n<p>Neben seiner Leseperformance \u00fcberzeugt der 1300g vor allem in Sachen Ergonomie: Geh\u00e4use sowie Trigger des Scanners sind so gestaltet, dass der Scanner f\u00fcr Rechts- und Linksh\u00e4nder gleicherma\u00dfen bequem zu bedienen ist. Durch das geringe Gewicht und die Pistolenform ist auch l\u00e4ngerer Einsatz f\u00fcr den Anwender nicht erm\u00fcdend. Ein optionaler Scanstand sorgt f\u00fcr freih\u00e4ndiges Lesen aus zwei Positionen heraus.<\/p>\n<p>Eine Bildverarbeitungssoftware bietet erweiterte Bearbeitungsfunktionen wie Zuschneiden, Aufhellen, Drehen, verbesserte Sch\u00e4rfe und vieles mehr f\u00fcr digitale Bilder von hoher Qualit\u00e4t. Weitere intelligente Software-Features optimieren das Auslesen und \u00dcbertragen der Daten und unterst\u00fctzen Sie bei der Integration in vorhandene Systeme. Diese erweist sich durch das Multi-Interface als Kinderspiel. Die Automatik-Erkennung macht eine manuelle Anpassung absolut hinf\u00e4llig.<\/p>\n<h3><a href=\"https:\/\/www.highway-gmbh.de\/wp-content\/uploads\/Datenblatt-Hyperion-1300g.pdf\">Datenblatt Hyperion 1300g<\/a><\/h3>\n","protected":false},"excerpt":{"rendered":"<ul>\n<li>Barcodescanner mit High-Performance und Top-Ergonomie<\/li>\n<li>Besonders robust: Keine beweglichen Teile dank Linear Imager-Technologie<\/li>\n<li>Herausragende Leseeigenschaften auch unter schwierigen Bedingungen<\/li>\n<li>Integriertes Multi-Interface mit Automatik-Erkennung<\/li>\n<\/ul>\n","protected":false},"featured_media":1084,"template":"page-sidebar-left.php","meta":[],"product_brand":[],"product_cat":[18,72],"product_tag":[53],"class_list":{"0":"post-1082","1":"product","2":"type-product","3":"status-publish","4":"has-post-thumbnail","6":"product_cat-handscanner","7":"product_cat-honeywell","8":"product_tag-datalogic","10":"first","11":"instock","12":"virtual","13":"product-type-simple"},"translation":{"provider":"WPGlobus","version":"3.0.2","language":"en","enabled_languages":["de","en"],"languages":{"de":{"title":true,"content":true,"excerpt":true},"en":{"title":false,"content":false,"excerpt":false}}},"_links":{"self":[{"href":"https:\/\/www.highway-gmbh.de\/en\/wp-json\/wp\/v2\/product\/1082","targetHints":{"allow":["GET"]}}],"collection":[{"href":"https:\/\/www.highway-gmbh.de\/en\/wp-json\/wp\/v2\/product"}],"about":[{"href":"https:\/\/www.highway-gmbh.de\/en\/wp-json\/wp\/v2\/types\/product"}],"wp:featuredmedia":[{"embeddable":true,"href":"https:\/\/www.highway-gmbh.de\/en\/wp-json\/wp\/v2\/media\/1084"}],"wp:attachment":[{"href":"https:\/\/www.highway-gmbh.de\/en\/wp-json\/wp\/v2\/media?parent=1082"}],"wp:term":[{"taxonomy":"product_brand","embeddable":true,"href":"https:\/\/www.highway-gmbh.de\/en\/wp-json\/wp\/v2\/product_brand?post=1082"},{"taxonomy":"product_cat","embeddable":true,"href":"https:\/\/www.highway-gmbh.de\/en\/wp-json\/wp\/v2\/product_cat?post=1082"},{"taxonomy":"product_tag","embeddable":true,"href":"https:\/\/www.highway-gmbh.de\/en\/wp-json\/wp\/v2\/product_tag?post=1082"}],"curies":[{"name":"wp","href":"https:\/\/api.w.org\/{rel}","templated":true}]}}