{"id":1079,"date":"2021-05-18T10:29:35","date_gmt":"2021-05-18T08:29:35","guid":{"rendered":"https:\/\/highwaygmbh.de\/highway\/?post_type=product&#038;p=1079"},"modified":"2021-05-28T15:52:21","modified_gmt":"2021-05-28T13:52:21","slug":"fusion-3780","status":"publish","type":"product","link":"https:\/\/www.highway-gmbh.de\/en\/produkte\/handscanner\/honeywell\/fusion-3780\/","title":{"rendered":"Fusion 3780"},"content":{"rendered":"<h1 id=\"jt_sr_headline\">Honeywell Fusion 3780<\/h1>\n<h2 id=\"jt_sr_subline\">Omnidirektionaler Miniatur Handscanner<\/h2>\n<p>Eine f\u00fcr einen Handlaserscanner bisher unerreichte Scanperformance erzielen Sie mit dem Fusion 3780. In dem kompakten Lesekopf ist eine omnidirektionale Laseroptik untergebracht, die den Barcode in jeder Ausrichtung erfasst und sofort dekodiert. Damit eignet er sich f\u00fcr anspruchsvolle Anwendungen an der Kasse genauso wie f\u00fcr Lager, Werkstatt, Medizintechnik etc.<\/p>\n<p>Der Vorteil der omnidirektionalen Scanoptik ist, dass sie ein komplettes Scanraster auf den Barcode projiziert, die den Barcode in jeder Ausrichtung liest. Der Bediener richtet den Lesekopf einfach zum Etikett \u2013 und schon ist der Barcode erfasst. Besonders schnell ist das Ger\u00e4t durch seine 1.333 Scans pro Sekunde. Der Scanner hat einen Leseabstand von bis zu 28 cm.<\/p>\n<p>Der Fusion 3780 ist sehr robust: Wiederholte St\u00fcrze aus 1,5 m auf Beton k\u00f6nnen ihm nichts anhaben. Im mitgelieferten Scanstand wird aus dem Handscanner mit einem Griff ein Pr\u00e4sentationsscanner, der selbstt\u00e4tig erkennt, wenn er in den Stand gestellt wird und automatisch in den Barcodesensor-Modus schaltet.<\/p>\n<h3><a href=\"https:\/\/www.highway-gmbh.de\/wp-content\/uploads\/Datenblatt-Fusion-3780.pdf\">Datenblatt Fusion 3780<\/a><\/h3>\n","protected":false},"excerpt":{"rendered":"<ul>\n<li>Omnidirektionaler Handscanner<\/li>\n<li>Leseabstand 2,5\u201328 cm, 1.333 Scans\/Sek.<\/li>\n<li>Hochaggressives, omnidirektionales Scanfeld<\/li>\n<li>Liest Barcodes in jeder Ausrichtung, selbstaktivierend oder mit CodeGate<\/li>\n<li>Zweites einzeiliges Scanmuster f\u00fcr das Scannen aus Listen<\/li>\n<\/ul>\n","protected":false},"featured_media":1081,"template":"page-sidebar-left.php","meta":[],"product_brand":[],"product_cat":[18,72],"product_tag":[53],"class_list":{"0":"post-1079","1":"product","2":"type-product","3":"status-publish","4":"has-post-thumbnail","6":"product_cat-handscanner","7":"product_cat-honeywell","8":"product_tag-datalogic","10":"first","11":"instock","12":"virtual","13":"product-type-simple"},"translation":{"provider":"WPGlobus","version":"3.0.2","language":"en","enabled_languages":["de","en"],"languages":{"de":{"title":true,"content":true,"excerpt":true},"en":{"title":false,"content":false,"excerpt":false}}},"_links":{"self":[{"href":"https:\/\/www.highway-gmbh.de\/en\/wp-json\/wp\/v2\/product\/1079","targetHints":{"allow":["GET"]}}],"collection":[{"href":"https:\/\/www.highway-gmbh.de\/en\/wp-json\/wp\/v2\/product"}],"about":[{"href":"https:\/\/www.highway-gmbh.de\/en\/wp-json\/wp\/v2\/types\/product"}],"wp:featuredmedia":[{"embeddable":true,"href":"https:\/\/www.highway-gmbh.de\/en\/wp-json\/wp\/v2\/media\/1081"}],"wp:attachment":[{"href":"https:\/\/www.highway-gmbh.de\/en\/wp-json\/wp\/v2\/media?parent=1079"}],"wp:term":[{"taxonomy":"product_brand","embeddable":true,"href":"https:\/\/www.highway-gmbh.de\/en\/wp-json\/wp\/v2\/product_brand?post=1079"},{"taxonomy":"product_cat","embeddable":true,"href":"https:\/\/www.highway-gmbh.de\/en\/wp-json\/wp\/v2\/product_cat?post=1079"},{"taxonomy":"product_tag","embeddable":true,"href":"https:\/\/www.highway-gmbh.de\/en\/wp-json\/wp\/v2\/product_tag?post=1079"}],"curies":[{"name":"wp","href":"https:\/\/api.w.org\/{rel}","templated":true}]}}