{"id":1078,"date":"2021-05-18T10:26:15","date_gmt":"2021-05-18T08:26:15","guid":{"rendered":"https:\/\/highwaygmbh.de\/highway\/?post_type=product&#038;p=1078"},"modified":"2021-05-28T15:52:21","modified_gmt":"2021-05-28T13:52:21","slug":"voyager-1602g","status":"publish","type":"product","link":"https:\/\/www.highway-gmbh.de\/en\/produkte\/handscanner\/honeywell\/voyager-1602g\/","title":{"rendered":"Voyager 1602g"},"content":{"rendered":"<h1 id=\"jt_sr_headline\">Honeywell Voyager 1602g<\/h1>\n<h2 id=\"jt_sr_subline\">Kabelloser Area-Imager im Hosentaschenformat<\/h2>\n<p>I<\/p>\n<p>Ein Barcodescanner, entworfen f\u00fcr den Einsatz zusammen mit einem Tablet oder Smartphone, pr\u00e4destiniert f\u00fcr mobile Kassenpl\u00e4tze und andere mobile Eins\u00e4tze \u2013 das ist der Voyager 1602g von Honeywell. Dank seiner Ma\u00dfe und handlichem Hosentaschenformat ist er der perfekte Begleiter. Die vollwertige Imaging-Technologie sorgt f\u00fcr schnelle Erfassung von 1D- und 2D-Barcodes, auch von Displays. Somit ist er perfekt auf den mobilen, tablet-basierten Point-of-Sale sowie f\u00fcr Couponing-Anwendungen und andere mobile Marketingkampagnen zugeschnitten.<\/p>\n<p>Der Voyager 1602g ist mit der gewohnten Honeywell High Performance Technologie ausgestattet und b\u00fc\u00dft somit trotz seiner geringen Gr\u00f6\u00dfe nichts an Leistung ein. Sein ergonomisches Geh\u00e4use aus weichem Kunststoff liegt Anwendern angenehm in der Hand. Der \u00fcbergro\u00dfe Scan-Button und ein wei\u00dfer LED-Zielmarkierer gestalten das Scannen f\u00fcr Anwender ganz einfach. Dank Bluetooth Klasse 2 ist der Honeywell Voyager 1602g mit allen iOS-, Android- und Windows-Mobileger\u00e4ten sowie Bluetooth-f\u00e4higen PCs und Laptops koppelbar. Die Reichweite betr\u00e4gt bis zu 10 m.<\/p>\n<h3><a href=\"https:\/\/www.highway-gmbh.de\/wp-content\/uploads\/Datenblatt-Voyager-1602g.pdf\">Datenblatt Voyager 1602g<\/a><\/h3>\n","protected":false},"excerpt":{"rendered":"<ul>\n<li>Leistungsstarker 1D\/2D Barcode-Imager mit kompakten Ma\u00dfen<\/li>\n<li>F\u00fcr mobilen Einsatz zusammen mit Tablet, Smartphone und Co.<\/li>\n<li>Bluetooth f\u00fcr simple Kopplung mit g\u00e4ngigen Mobilger\u00e4ten<\/li>\n<li>Bis zu 10 m Reichweite<\/li>\n<li>Intuitive Bedienung durch ergonomisches Design<\/li>\n<\/ul>\n","protected":false},"featured_media":1075,"template":"page-sidebar-left.php","meta":[],"product_brand":[],"product_cat":[18,72],"product_tag":[53],"class_list":{"0":"post-1078","1":"product","2":"type-product","3":"status-publish","4":"has-post-thumbnail","6":"product_cat-handscanner","7":"product_cat-honeywell","8":"product_tag-datalogic","10":"first","11":"instock","12":"virtual","13":"product-type-simple"},"translation":{"provider":"WPGlobus","version":"3.0.2","language":"en","enabled_languages":["de","en"],"languages":{"de":{"title":true,"content":true,"excerpt":true},"en":{"title":false,"content":false,"excerpt":false}}},"_links":{"self":[{"href":"https:\/\/www.highway-gmbh.de\/en\/wp-json\/wp\/v2\/product\/1078","targetHints":{"allow":["GET"]}}],"collection":[{"href":"https:\/\/www.highway-gmbh.de\/en\/wp-json\/wp\/v2\/product"}],"about":[{"href":"https:\/\/www.highway-gmbh.de\/en\/wp-json\/wp\/v2\/types\/product"}],"wp:featuredmedia":[{"embeddable":true,"href":"https:\/\/www.highway-gmbh.de\/en\/wp-json\/wp\/v2\/media\/1075"}],"wp:attachment":[{"href":"https:\/\/www.highway-gmbh.de\/en\/wp-json\/wp\/v2\/media?parent=1078"}],"wp:term":[{"taxonomy":"product_brand","embeddable":true,"href":"https:\/\/www.highway-gmbh.de\/en\/wp-json\/wp\/v2\/product_brand?post=1078"},{"taxonomy":"product_cat","embeddable":true,"href":"https:\/\/www.highway-gmbh.de\/en\/wp-json\/wp\/v2\/product_cat?post=1078"},{"taxonomy":"product_tag","embeddable":true,"href":"https:\/\/www.highway-gmbh.de\/en\/wp-json\/wp\/v2\/product_tag?post=1078"}],"curies":[{"name":"wp","href":"https:\/\/api.w.org\/{rel}","templated":true}]}}