{"id":1073,"date":"2021-05-18T10:19:39","date_gmt":"2021-05-18T08:19:39","guid":{"rendered":"https:\/\/highwaygmbh.de\/highway\/?post_type=product&#038;p=1073"},"modified":"2021-05-28T15:52:21","modified_gmt":"2021-05-28T13:52:21","slug":"voyager-9540","status":"publish","type":"product","link":"https:\/\/www.highway-gmbh.de\/en\/produkte\/handscanner\/honeywell\/voyager-9540\/","title":{"rendered":"Voyager 9540"},"content":{"rendered":"<h1 id=\"jt_sr_headline\">Honeywell Voyager 9540<\/h1>\n<h2 id=\"jt_sr_subline\">Handheld Laserscanner f\u00fcr jede Anwendung<\/h2>\n<p>Im Voyager 9540 von Honeywell ist eine Laser-Scanengine untergebracht, die mit 72 Scans pro Sekunde jeden Barcode schnell und sauber erfasst. Der Voyager 9540 verf\u00fcgt \u00fcber einen vielseitig konfigurierbaren Decoder, der die Entschl\u00fcsselung und \u00dcbertragung des Barcodes zum PC \u00fcbernimmt.<\/p>\n<p>Mit der CodeGate-Funktion bietet der Voyager 9540 eine ausgekl\u00fcgelte und patentierte Funktion zum Barcodelesen. Mit dieser einzigartigen Scantechnik wird das Lesen von Barcodes f\u00fcr den Bediener einfacher und sicherer: Der Barcodesensor aktiviert wie ein Bewegungsmelder den Scanner, wenn ein Barcode in den Sichtbereich gehalten wird. Ohne CodeGate wird jeder auf diese Weise gelesene Barcode sofort dekodiert und automatisch an den PC \u00fcbertragen. Dies ist praktisch und bequem, jedoch nicht immer f\u00fcr alle Anwendungen geeignet: Beim Lesen mehrerer Barcodes aus Listen heraus zum Beispiel k\u00f6nnte leicht der falsche Barcode \u00fcbertragen werden. Daher hat Honeywell f\u00fcr den Voyager 9540 den CodeGate-Button entwickelt. Dieser Knopf ist ergonomisch auf der Oberseite des Ger\u00e4ts angebracht und wird mit dem Daumen bet\u00e4tigt. Bei eingeschalteter CodeGate-Funktion aktiviert sich der Scanner wie vorher auch automatisch und liest den Barcode ein. Dessen Information wird allerdings erst dann \u00fcbertragen, wenn der Anwender den CodeGate-Button dr\u00fcckt und so das Lesen des richtigen Barcodes best\u00e4tigt. Immer, wenn sichergestellt werden muss, dass nur der richtige Barcode \u00fcbertragen wird, ist diese Funktion sehr hilfreich. Neben dem Men\u00fcscannen aus Listen heraus bietet sich ein CodeGate-Scanner beispielsweise an, wenn sich mehr als ein Barcode auf einer Verkaufsverpackung befindet (z. B. Handys, Elektronik, Medizintechnik). Beim Voyager 9540 wird die CodeGate-Funktion einfach durch Lesen eines Programmierbarcodes ein- oder ausgeschaltet. Ohne CodeGate arbeitet der Voyager 9540 dann wie ein Voyager 9520.<\/p>\n<p>Normalerweise werden Scanner mit Tastaturweiche mit der ben\u00f6tigten Spannung \u00fcber die Tasturweiche des Rechners versorgt. Manche Mainboards liefern hierf\u00fcr jedoch nicht ausreichend Spannung. In diesem Fall empfehlen wir Ihnen ein zus\u00e4tzliches Netzteil. Es ist kompatibel zu allen Honeywell Scannern mit Tastaturweiche<\/p>\n<h3><a href=\"https:\/\/www.highway-gmbh.de\/wp-content\/uploads\/Datenblatt-Voyager-9540.pdf\">Datenblatt Voyager 9540<\/a><\/h3>\n","protected":false},"excerpt":{"rendered":"<ul>\n<li>Ergonomischer Laserscanner f\u00fcr alle Barcodes<\/li>\n<li>Leseabstand 0\u201320 cm, 72 Scans\/Sek.<\/li>\n<li>Sehr schnelles Dekodieren, optional auch gleichzeitige EAS-Deaktivierung<\/li>\n<li>Aggressive Laserzeile, selbstaktivierend oder mit CodeGate<\/li>\n<li>Futuristisches Designergeh\u00e4use, als Hand- und Standscanner zu verwenden<\/li>\n<\/ul>\n","protected":false},"featured_media":1077,"template":"page-sidebar-left.php","meta":[],"product_brand":[],"product_cat":[18,72],"product_tag":[53],"class_list":{"0":"post-1073","1":"product","2":"type-product","3":"status-publish","4":"has-post-thumbnail","6":"product_cat-handscanner","7":"product_cat-honeywell","8":"product_tag-datalogic","10":"first","11":"instock","12":"virtual","13":"product-type-simple"},"translation":{"provider":"WPGlobus","version":"3.0.2","language":"en","enabled_languages":["de","en"],"languages":{"de":{"title":true,"content":true,"excerpt":true},"en":{"title":false,"content":false,"excerpt":false}}},"_links":{"self":[{"href":"https:\/\/www.highway-gmbh.de\/en\/wp-json\/wp\/v2\/product\/1073","targetHints":{"allow":["GET"]}}],"collection":[{"href":"https:\/\/www.highway-gmbh.de\/en\/wp-json\/wp\/v2\/product"}],"about":[{"href":"https:\/\/www.highway-gmbh.de\/en\/wp-json\/wp\/v2\/types\/product"}],"wp:featuredmedia":[{"embeddable":true,"href":"https:\/\/www.highway-gmbh.de\/en\/wp-json\/wp\/v2\/media\/1077"}],"wp:attachment":[{"href":"https:\/\/www.highway-gmbh.de\/en\/wp-json\/wp\/v2\/media?parent=1073"}],"wp:term":[{"taxonomy":"product_brand","embeddable":true,"href":"https:\/\/www.highway-gmbh.de\/en\/wp-json\/wp\/v2\/product_brand?post=1073"},{"taxonomy":"product_cat","embeddable":true,"href":"https:\/\/www.highway-gmbh.de\/en\/wp-json\/wp\/v2\/product_cat?post=1073"},{"taxonomy":"product_tag","embeddable":true,"href":"https:\/\/www.highway-gmbh.de\/en\/wp-json\/wp\/v2\/product_tag?post=1073"}],"curies":[{"name":"wp","href":"https:\/\/api.w.org\/{rel}","templated":true}]}}