{"id":1070,"date":"2021-05-18T10:15:10","date_gmt":"2021-05-18T08:15:10","guid":{"rendered":"https:\/\/highwaygmbh.de\/highway\/?post_type=product&#038;p=1070"},"modified":"2021-05-28T15:52:21","modified_gmt":"2021-05-28T13:52:21","slug":"voyager-1470g","status":"publish","type":"product","link":"https:\/\/www.highway-gmbh.de\/en\/produkte\/handscanner\/honeywell\/voyager-1470g\/","title":{"rendered":"Voyager 1470g"},"content":{"rendered":"<h1 id=\"jt_sr_headline\">Honeywell Voyager 1470g<\/h1>\n<h2 id=\"jt_sr_subline\">Langlebiger 2D-Scanner f\u00fcr den Einzelhandel<\/h2>\n<p>Honeywell hat den Voyager Extreme Performance (XP) 1470g speziell f\u00fcr die Arbeitsumgebungen im Einzelhandel entwickelt. Er erfasst neben allen g\u00e4ngigen 1D- und 2D-Barcodes auch DotCodes und digitale Gutscheine vom Smartphone oder Tablet. Selbst besch\u00e4digte oder schwer lesbare Barcodes erfasst er zuverl\u00e4ssig und schnell \u2013 das ist eine gro\u00dfe Zeitersparnis. Dank der erweiterten Scanentfernung werden auch unzug\u00e4ngliche Barcodes sicher erfasst. Die Bewegungstoleranz des Scanners betr\u00e4gt 70 cm\/s und der Scanwinkel bel\u00e4uft sich auf horizontal 39,2\u00b0 und vertikal 27,4\u00b0.<\/p>\n<p>Der 2D-Scanner \u00fcbersteht mehrfache St\u00fcrze aus bis zu 1,8 Metern H\u00f6he und ist gem\u00e4\u00df seiner IP40-Zertifizierung gegen das Eindringen von Fremdk\u00f6rpern bis zu 1 mm gesch\u00fctzt. F\u00fcr eine stets gute Performance sorgen die Schnittstellen USB, Keyboard Wedge (KBW), RS-232 und RS-485 mit Unterst\u00fctzung f\u00fcr IBM 46XX. Ein weiterer Vorteil: Er ist vollst\u00e4ndig abw\u00e4rtskompatibel mit dem bereits vorhandenem Voyager-Zubeh\u00f6r. Das reduziert die Gesamtbetriebskosten deutlich, da keine weiteren Kosten f\u00fcr optionales Zubeh\u00f6r entstehen.<\/p>\n<h3><a href=\"https:\/\/www.highway-gmbh.de\/wp-content\/uploads\/Datenblatt-Voyager-XP1470g.pdf\">Datenblatt Voyager 1470g<\/a><\/h3>\n<h3><\/h3>\n<table style=\"height: 17px\" width=\"7\" cellspacing=\"0\" cellpadding=\"0\">\n<tbody>\n<tr>\n<td width=\"560\"><\/td>\n<\/tr>\n<tr>\n<td><\/td>\n<\/tr>\n<\/tbody>\n<\/table>\n<p>&nbsp;<\/p>\n","protected":false},"excerpt":{"rendered":"<ul>\n<li>Voyager-Scanner f\u00fcr Einzelhandelsumgebungen<\/li>\n<li>Erweiterte Scanentfernung f\u00fcr mehr Bedienkomfort<\/li>\n<li>Erfasst auch besch\u00e4digte und schwer lesbare Barcodes<\/li>\n<li>Schnittstellen: USB, KBW, RS-232, RS-485<\/li>\n<li>Abw\u00e4rtskompatibel mit bereits vorhandenem Voyager-Zubeh\u00f6r<\/li>\n<\/ul>\n","protected":false},"featured_media":1072,"template":"page-sidebar-left.php","meta":[],"product_brand":[],"product_cat":[18,72],"product_tag":[53],"class_list":{"0":"post-1070","1":"product","2":"type-product","3":"status-publish","4":"has-post-thumbnail","6":"product_cat-handscanner","7":"product_cat-honeywell","8":"product_tag-datalogic","10":"first","11":"instock","12":"virtual","13":"product-type-simple"},"translation":{"provider":"WPGlobus","version":"3.0.2","language":"en","enabled_languages":["de","en"],"languages":{"de":{"title":true,"content":true,"excerpt":true},"en":{"title":false,"content":false,"excerpt":false}}},"_links":{"self":[{"href":"https:\/\/www.highway-gmbh.de\/en\/wp-json\/wp\/v2\/product\/1070","targetHints":{"allow":["GET"]}}],"collection":[{"href":"https:\/\/www.highway-gmbh.de\/en\/wp-json\/wp\/v2\/product"}],"about":[{"href":"https:\/\/www.highway-gmbh.de\/en\/wp-json\/wp\/v2\/types\/product"}],"wp:featuredmedia":[{"embeddable":true,"href":"https:\/\/www.highway-gmbh.de\/en\/wp-json\/wp\/v2\/media\/1072"}],"wp:attachment":[{"href":"https:\/\/www.highway-gmbh.de\/en\/wp-json\/wp\/v2\/media?parent=1070"}],"wp:term":[{"taxonomy":"product_brand","embeddable":true,"href":"https:\/\/www.highway-gmbh.de\/en\/wp-json\/wp\/v2\/product_brand?post=1070"},{"taxonomy":"product_cat","embeddable":true,"href":"https:\/\/www.highway-gmbh.de\/en\/wp-json\/wp\/v2\/product_cat?post=1070"},{"taxonomy":"product_tag","embeddable":true,"href":"https:\/\/www.highway-gmbh.de\/en\/wp-json\/wp\/v2\/product_tag?post=1070"}],"curies":[{"name":"wp","href":"https:\/\/api.w.org\/{rel}","templated":true}]}}