{"id":1067,"date":"2021-05-18T10:09:40","date_gmt":"2021-05-18T08:09:40","guid":{"rendered":"https:\/\/highwaygmbh.de\/highway\/?post_type=product&#038;p=1067"},"modified":"2021-05-28T15:52:21","modified_gmt":"2021-05-28T13:52:21","slug":"voyager-1400g","status":"publish","type":"product","link":"https:\/\/www.highway-gmbh.de\/en\/produkte\/handscanner\/honeywell\/voyager-1400g\/","title":{"rendered":"Voyager 1400g"},"content":{"rendered":"<h1 id=\"jt_sr_headline\">Honeywell Voyager 1400g<\/h1>\n<h2 id=\"jt_sr_subline\">Preiswerter Area-Imager f\u00fcr Einsteiger<\/h2>\n<p>Ein Area-Imager, der als 1D- und als 2D-Variante erh\u00e4ltlich ist und der sich flexibel auf die Anforderungen zuschneiden l\u00e4sst \u2013 das ist der Voyager 1400g von Honeywell. Sie erzielen mit ihm eine Scangeschwindigkeit, die Sie sonst nur von Laserscannern kennen \u2013 ideal, um die Produktivit\u00e4t der Benutzer erheblich zu steigern. Er scannt Barcodes omnidirektional und spart so die Zeit, die andere f\u00fcr das Ausrichten der einzelnen Codes brauchen. Egal, ob von Etiketten oder Displays, der Imager liest die Barcodes zuverl\u00e4ssig und schnell.<\/p>\n<p>Maximieren Sie die Leistung des Voyager 1400g, wann immer es n\u00f6tig ist: Mit einem einfachen Software-Upgrade wird aus dem 1D-Area-Imager ein leistungsstarker Scanner f\u00fcr PDF- und\/oder alle g\u00e4ngigen 2D-Barcodes. Somit sind Sie auf der sicheren Seite f\u00fcr den Fall, dass Zulieferer oder gesetzliche Bestimmungen 2D-Kompatibilit\u00e4t erforderlich machen. Das erleichtert kostenbewussten Nutzern die Entscheidung f\u00fcr den Scanner, denn Sie bezahlen nur f\u00fcr das, was Sie aktuell brauchen \u2013 und halten sich zuk\u00fcnftige Erweiterungen trotzdem offen. Die Leistungssteigerung ist jederzeit m\u00f6glich \u2013 direkt beim Kauf oder sp\u00e4ter, wenn die Anforderungen an den Scanner steigen oder sich das Anwendungsgebiet \u00e4ndert.<\/p>\n<p>Der optional erh\u00e4ltliche Standfu\u00df macht den Voyager 1400g in Sekunden zum professionellen Pr\u00e4sentationsscanner. Damit setzen Sie ihn auch f\u00fcr Anwendungen ein, bei denen beide H\u00e4nde frei sein m\u00fcssen. Besonderer Vorteil: Der Scanner erkennt den Modus automatisch, sodass auch schnelle Wechsel umzusetzen sind.<\/p>\n<p>Durch seine ergonomische Form liegt der Voyager gut in der Hand; bei einem Gewicht von nur 119 g ist erm\u00fcdungsfreies Arbeiten garantiert. Das Geh\u00e4use ist robust und \u00fcbersteht problemlos auch wiederholte St\u00fcrze auf harten Betonboden aus mittlerer H\u00f6he bis 1,50 m. Die Zertifizierung gem\u00e4\u00df IP42 stellt zudem sicher, dass der Voyager 1400g auch Staub und Tropfwasser widersteht. Mit dem standardm\u00e4\u00dfigen Multi-Interface erhalten Sie die volle Anschlussvielfalt: USB-, KBW-, RS-232- und RS-485-Schnittstellen sind ab Werk integriert. Der Stromverbrauch bei Betrieb liegt bei gerade einmal 2 Watt. F\u00fcnf Jahre Garantie sichern die Investition \u00fcber einen langen Zeitraum.<\/p>\n<h3><a href=\"https:\/\/www.highway-gmbh.de\/wp-content\/uploads\/honeywell1400g.pdf\">Datenblatt Voyager 1400g<\/a><\/h3>\n<table style=\"height: 5px\" width=\"357\" cellspacing=\"0\" cellpadding=\"0\">\n<tbody>\n<tr>\n<td width=\"560\"><\/td>\n<\/tr>\n<tr>\n<td><\/td>\n<\/tr>\n<\/tbody>\n<\/table>\n","protected":false},"excerpt":{"rendered":"<ul>\n<li>1D-Area-Imager f\u00fcr Hand- und Pr\u00e4sentationsmodus<\/li>\n<li>Einfache Upgrades f\u00fcr PDF- und 2D-Barcodes<\/li>\n<li>Produktiv: Scannt omnidirektional mit hoher Geschwindigkeit<\/li>\n<li>\u00dcbersteht St\u00fcrze aus 1,5 m; gesch\u00fctzt gem\u00e4\u00df IP42<\/li>\n<li>Automatische Bewegungserkennung, optional inkl. Standfu\u00df<\/li>\n<\/ul>\n","protected":false},"featured_media":1069,"template":"page-sidebar-left.php","meta":[],"product_brand":[],"product_cat":[18,72],"product_tag":[53],"class_list":{"0":"post-1067","1":"product","2":"type-product","3":"status-publish","4":"has-post-thumbnail","6":"product_cat-handscanner","7":"product_cat-honeywell","8":"product_tag-datalogic","10":"first","11":"instock","12":"virtual","13":"product-type-simple"},"translation":{"provider":"WPGlobus","version":"3.0.2","language":"en","enabled_languages":["de","en"],"languages":{"de":{"title":true,"content":true,"excerpt":true},"en":{"title":false,"content":false,"excerpt":false}}},"_links":{"self":[{"href":"https:\/\/www.highway-gmbh.de\/en\/wp-json\/wp\/v2\/product\/1067","targetHints":{"allow":["GET"]}}],"collection":[{"href":"https:\/\/www.highway-gmbh.de\/en\/wp-json\/wp\/v2\/product"}],"about":[{"href":"https:\/\/www.highway-gmbh.de\/en\/wp-json\/wp\/v2\/types\/product"}],"wp:featuredmedia":[{"embeddable":true,"href":"https:\/\/www.highway-gmbh.de\/en\/wp-json\/wp\/v2\/media\/1069"}],"wp:attachment":[{"href":"https:\/\/www.highway-gmbh.de\/en\/wp-json\/wp\/v2\/media?parent=1067"}],"wp:term":[{"taxonomy":"product_brand","embeddable":true,"href":"https:\/\/www.highway-gmbh.de\/en\/wp-json\/wp\/v2\/product_brand?post=1067"},{"taxonomy":"product_cat","embeddable":true,"href":"https:\/\/www.highway-gmbh.de\/en\/wp-json\/wp\/v2\/product_cat?post=1067"},{"taxonomy":"product_tag","embeddable":true,"href":"https:\/\/www.highway-gmbh.de\/en\/wp-json\/wp\/v2\/product_tag?post=1067"}],"curies":[{"name":"wp","href":"https:\/\/api.w.org\/{rel}","templated":true}]}}