{"id":1064,"date":"2021-05-18T10:04:39","date_gmt":"2021-05-18T08:04:39","guid":{"rendered":"https:\/\/highwaygmbh.de\/highway\/?post_type=product&#038;p=1064"},"modified":"2021-05-28T15:52:22","modified_gmt":"2021-05-28T13:52:22","slug":"voyager-1202g-bf","status":"publish","type":"product","link":"https:\/\/www.highway-gmbh.de\/en\/produkte\/handscanner\/honeywell\/voyager-1202g-bf\/","title":{"rendered":"Voyager 1202g-bf"},"content":{"rendered":"<h1 id=\"jt_sr_headline\">Honeywell Voyager 1202g-bf<\/h1>\n<h2 id=\"jt_sr_subline\">Batteriefreier Bluetooth-Scanner f\u00fcr lineare Barcodes<\/h2>\n<p>Basierend auf Honeywells Voyager 1202g bietet der weiterentwickelte Voyager 1202g-bf bew\u00e4hrte Leistung mit neu entwickeltem Battery-free-Ansatz. Dieser kabellose und batteriefreie L\u00f6sungsansatz ersetzt den klassischen Akku durch einen extrem leistungsstarken Superkondensator. Dieser ist in nur 35 Sekunden vollst\u00e4ndig geladen und bietet gen\u00fcgend Leistung f\u00fcr die Erfassung von bis zu 100 Barcodes. Damit setzen Sie den Voyager 1202g-bf am besten dort ein, wo keine hochfrequentierte Artikelerfassung notwendig ist. Der handliche Laserscanner \u00fcberzeugt besonders im Kassenbereich, aber auch in Kleinlagern und -betrieben.<\/p>\n<p>Der Voyager 1202g-bf ist nach wie vor \u00e4u\u00dferst benutzerfreundlich: Die Basisstation schlie\u00dfen Sie einfach per Multi-Interface an (Plug &amp; Play) und befestigen sie platzsparend vertikal. Dank Bluetooth Klasse 2 erfassen Sie ohne st\u00f6rende Kabel 1D- und GS1-Barcodes in einem Radius von 10 m (bis zu 30 m bei freier Sichtlinie). Bei gerade einmal 160 g Gewicht arbeiten Nutzer erm\u00fcdungsfrei. Dank 3 Jahren Herstellergarantie sichern Sie die Investition langfristig.<\/p>\n<h3><a href=\"https:\/\/www.highway-gmbh.de\/wp-content\/uploads\/honeywell_1202g-bf.pdf\">Datenblatt Voyager 1202g-bf<\/a><\/h3>\n<p>&nbsp;<\/p>\n","protected":false},"excerpt":{"rendered":"<ul>\n<li>Kabelloser Laser-Barcodescanner f\u00fcr flexibles Arbeiten in Handel, Lager und Produktion<\/li>\n<li>Battery-free Technologie: Volle Ladung in 35 Sekunden f\u00fcr bis zu 100 Scans<\/li>\n<li>Bluetooth Klasse 2 mit bis zu 10 m Reichweite<\/li>\n<li>Multi-Interface: USB, KBW und RS-232 in einem Ger\u00e4t<\/li>\n<li>Leichtgewicht mit nur 160 g<\/li>\n<\/ul>\n","protected":false},"featured_media":1066,"template":"page-sidebar-left.php","meta":[],"product_brand":[],"product_cat":[18,72],"product_tag":[53],"class_list":{"0":"post-1064","1":"product","2":"type-product","3":"status-publish","4":"has-post-thumbnail","6":"product_cat-handscanner","7":"product_cat-honeywell","8":"product_tag-datalogic","10":"first","11":"instock","12":"virtual","13":"product-type-simple"},"translation":{"provider":"WPGlobus","version":"3.0.2","language":"en","enabled_languages":["de","en"],"languages":{"de":{"title":true,"content":true,"excerpt":true},"en":{"title":false,"content":false,"excerpt":false}}},"_links":{"self":[{"href":"https:\/\/www.highway-gmbh.de\/en\/wp-json\/wp\/v2\/product\/1064","targetHints":{"allow":["GET"]}}],"collection":[{"href":"https:\/\/www.highway-gmbh.de\/en\/wp-json\/wp\/v2\/product"}],"about":[{"href":"https:\/\/www.highway-gmbh.de\/en\/wp-json\/wp\/v2\/types\/product"}],"wp:featuredmedia":[{"embeddable":true,"href":"https:\/\/www.highway-gmbh.de\/en\/wp-json\/wp\/v2\/media\/1066"}],"wp:attachment":[{"href":"https:\/\/www.highway-gmbh.de\/en\/wp-json\/wp\/v2\/media?parent=1064"}],"wp:term":[{"taxonomy":"product_brand","embeddable":true,"href":"https:\/\/www.highway-gmbh.de\/en\/wp-json\/wp\/v2\/product_brand?post=1064"},{"taxonomy":"product_cat","embeddable":true,"href":"https:\/\/www.highway-gmbh.de\/en\/wp-json\/wp\/v2\/product_cat?post=1064"},{"taxonomy":"product_tag","embeddable":true,"href":"https:\/\/www.highway-gmbh.de\/en\/wp-json\/wp\/v2\/product_tag?post=1064"}],"curies":[{"name":"wp","href":"https:\/\/api.w.org\/{rel}","templated":true}]}}