{"id":1061,"date":"2021-05-18T10:00:07","date_gmt":"2021-05-18T08:00:07","guid":{"rendered":"https:\/\/highwaygmbh.de\/highway\/?post_type=product&#038;p=1061"},"modified":"2021-05-28T15:52:22","modified_gmt":"2021-05-28T13:52:22","slug":"voyager-1250g","status":"publish","type":"product","link":"https:\/\/www.highway-gmbh.de\/en\/produkte\/handscanner\/honeywell\/voyager-1250g\/","title":{"rendered":"Voyager 1250g"},"content":{"rendered":"<h1 id=\"jt_sr_headline\">Honeywell Voyager 1250g<\/h1>\n<h2 id=\"jt_sr_subline\">Ergonomischer Hand- und Pr\u00e4sentationsscanner f\u00fcr hohe Produktivit\u00e4t<\/h2>\n<p>Mit dem Voyager 1250g erweitert Honeywell seine Serie der leistungsstarken Linear Scanner um einen leichten und \u00e4u\u00dferst ergonomischen Handscanner. Die Scan-Engine des Single-Line-Lasers basiert auf der des erfolgreichen 1200g und beeindruckt durch ihre Leseeigenschaften. Der Scanner erkennt praktisch alle linearen Barcodes, selbst wenn diese schlecht gedruckt oder besch\u00e4digt sind. Honeywell liefert mit dem 1250g eine professionelle Out-of-the-Box-L\u00f6sung mit automatischer Konfiguration und Interface-Erkennung f\u00fcr geringen Installationsaufwand.<\/p>\n<p>Das Design ist f\u00fcr scan-intensive Anwendungen optimiert, gew\u00e4hrleistet gro\u00dfen Durchlauf und verhindert die Erm\u00fcdung der Anwender. Aus bis zu 58 cm liest der Voyager auch schwer erreichbare Barcodes und scannt sie bis zu einem minimalen Druckkontrast von 20 %. Mit dem optionalen Standfu\u00df scannen Sie problemlos auch im Pr\u00e4sentationsmodus. Der Scanner wechselt hierbei automatisch den Modus. Bei eingeschalteter CodeGate-Funktion liest der Scanner selbst\u00e4ndig Barcodes ein. Dessen Informationen werden erst dann \u00fcbertragen, wenn der Anwender den CodeGate-Button dr\u00fcckt und so das Lesen des richtigen Barcodes best\u00e4tigt.<\/p>\n<h3><a href=\"https:\/\/www.highway-gmbh.de\/wp-content\/uploads\/honeywell1250g.pdf\">Datenblatt Voyager 1250g<\/a><\/h3>\n","protected":false},"excerpt":{"rendered":"<ul>\n<li>Zuverl\u00e4ssiger Hand- und Pr\u00e4sentationsscanner mit professioneller Scan-Engine<\/li>\n<li>Liest auch schlecht gedruckte und besch\u00e4digte Barcodes aus bis zu 58 cm Entfernung<\/li>\n<li>Absolut ergonomisches und robustes Design (IP41)<\/li>\n<li>Lange Garantiezeit von f\u00fcnf Jahren f\u00fcr Investitionssicherheit<\/li>\n<li>Multi-Interface: USB, KBW und RS-232 in einem Ger\u00e4t<\/li>\n<\/ul>\n","protected":false},"featured_media":1063,"template":"page-sidebar-left.php","meta":[],"product_brand":[],"product_cat":[18,72],"product_tag":[53],"class_list":{"0":"post-1061","1":"product","2":"type-product","3":"status-publish","4":"has-post-thumbnail","6":"product_cat-handscanner","7":"product_cat-honeywell","8":"product_tag-datalogic","10":"first","11":"instock","12":"virtual","13":"product-type-simple"},"translation":{"provider":"WPGlobus","version":"3.0.2","language":"en","enabled_languages":["de","en"],"languages":{"de":{"title":true,"content":true,"excerpt":true},"en":{"title":false,"content":false,"excerpt":false}}},"_links":{"self":[{"href":"https:\/\/www.highway-gmbh.de\/en\/wp-json\/wp\/v2\/product\/1061","targetHints":{"allow":["GET"]}}],"collection":[{"href":"https:\/\/www.highway-gmbh.de\/en\/wp-json\/wp\/v2\/product"}],"about":[{"href":"https:\/\/www.highway-gmbh.de\/en\/wp-json\/wp\/v2\/types\/product"}],"wp:featuredmedia":[{"embeddable":true,"href":"https:\/\/www.highway-gmbh.de\/en\/wp-json\/wp\/v2\/media\/1063"}],"wp:attachment":[{"href":"https:\/\/www.highway-gmbh.de\/en\/wp-json\/wp\/v2\/media?parent=1061"}],"wp:term":[{"taxonomy":"product_brand","embeddable":true,"href":"https:\/\/www.highway-gmbh.de\/en\/wp-json\/wp\/v2\/product_brand?post=1061"},{"taxonomy":"product_cat","embeddable":true,"href":"https:\/\/www.highway-gmbh.de\/en\/wp-json\/wp\/v2\/product_cat?post=1061"},{"taxonomy":"product_tag","embeddable":true,"href":"https:\/\/www.highway-gmbh.de\/en\/wp-json\/wp\/v2\/product_tag?post=1061"}],"curies":[{"name":"wp","href":"https:\/\/api.w.org\/{rel}","templated":true}]}}