{"id":1057,"date":"2021-05-18T09:52:42","date_gmt":"2021-05-18T07:52:42","guid":{"rendered":"https:\/\/highwaygmbh.de\/highway\/?post_type=product&#038;p=1057"},"modified":"2021-05-28T15:52:22","modified_gmt":"2021-05-28T13:52:22","slug":"voyager-1202g","status":"publish","type":"product","link":"https:\/\/www.highway-gmbh.de\/en\/produkte\/handscanner\/honeywell\/voyager-1202g\/","title":{"rendered":"Voyager 1202g"},"content":{"rendered":"<h1 id=\"jt_sr_headline\">Honeywell Voyager 1202g<\/h1>\n<h2 id=\"jt_sr_subline\">Handlicher Bluetooth-Scanner mit praktischen Features<\/h2>\n<p>Der Voyager 1202g ist der direkte Nachfolger des Voyager BT 9535. Die extrem verbesserte Leistung basiert auf dem 1200g und erweitert die Reihe mit einem Bluetooth-Ger\u00e4t. Besonders im Kassenbereich, aber auch in Kleinlagern und -betrieben macht der handliche Laserscanner eine gute Figur.<\/p>\n<p>Der Voyager 1202g ist \u00e4u\u00dferst benutzerfreundlich: Die Basisstation wird einfach per Multi-Interface Plug &amp; Play angeschlossen und l\u00e4sst sich platzsparend vertikal befestigen. Dank Bluetooth Klasse 2 erfassen Sie ohne st\u00f6rende Kabel 1D und GS1 Barcodes in einem Radius von 10 m (bis zu 30 m bei freier Sichtlinie). Sollte der Scanner in der Hektik verlegt werden, findet er sich schnell wieder \u2013 per Knopfdruck am Cradle piepst und blinkt der Scanner. Der 1800 mAh Akku sichert 12 Stunden Betriebszeit (bzw. 45.000 Scans) und l\u00e4dt schnell wieder auf. Au\u00dferdem kann er im Handumdrehen ohne Werkzeug gewechselt werden. Mit gerade einmal 180 g Gewicht bleibt das Arbeiten erm\u00fcdungsfrei.<\/p>\n<h3><a href=\"https:\/\/www.highway-gmbh.de\/wp-content\/uploads\/honeywell1202g.pdf\">Datenblatt Voyager 1202g<\/a><\/h3>\n","protected":false},"excerpt":{"rendered":"<ul>\n<li>Kabelloser Laserscanner f\u00fcr flexibles Arbeiten in Handel, Lager und Produktion<\/li>\n<li>Bluetooth Klasse 2 mit bis zu 10 m Reichweite<\/li>\n<li>Lange Akkulaufzeit und werkzeugloser Austausch<\/li>\n<li>Multi-Interface: USB, KBW und RS-232 in einem Ger\u00e4t<\/li>\n<li>Speicherfunktion f\u00fcr Scans au\u00dferhalb der Reichweite<\/li>\n<\/ul>\n","protected":false},"featured_media":1060,"template":"page-sidebar-left.php","meta":[],"product_brand":[],"product_cat":[18,72],"product_tag":[53],"class_list":{"0":"post-1057","1":"product","2":"type-product","3":"status-publish","4":"has-post-thumbnail","6":"product_cat-handscanner","7":"product_cat-honeywell","8":"product_tag-datalogic","10":"first","11":"instock","12":"virtual","13":"product-type-simple"},"translation":{"provider":"WPGlobus","version":"3.0.2","language":"en","enabled_languages":["de","en"],"languages":{"de":{"title":true,"content":true,"excerpt":true},"en":{"title":false,"content":false,"excerpt":false}}},"_links":{"self":[{"href":"https:\/\/www.highway-gmbh.de\/en\/wp-json\/wp\/v2\/product\/1057","targetHints":{"allow":["GET"]}}],"collection":[{"href":"https:\/\/www.highway-gmbh.de\/en\/wp-json\/wp\/v2\/product"}],"about":[{"href":"https:\/\/www.highway-gmbh.de\/en\/wp-json\/wp\/v2\/types\/product"}],"wp:featuredmedia":[{"embeddable":true,"href":"https:\/\/www.highway-gmbh.de\/en\/wp-json\/wp\/v2\/media\/1060"}],"wp:attachment":[{"href":"https:\/\/www.highway-gmbh.de\/en\/wp-json\/wp\/v2\/media?parent=1057"}],"wp:term":[{"taxonomy":"product_brand","embeddable":true,"href":"https:\/\/www.highway-gmbh.de\/en\/wp-json\/wp\/v2\/product_brand?post=1057"},{"taxonomy":"product_cat","embeddable":true,"href":"https:\/\/www.highway-gmbh.de\/en\/wp-json\/wp\/v2\/product_cat?post=1057"},{"taxonomy":"product_tag","embeddable":true,"href":"https:\/\/www.highway-gmbh.de\/en\/wp-json\/wp\/v2\/product_tag?post=1057"}],"curies":[{"name":"wp","href":"https:\/\/api.w.org\/{rel}","templated":true}]}}