{"id":1054,"date":"2021-05-18T09:47:46","date_gmt":"2021-05-18T07:47:46","guid":{"rendered":"https:\/\/highwaygmbh.de\/highway\/?post_type=product&#038;p=1054"},"modified":"2021-05-28T15:52:22","modified_gmt":"2021-05-28T13:52:22","slug":"voyager-1200g","status":"publish","type":"product","link":"https:\/\/www.highway-gmbh.de\/en\/produkte\/handscanner\/honeywell\/voyager-1200g\/","title":{"rendered":"Voyager 1200g"},"content":{"rendered":"<h1 id=\"jt_sr_headline\">Honeywell Voyager 1200g<\/h1>\n<h2 id=\"jt_sr_subline\">Revolution\u00e4rer Laserscanner f\u00fcr universellen Einsatz<\/h2>\n<p>Im futuristischen Design des Honeywell Hand-Laserscanners Voyager 1200g steckt Technik auf h\u00f6chstem Niveau: Der Single-Line Laser erfasst Barcodes mit h\u00f6chster Pr\u00e4zision \u2013 selbst schlecht gedruckte, besch\u00e4digte oder verschmutzte Codes liest er mit Leichtigkeit. Egal ob an der Kasse, im Lager, in der Werkstatt oder im Labor \u2013 er macht stets eine gute Figur.<\/p>\n<p>Der Voyager 1200g erfasst s\u00e4mtliche 1D- und GS1 DataBar Codes, auch besonders kleine Codes bis zu 3,5 mil \u2013 Er verf\u00fcgt \u00fcber ein Multi-Interface mit USB, KBW und RS-232 und automatischer Schnittstellenerkennung \u2013 so ist ein einziges Ger\u00e4t mit nahezu jedem System einsetzbar.<\/p>\n<p>Durch den optional mitgelieferten Standfu\u00df wird aus dem Handscanner im Handumdrehen ein Pr\u00e4sentationsscanner f\u00fcr Tisch oder Theke. Er erkennt dabei vollautomatisch, wenn er sich im Standfu\u00df befindet, und schaltet auf \u00bbPresentation Mode\u00ab um. Dank integrierter Objekterkennung werden Waren mit hohem Durchsatz einfach am Ger\u00e4t vorbeigef\u00fchrt und gleichzeitig erfasst. Der Honeywell Voyager 1200g verf\u00fcgt \u00fcber die erfolgreiche CodeGate-Technologie, welche die Erfassung aus Listen zum Kinderspiel macht.<\/p>\n<h3><a href=\"https:\/\/www.highway-gmbh.de\/wp-content\/uploads\/honeywell1200g.pdf\">Datenblatt Voyager 1200g<\/a><\/h3>\n","protected":false},"excerpt":{"rendered":"<ul>\n<li>Weltweit erfolgreicher Laserscanner<\/li>\n<li>Als Hand- und Pr\u00e4sentationsscanner zu verwenden (Standfu\u00df optional)<\/li>\n<li>Futuristisches Design und High-End Scan-Performance<\/li>\n<li>Aggressive Leseleistung f\u00fcr besch\u00e4digte oder besonders kleine Barcodes<\/li>\n<li>Multi-Interface: USB, KBW und RS-232 in einem Ger\u00e4t<\/li>\n<\/ul>\n","protected":false},"featured_media":1056,"template":"page-sidebar-left.php","meta":[],"product_brand":[],"product_cat":[18,72],"product_tag":[53],"class_list":{"0":"post-1054","1":"product","2":"type-product","3":"status-publish","4":"has-post-thumbnail","6":"product_cat-handscanner","7":"product_cat-honeywell","8":"product_tag-datalogic","10":"first","11":"instock","12":"virtual","13":"product-type-simple"},"translation":{"provider":"WPGlobus","version":"3.0.2","language":"en","enabled_languages":["de","en"],"languages":{"de":{"title":true,"content":true,"excerpt":true},"en":{"title":false,"content":false,"excerpt":false}}},"_links":{"self":[{"href":"https:\/\/www.highway-gmbh.de\/en\/wp-json\/wp\/v2\/product\/1054","targetHints":{"allow":["GET"]}}],"collection":[{"href":"https:\/\/www.highway-gmbh.de\/en\/wp-json\/wp\/v2\/product"}],"about":[{"href":"https:\/\/www.highway-gmbh.de\/en\/wp-json\/wp\/v2\/types\/product"}],"wp:featuredmedia":[{"embeddable":true,"href":"https:\/\/www.highway-gmbh.de\/en\/wp-json\/wp\/v2\/media\/1056"}],"wp:attachment":[{"href":"https:\/\/www.highway-gmbh.de\/en\/wp-json\/wp\/v2\/media?parent=1054"}],"wp:term":[{"taxonomy":"product_brand","embeddable":true,"href":"https:\/\/www.highway-gmbh.de\/en\/wp-json\/wp\/v2\/product_brand?post=1054"},{"taxonomy":"product_cat","embeddable":true,"href":"https:\/\/www.highway-gmbh.de\/en\/wp-json\/wp\/v2\/product_cat?post=1054"},{"taxonomy":"product_tag","embeddable":true,"href":"https:\/\/www.highway-gmbh.de\/en\/wp-json\/wp\/v2\/product_tag?post=1054"}],"curies":[{"name":"wp","href":"https:\/\/api.w.org\/{rel}","templated":true}]}}