{"id":1047,"date":"2021-05-18T09:24:45","date_gmt":"2021-05-18T07:24:45","guid":{"rendered":"https:\/\/highwaygmbh.de\/highway\/?post_type=product&#038;p=1047"},"modified":"2021-05-28T15:52:22","modified_gmt":"2021-05-28T13:52:22","slug":"powerscan-pd9500-rt","status":"publish","type":"product","link":"https:\/\/www.highway-gmbh.de\/en\/produkte\/handscanner\/datalogic\/powerscan-pd9500-rt\/","title":{"rendered":"PowerScan PD9500-RT"},"content":{"rendered":"<p><img decoding=\"async\" src=\"https:\/\/www.jarltech.com\/2007\/img\/1px.gif\" alt=\"\" width=\"0px\" height=\"14px\" \/><\/p>\n<h1 id=\"jt_sr_headline\">Datalogic PowerScan PD9500-RT<\/h1>\n<h2 id=\"jt_sr_subline\">Industrieklasse f\u00fcr den Handel<\/h2>\n<p>Der PD9500-RT macht die Widerstandsf\u00e4higkeit der Datalogic PowerScan Familie auch f\u00fcr den Einzelhandel verf\u00fcgbar. Der 2D-Area-Imager eignet sich perfekt zur Erfassung aktueller Warenbest\u00e4nde, als Unterst\u00fctzung am Verkaufstresen oder zur Aufnahme eingehender Waren. Er widersteht wie die urspr\u00fcngliche PowerScan Serie mehrfache St\u00f6\u00dfe am Tresen und ist gem\u00e4\u00df IP65 gegen das Eindringen von Staub und Fl\u00fcssigkeit gesch\u00fctzt. Die intuitive Zielf\u00fchrung, der patentierte Greenspot und die 3GL-Technologie erleichtern Anwendern die Erfassung nahezu aller 1D- und 2D-Barcodes.<\/p>\n<p>Dar\u00fcber hinaus erfasst der PD9500-RT auch Barcodes auf Basis digitaler Wasserzeichen. Die sogenannten Digimarc Barcodes werden nicht nur punktuell auf Produktverpackungen aufgebracht, sondern vollfl\u00e4chig und komplett unsichtbar. Das sorgt daf\u00fcr, dass Anwender den Barcode f\u00fcr die Erfassung nicht erst suchen m\u00fcssen. Dadurch steigen Durchsatz und Effizienz auf ein Maximum. Der PD9500-RT verf\u00fcgt ab Werk \u00fcber ein praktisches Multi-Interface: Schlie\u00dfen Sie den Scanner einfach je nach Anforderung via USB- oder RS-232-Schnittstelle an.<\/p>\n<h3><a href=\"https:\/\/www.highway-gmbh.de\/wp-content\/uploads\/datalogic_pd9500-rt.pdf\">Datenblatt PowerScan PD9500-RT<\/a><\/h3>\n<p>&nbsp;<\/p>\n","protected":false},"excerpt":{"rendered":"<ul>\n<li>Extrem strapazierf\u00e4higer 2D-Area-Imager f\u00fcr den Einzelhandel<\/li>\n<li>Liest sichtbare und unsichtbare Barcodes dank Erkennung digitaler Wasserzeichen (Digimarc)<\/li>\n<li>Intuitive Zielf\u00fchrung bei einfacher, omnidirektionaler Erfassung<\/li>\n<li>Sturzresistent aus bis zu 2 m H\u00f6he, wasser- und staubgesch\u00fctzt gem\u00e4\u00df IP65-Standard<\/li>\n<li>Drei Jahre Garantie sichern die Investition langfristig<\/li>\n<\/ul>\n","protected":false},"featured_media":1049,"template":"page-sidebar-left.php","meta":[],"product_brand":[],"product_cat":[42,18],"product_tag":[53],"class_list":{"0":"post-1047","1":"product","2":"type-product","3":"status-publish","4":"has-post-thumbnail","6":"product_cat-datalogic","7":"product_cat-handscanner","8":"product_tag-datalogic","10":"first","11":"instock","12":"virtual","13":"product-type-simple"},"translation":{"provider":"WPGlobus","version":"3.0.2","language":"en","enabled_languages":["de","en"],"languages":{"de":{"title":true,"content":true,"excerpt":true},"en":{"title":false,"content":false,"excerpt":false}}},"_links":{"self":[{"href":"https:\/\/www.highway-gmbh.de\/en\/wp-json\/wp\/v2\/product\/1047","targetHints":{"allow":["GET"]}}],"collection":[{"href":"https:\/\/www.highway-gmbh.de\/en\/wp-json\/wp\/v2\/product"}],"about":[{"href":"https:\/\/www.highway-gmbh.de\/en\/wp-json\/wp\/v2\/types\/product"}],"wp:featuredmedia":[{"embeddable":true,"href":"https:\/\/www.highway-gmbh.de\/en\/wp-json\/wp\/v2\/media\/1049"}],"wp:attachment":[{"href":"https:\/\/www.highway-gmbh.de\/en\/wp-json\/wp\/v2\/media?parent=1047"}],"wp:term":[{"taxonomy":"product_brand","embeddable":true,"href":"https:\/\/www.highway-gmbh.de\/en\/wp-json\/wp\/v2\/product_brand?post=1047"},{"taxonomy":"product_cat","embeddable":true,"href":"https:\/\/www.highway-gmbh.de\/en\/wp-json\/wp\/v2\/product_cat?post=1047"},{"taxonomy":"product_tag","embeddable":true,"href":"https:\/\/www.highway-gmbh.de\/en\/wp-json\/wp\/v2\/product_tag?post=1047"}],"curies":[{"name":"wp","href":"https:\/\/api.w.org\/{rel}","templated":true}]}}