{"id":1042,"date":"2021-05-18T09:18:41","date_gmt":"2021-05-18T07:18:41","guid":{"rendered":"https:\/\/highwaygmbh.de\/highway\/?post_type=product&#038;p=1042"},"modified":"2021-05-28T15:52:22","modified_gmt":"2021-05-28T13:52:22","slug":"powerscan-pbt9500","status":"publish","type":"product","link":"https:\/\/www.highway-gmbh.de\/en\/produkte\/handscanner\/datalogic\/powerscan-pbt9500\/","title":{"rendered":"PowerScan PBT9500"},"content":{"rendered":"<p><img decoding=\"async\" src=\"https:\/\/www.jarltech.com\/2007\/img\/1px.gif\" alt=\"\" width=\"0px\" height=\"14px\" \/><\/p>\n<h1 id=\"jt_sr_headline\">Datalogic PowerScan PBT9500<\/h1>\n<h2 id=\"jt_sr_subline\">Ultra-robuster Bluetooth-Scanner f\u00fcr 2D-Barcodes<\/h2>\n<p>Um auch im industriellen Bereich einen hohen Grad an Flexibilit\u00e4t zu gew\u00e4hrleisten, hat Datalogic seine PowerScan 9500 Serie um eine Bluetooth-Variante erweitert. Der PBT9500 bietet eine Reichweite von bis zu 100 m, eine leistungsstarke Scan-Engine f\u00fcr 1D- und 2D-Barcodes und enorme Robustheit f\u00fcr jede Umgebung. F\u00fcr Fertigungsstra\u00dfen und andere industrielle Einsatzgebiete bringt der PBT9500 alles N\u00f6tige mit: Er ist robust und unempfindlich selbst bei St\u00fcrzen aus 2 m, IP65-zertifiziert und voll einsatzf\u00e4hig im Temperaturbereich von -20 bis +50 \u00b0C. Der Akku h\u00e4lt selbst bei Dauereinsatz l\u00e4nger als eine Schicht: Bis zu 30.000 Scans sind mit einer Ladung zu schaffen.<\/p>\n<p>Je nach Aufl\u00f6sung der Barcodes hat der PBT9500 eine Lesereichweite von direktem Kontakt bis zu 1 m Abstand. F\u00fcr besonders hochaufl\u00f6sende Barcodes entscheiden Sie sich statt der Standardvariante f\u00fcr die High-Performance-Version. Die High-Performance-Version verf\u00fcgt \u00fcber eine in hohem Ma\u00dfe innovative Fl\u00fcssiglinse und vereint damit die High-Density-, Extended-Range- und Standardvariante in einem Ger\u00e4t.<\/p>\n<h3><a href=\"https:\/\/www.highway-gmbh.de\/wp-content\/uploads\/dlpbt9500.pdf\">Datenblat PowerScan PBT9500<\/a><\/h3>\n","protected":false},"excerpt":{"rendered":"<ul>\n<li>Kabelloser Bluetooth-Industriescanner f\u00fcr h\u00e4rteste Umgebungen<\/li>\n<li>Gro\u00dfe Unabh\u00e4ngigkeit durch bis zu 100 m Reichweite<\/li>\n<li>Erfasst 1D- und 2D-Barcodes sowie DPM und Bilder schnell und zuverl\u00e4ssig<\/li>\n<li>Aggressive Leseleistung durch leistungsstarke Dekodiereinheit<\/li>\n<li>Gem\u00e4\u00df IP65 gesch\u00fctzt gegen Staub und Wasser<\/li>\n<\/ul>\n","protected":false},"featured_media":1046,"template":"page-sidebar-left.php","meta":[],"product_brand":[],"product_cat":[42,18],"product_tag":[53],"class_list":{"0":"post-1042","1":"product","2":"type-product","3":"status-publish","4":"has-post-thumbnail","6":"product_cat-datalogic","7":"product_cat-handscanner","8":"product_tag-datalogic","10":"first","11":"instock","12":"virtual","13":"product-type-simple"},"translation":{"provider":"WPGlobus","version":"3.0.2","language":"en","enabled_languages":["de","en"],"languages":{"de":{"title":true,"content":true,"excerpt":true},"en":{"title":false,"content":false,"excerpt":false}}},"_links":{"self":[{"href":"https:\/\/www.highway-gmbh.de\/en\/wp-json\/wp\/v2\/product\/1042","targetHints":{"allow":["GET"]}}],"collection":[{"href":"https:\/\/www.highway-gmbh.de\/en\/wp-json\/wp\/v2\/product"}],"about":[{"href":"https:\/\/www.highway-gmbh.de\/en\/wp-json\/wp\/v2\/types\/product"}],"wp:featuredmedia":[{"embeddable":true,"href":"https:\/\/www.highway-gmbh.de\/en\/wp-json\/wp\/v2\/media\/1046"}],"wp:attachment":[{"href":"https:\/\/www.highway-gmbh.de\/en\/wp-json\/wp\/v2\/media?parent=1042"}],"wp:term":[{"taxonomy":"product_brand","embeddable":true,"href":"https:\/\/www.highway-gmbh.de\/en\/wp-json\/wp\/v2\/product_brand?post=1042"},{"taxonomy":"product_cat","embeddable":true,"href":"https:\/\/www.highway-gmbh.de\/en\/wp-json\/wp\/v2\/product_cat?post=1042"},{"taxonomy":"product_tag","embeddable":true,"href":"https:\/\/www.highway-gmbh.de\/en\/wp-json\/wp\/v2\/product_tag?post=1042"}],"curies":[{"name":"wp","href":"https:\/\/api.w.org\/{rel}","templated":true}]}}