{"id":1039,"date":"2021-05-18T09:16:08","date_gmt":"2021-05-18T07:16:08","guid":{"rendered":"https:\/\/highwaygmbh.de\/highway\/?post_type=product&#038;p=1039"},"modified":"2021-05-28T15:52:22","modified_gmt":"2021-05-28T13:52:22","slug":"powerscan-pd9500","status":"publish","type":"product","link":"https:\/\/www.highway-gmbh.de\/en\/produkte\/handscanner\/datalogic\/powerscan-pd9500\/","title":{"rendered":"PowerScan PD9500"},"content":{"rendered":"<p><img decoding=\"async\" src=\"https:\/\/www.jarltech.com\/2007\/img\/1px.gif\" alt=\"\" width=\"0px\" height=\"14px\" \/><\/p>\n<h1 id=\"jt_sr_headline\">Datalogic PowerScan PD9500<\/h1>\n<h2 id=\"jt_sr_subline\">Area-Imager f\u00fcr die Industrie<\/h2>\n<p>Der kabelgebundene Industriescanner Datalogic PowerScan PD9500 setzt Akzente. Der Area Imager erfasst auch zuverl\u00e4ssig Bilder. Er ist gem\u00e4\u00df IP65-Zertifikat gesch\u00fctzt gegen Wasser und Staub, sturzsicher aus bis zu 2 m H\u00f6he und h\u00e4lt Temperaturen von -20 bis +50 \u00b0C aus.<\/p>\n<p>Je nach Aufl\u00f6sung der Barcodes hat der PD9500 eine Lesereichweite von direktem Kontakt bis zu 1 m Abstand. F\u00fcr besonders hochaufl\u00f6sende Barcodes eignet sich statt der Standardvariante die High-Performance-Version. Sie verf\u00fcgt \u00fcber eine innovative Fl\u00fcssiglinse und vereint damit die High-Density-, Extended-Range- und Standardvariante in einem Ger\u00e4t. F\u00fcr Direct Part Marking-Anwendungen, bei denen der Barcode durch \u00c4tzung oder Lasern aufgebracht wird, bietet Datalogic eine Version, die dank des ausgekl\u00fcgelten Beleuchtungssystems rund 80 % der auf dem Markt befindlichen DPM-Barcodes zuverl\u00e4ssig erfasst. Die Lesebest\u00e4tigung beim Scannen erfolgt mittels Datalogics patentiertem Green Spot. Das sorgt f\u00fcr Klarheit und vermeidet redundante Datens\u00e4tze im System. Standardm\u00e4\u00dfig verf\u00fcgt der PowerScan PD9500 \u00fcber ein Multi-Interface (USB, RS-232, KBW).<\/p>\n<h3><a href=\"https:\/\/www.highway-gmbh.de\/wp-content\/uploads\/dlpd9500.pdf\">Datenblatt PowerScan PD9500<\/a><\/h3>\n","protected":false},"excerpt":{"rendered":"<ul>\n<li>Robuster 2D-Industriescanner mit IP65-Schutz<\/li>\n<li>Aggressive Leseleistung durch leistungsstarke Dekodier-Engine<\/li>\n<li>Lesereichweite von Kontakt bis zu 1m Abstand<\/li>\n<li>Angenehm wei\u00dfe Beleuchtung schont die Augen<\/li>\n<li>Leistungsf\u00e4hige DPM-Variante verf\u00fcgbar<\/li>\n<\/ul>\n","protected":false},"featured_media":1041,"template":"page-sidebar-left.php","meta":[],"product_brand":[],"product_cat":[42,18],"product_tag":[53],"class_list":{"0":"post-1039","1":"product","2":"type-product","3":"status-publish","4":"has-post-thumbnail","6":"product_cat-datalogic","7":"product_cat-handscanner","8":"product_tag-datalogic","10":"first","11":"instock","12":"virtual","13":"product-type-simple"},"translation":{"provider":"WPGlobus","version":"3.0.2","language":"en","enabled_languages":["de","en"],"languages":{"de":{"title":true,"content":true,"excerpt":true},"en":{"title":false,"content":false,"excerpt":false}}},"_links":{"self":[{"href":"https:\/\/www.highway-gmbh.de\/en\/wp-json\/wp\/v2\/product\/1039","targetHints":{"allow":["GET"]}}],"collection":[{"href":"https:\/\/www.highway-gmbh.de\/en\/wp-json\/wp\/v2\/product"}],"about":[{"href":"https:\/\/www.highway-gmbh.de\/en\/wp-json\/wp\/v2\/types\/product"}],"wp:featuredmedia":[{"embeddable":true,"href":"https:\/\/www.highway-gmbh.de\/en\/wp-json\/wp\/v2\/media\/1041"}],"wp:attachment":[{"href":"https:\/\/www.highway-gmbh.de\/en\/wp-json\/wp\/v2\/media?parent=1039"}],"wp:term":[{"taxonomy":"product_brand","embeddable":true,"href":"https:\/\/www.highway-gmbh.de\/en\/wp-json\/wp\/v2\/product_brand?post=1039"},{"taxonomy":"product_cat","embeddable":true,"href":"https:\/\/www.highway-gmbh.de\/en\/wp-json\/wp\/v2\/product_cat?post=1039"},{"taxonomy":"product_tag","embeddable":true,"href":"https:\/\/www.highway-gmbh.de\/en\/wp-json\/wp\/v2\/product_tag?post=1039"}],"curies":[{"name":"wp","href":"https:\/\/api.w.org\/{rel}","templated":true}]}}