{"id":1036,"date":"2021-05-18T09:12:54","date_gmt":"2021-05-18T07:12:54","guid":{"rendered":"https:\/\/highwaygmbh.de\/highway\/?post_type=product&#038;p=1036"},"modified":"2021-05-28T15:52:22","modified_gmt":"2021-05-28T13:52:22","slug":"powerscan-pbt9300","status":"publish","type":"product","link":"https:\/\/www.highway-gmbh.de\/en\/produkte\/handscanner\/datalogic\/powerscan-pbt9300\/","title":{"rendered":"PowerScan PBT9300"},"content":{"rendered":"<p><img decoding=\"async\" src=\"https:\/\/www.jarltech.com\/2007\/img\/1px.gif\" alt=\"\" width=\"0px\" height=\"14px\" \/><\/p>\n<h1 id=\"jt_sr_headline\">Datalogic PowerScan PBT9300<\/h1>\n<h2 id=\"jt_sr_subline\">Industrie-Laserscanner mit Bluetooth Funktechnologie<\/h2>\n<p>Das widerstandsf\u00e4hige Geh\u00e4use des PBT9300 aus Datalogics Premiumreihe robuster Datenerfassungsprodukte macht den Laserscanner zum Allroundtalent im t\u00e4glichen Dauereinsatz in Industrie, Lager und Handel. Dank Bluetooth 3.0-Standard kommunizieren Sie flexibel direkt mit einem Bluetooth-f\u00e4higen Endger\u00e4t oder dem jeweiligen Hostcomputer. Im Freien betr\u00e4gt die Reichweite des Scanners bis zu 100 m und mit \u00fcber 50.000 Scans pro Akkuladung und einer Ladezeit von vier Stunden ist er f\u00fcr s\u00e4mtliche Einsatzgebiete geeignet.<\/p>\n<p>Um die Arbeit in sehr lauten Umgebungen zus\u00e4tzlich zu erleichtern, best\u00e4tigen sowohl ein akustisches Signal als auch der patentierte Green Spot das erfolgreiche Lesen des Codes. Das robuste Geh\u00e4use (Schutzklasse IP65 ohne Display \/ IP64 mit Display) trotzt auch extremen Sto\u00dfbelastungen wie St\u00fcrzen aus zwei Metern H\u00f6he und bleibt innerhalb eines gro\u00dfen Temperaturbereichs voll einsatzf\u00e4hig. Entscheiden Sie sich optional f\u00fcr eine erweiterte Variante mit integriertem Display und drei Bedientasten oder mit komplettem 16-Tasten-Bedienfeld. Dank \u00bbPuzzleSolver\u00ab Technologie erkennt und liest der industrielle Laserscanner auch schlecht lesbare oder besch\u00e4digte Barcodes.<\/p>\n<h3><a href=\"https:\/\/www.highway-gmbh.de\/wp-content\/uploads\/datalogic_PBT9300.pdf\">Datenblatt PowerScan PBT9300<\/a><\/h3>\n","protected":false},"excerpt":{"rendered":"<ul>\n<li>Extrem robuster Industrie-Laserscanner f\u00fcr mobilen Einsatz<\/li>\n<li>Zuverl\u00e4ssige Bluetooth Funktechnologie mit bis zu 100 m Reichweite<\/li>\n<li>Leistungsstarker Akku f\u00fcr \u00fcber 50.000 Scans pro Ladung<\/li>\n<li>3GL Technologie und patentierter \u00bbGreen-Spot\u00ab erleichtern die Erfassung<\/li>\n<li>Praktische Varianten mit Display und 16-Tasten-Bedienfeld<\/li>\n<\/ul>\n","protected":false},"featured_media":1038,"template":"page-sidebar-left.php","meta":[],"product_brand":[],"product_cat":[42,18],"product_tag":[53],"class_list":{"0":"post-1036","1":"product","2":"type-product","3":"status-publish","4":"has-post-thumbnail","6":"product_cat-datalogic","7":"product_cat-handscanner","8":"product_tag-datalogic","10":"first","11":"instock","12":"virtual","13":"product-type-simple"},"translation":{"provider":"WPGlobus","version":"3.0.2","language":"en","enabled_languages":["de","en"],"languages":{"de":{"title":true,"content":true,"excerpt":true},"en":{"title":false,"content":false,"excerpt":false}}},"_links":{"self":[{"href":"https:\/\/www.highway-gmbh.de\/en\/wp-json\/wp\/v2\/product\/1036","targetHints":{"allow":["GET"]}}],"collection":[{"href":"https:\/\/www.highway-gmbh.de\/en\/wp-json\/wp\/v2\/product"}],"about":[{"href":"https:\/\/www.highway-gmbh.de\/en\/wp-json\/wp\/v2\/types\/product"}],"wp:featuredmedia":[{"embeddable":true,"href":"https:\/\/www.highway-gmbh.de\/en\/wp-json\/wp\/v2\/media\/1038"}],"wp:attachment":[{"href":"https:\/\/www.highway-gmbh.de\/en\/wp-json\/wp\/v2\/media?parent=1036"}],"wp:term":[{"taxonomy":"product_brand","embeddable":true,"href":"https:\/\/www.highway-gmbh.de\/en\/wp-json\/wp\/v2\/product_brand?post=1036"},{"taxonomy":"product_cat","embeddable":true,"href":"https:\/\/www.highway-gmbh.de\/en\/wp-json\/wp\/v2\/product_cat?post=1036"},{"taxonomy":"product_tag","embeddable":true,"href":"https:\/\/www.highway-gmbh.de\/en\/wp-json\/wp\/v2\/product_tag?post=1036"}],"curies":[{"name":"wp","href":"https:\/\/api.w.org\/{rel}","templated":true}]}}