{"id":1033,"date":"2021-05-18T09:09:58","date_gmt":"2021-05-18T07:09:58","guid":{"rendered":"https:\/\/highwaygmbh.de\/highway\/?post_type=product&#038;p=1033"},"modified":"2021-05-28T15:52:22","modified_gmt":"2021-05-28T13:52:22","slug":"powerscan-pm9300","status":"publish","type":"product","link":"https:\/\/www.highway-gmbh.de\/en\/produkte\/handscanner\/datalogic\/powerscan-pm9300\/","title":{"rendered":"PowerScan PM9300"},"content":{"rendered":"<p><img decoding=\"async\" src=\"https:\/\/www.jarltech.com\/2007\/img\/1px.gif\" alt=\"\" width=\"0px\" height=\"14px\" \/><\/p>\n<h1 id=\"jt_sr_headline\">Datalogic PowerScan PM9300<\/h1>\n<h2 id=\"jt_sr_subline\">Robuster Industriescanner f\u00fcr mobile Anwendungen<\/h2>\n<p>Der mobile Barcodescanner PowerScan PM9300 bietet dieselben professionellen und vor allem robusten Eigenschaften wie die kabelgebundenen Varianten. Das widerstandsf\u00e4hige Geh\u00e4use aus schlagfestem Kunststoff macht die Laserscanner zum Allroundtalent im t\u00e4glichen Dauerereinsatz in Industrie und Handel. Weiterhin bieten die kabellosen Ger\u00e4te durch die hohe Akkuleistung eine besonders lange Arbeitszeit. Mit \u00fcber 50.000 Scans pro Akkuladung und einer kurzen Ladezeit von lediglich vier Stunden ist er f\u00fcr s\u00e4mtliche Eins\u00e4tze in Produktion und Logistik geeignet. Um auch in sehr lauten Umgebungen ein einfaches Erfassen der Barcodes sicherzustellen verf\u00fcgt sie \u00fcber einen deutlich h\u00f6rbaren Beeper, der in der Lautst\u00e4rke konfigurierbar ist, besonders helle LEDs und einen Zielpunkt f\u00fcr eine vereinfachte Orientierung.<\/p>\n<p>Als Laserscanner mit einer hohen Aufl\u00f6sung und einem gro\u00dfen Leseabstand erkennen die Barcodescanner in Verbindung mit dem schnellen Mikropozessor alle g\u00e4ngigen eindimensionalen Barcodes. Die PowerScan PM9300 \u00fcbertr\u00e4gt Daten \u00fcber lizenz- und anmeldefreien Funk im 433 Mhz Frequenzbereich und kommuniziert bidirektional zwischen Scanner und Host.<\/p>\n<h3><a href=\"https:\/\/www.highway-gmbh.de\/wp-content\/uploads\/datalogic_PM9300.pdf\">Datenblatt PowerScan PM9300<\/a><\/h3>\n<p>&nbsp;<\/p>\n","protected":false},"excerpt":{"rendered":"<ul>\n<li>Robuster 1D-Barcodeleser f\u00fcr industrielle Einsatzbereiche<\/li>\n<li>Mobile, kabellose Variante des professionellen Scanners<\/li>\n<li>Hohe Ergonomie und Flexibilit\u00e4t: Funkreichweite von bis zu 100 m<\/li>\n<li>Alle Anschlusstypen in einem Ger\u00e4t: USB, RS-232 und Tastaturweiche<\/li>\n<li>Mit patentiertem \u00bbGreen-Spot\u00ab \u2013 erleichtert die Erfassung<\/li>\n<\/ul>\n","protected":false},"featured_media":1035,"template":"page-sidebar-left.php","meta":[],"product_brand":[],"product_cat":[42,18],"product_tag":[53],"class_list":{"0":"post-1033","1":"product","2":"type-product","3":"status-publish","4":"has-post-thumbnail","6":"product_cat-datalogic","7":"product_cat-handscanner","8":"product_tag-datalogic","10":"first","11":"instock","12":"virtual","13":"product-type-simple"},"translation":{"provider":"WPGlobus","version":"3.0.2","language":"en","enabled_languages":["de","en"],"languages":{"de":{"title":true,"content":true,"excerpt":true},"en":{"title":false,"content":false,"excerpt":false}}},"_links":{"self":[{"href":"https:\/\/www.highway-gmbh.de\/en\/wp-json\/wp\/v2\/product\/1033","targetHints":{"allow":["GET"]}}],"collection":[{"href":"https:\/\/www.highway-gmbh.de\/en\/wp-json\/wp\/v2\/product"}],"about":[{"href":"https:\/\/www.highway-gmbh.de\/en\/wp-json\/wp\/v2\/types\/product"}],"wp:featuredmedia":[{"embeddable":true,"href":"https:\/\/www.highway-gmbh.de\/en\/wp-json\/wp\/v2\/media\/1035"}],"wp:attachment":[{"href":"https:\/\/www.highway-gmbh.de\/en\/wp-json\/wp\/v2\/media?parent=1033"}],"wp:term":[{"taxonomy":"product_brand","embeddable":true,"href":"https:\/\/www.highway-gmbh.de\/en\/wp-json\/wp\/v2\/product_brand?post=1033"},{"taxonomy":"product_cat","embeddable":true,"href":"https:\/\/www.highway-gmbh.de\/en\/wp-json\/wp\/v2\/product_cat?post=1033"},{"taxonomy":"product_tag","embeddable":true,"href":"https:\/\/www.highway-gmbh.de\/en\/wp-json\/wp\/v2\/product_tag?post=1033"}],"curies":[{"name":"wp","href":"https:\/\/api.w.org\/{rel}","templated":true}]}}