{"id":1026,"date":"2021-05-18T08:59:09","date_gmt":"2021-05-18T06:59:09","guid":{"rendered":"https:\/\/highwaygmbh.de\/highway\/?post_type=product&#038;p=1026"},"modified":"2021-05-28T15:52:23","modified_gmt":"2021-05-28T13:52:23","slug":"powerscan-pd9100","status":"publish","type":"product","link":"https:\/\/www.highway-gmbh.de\/en\/produkte\/handscanner\/datalogic\/powerscan-pd9100\/","title":{"rendered":"PowerScan PD9100"},"content":{"rendered":"<p><img decoding=\"async\" src=\"https:\/\/www.jarltech.com\/2007\/img\/1px.gif\" alt=\"\" width=\"0px\" height=\"14px\" \/><\/p>\n<div class=\"headline\">\n<h1 id=\"jt_sr_headline\">Datalogic PowerScan PD9100<\/h1>\n<h2 id=\"jt_sr_subline\">Robuster Scanner f\u00fcr Lager und Logistik<\/h2>\n<\/div>\n<p>Der widerstandsf\u00e4hige PD9100 Linear-Imager geh\u00f6rt als robuste Industrievariante zu Datalogics bew\u00e4hrter PowerScan Familie. Er widersteht mehrfach St\u00fcrzen oder St\u00f6\u00dfen, z. B. an Regalen im Lager und ist gem\u00e4\u00df IP65 gegen das Eindringen von Staub sowie Fl\u00fcssigkeit gesch\u00fctzt. Auch der Temperaturbereich, der von -20 bis +50 Grad Celsius reicht, erm\u00f6glicht vielf\u00e4ltige Einsatzgebiete. Unterst\u00fctzt wird der Nutzer dabei von der Unempfindlichkeit des Scanners gegen (diffuses) Umgebungslicht, wie es in Industriehallen oder Logistikzentren eventuell vorkommt. Auch direkte Sonneneinstrahlung bringt ihn nicht aus der Ruhe. Zusammen mit der praktischen Zielvorrichtung und dem 3GL-Feedback eignet sich der PD9100 perfekt zur Erfassung aktueller Warenbest\u00e4nde, als Unterst\u00fctzung bei der Inventur oder zur Aufnahme eingehender Waren.<\/p>\n<p>Den PD9100 gibt es mit folgenden Schnittstellen ab Werk: USB, Keyboard Wedge und RS-232. Wie von Datalogic gewohnt, unterst\u00fctzt das anwenderfreundliche Konfigurationsprogramm \u00bbAladdin\u00ab auch den PD9100. Damit ist der Scanner schnell in Betrieb genommen und l\u00e4sst sich einfach konfigurieren<\/p>\n<h3><a href=\"https:\/\/www.highway-gmbh.de\/wp-content\/uploads\/datalogic_pd9100.pdf\">Datenblatt PowerScan PD9100<\/a><\/h3>\n<p>&nbsp;<\/p>\n","protected":false},"excerpt":{"rendered":"<ul>\n<li>Industrieller 1D-Linear-Imager f\u00fcr Lager und Logistik<\/li>\n<li>Ergonomischer Griff und ausgewogene Gewichtsverteilung<\/li>\n<li>Praktische Zielvorrichtung und 3GL-Feedback mit patentiertem \u00bbGreen Spot\u00ab<\/li>\n<li>Sturzresistent aus bis zu 2 m H\u00f6he; Staub- und Spritzwasserschutz gem\u00e4\u00df IP65<\/li>\n<li>Sicherheit: drei Jahre Garantie.<\/li>\n<\/ul>\n","protected":false},"featured_media":1023,"template":"page-sidebar-left.php","meta":[],"product_brand":[],"product_cat":[42,18],"product_tag":[53],"class_list":{"0":"post-1026","1":"product","2":"type-product","3":"status-publish","4":"has-post-thumbnail","6":"product_cat-datalogic","7":"product_cat-handscanner","8":"product_tag-datalogic","10":"first","11":"instock","12":"virtual","13":"product-type-simple"},"translation":{"provider":"WPGlobus","version":"3.0.2","language":"en","enabled_languages":["de","en"],"languages":{"de":{"title":true,"content":true,"excerpt":true},"en":{"title":false,"content":false,"excerpt":false}}},"_links":{"self":[{"href":"https:\/\/www.highway-gmbh.de\/en\/wp-json\/wp\/v2\/product\/1026","targetHints":{"allow":["GET"]}}],"collection":[{"href":"https:\/\/www.highway-gmbh.de\/en\/wp-json\/wp\/v2\/product"}],"about":[{"href":"https:\/\/www.highway-gmbh.de\/en\/wp-json\/wp\/v2\/types\/product"}],"wp:featuredmedia":[{"embeddable":true,"href":"https:\/\/www.highway-gmbh.de\/en\/wp-json\/wp\/v2\/media\/1023"}],"wp:attachment":[{"href":"https:\/\/www.highway-gmbh.de\/en\/wp-json\/wp\/v2\/media?parent=1026"}],"wp:term":[{"taxonomy":"product_brand","embeddable":true,"href":"https:\/\/www.highway-gmbh.de\/en\/wp-json\/wp\/v2\/product_brand?post=1026"},{"taxonomy":"product_cat","embeddable":true,"href":"https:\/\/www.highway-gmbh.de\/en\/wp-json\/wp\/v2\/product_cat?post=1026"},{"taxonomy":"product_tag","embeddable":true,"href":"https:\/\/www.highway-gmbh.de\/en\/wp-json\/wp\/v2\/product_tag?post=1026"}],"curies":[{"name":"wp","href":"https:\/\/api.w.org\/{rel}","templated":true}]}}