{"id":1021,"date":"2021-05-18T08:47:19","date_gmt":"2021-05-18T06:47:19","guid":{"rendered":"https:\/\/highwaygmbh.de\/highway\/?post_type=product&#038;p=1021"},"modified":"2021-05-28T15:52:22","modified_gmt":"2021-05-28T13:52:22","slug":"powerscan-pm9100","status":"publish","type":"product","link":"https:\/\/www.highway-gmbh.de\/en\/produkte\/handscanner\/datalogic\/powerscan-pm9100\/","title":{"rendered":"PowerScan PM9100"},"content":{"rendered":"<p><img decoding=\"async\" src=\"https:\/\/www.jarltech.com\/2007\/img\/1px.gif\" alt=\"\" width=\"0px\" height=\"14px\" \/><\/p>\n<div class=\"headline\">\n<h1 id=\"jt_sr_headline\">Datalogic PowerScan PM9100<\/h1>\n<h2 id=\"jt_sr_subline\">Zuverl\u00e4ssiger Mobilscanner f\u00fcr 1D-Barcodes<\/h2>\n<\/div>\n<p>Datalogics mobiler Linear-Imager PowerScan PM9100 kommuniziert \u00fcber Kurzwellenfunk (433 oder 910 MHz) und ist damit die ideale Wahl f\u00fcr alle, die aufgrund m\u00f6glicher Interferenzen keine Bluetooth- oder WLAN-Scanner einsetzen m\u00f6chten. Der leistungsstarke Linear-Imager tastet Barcodes mit einer Linie aus gr\u00fcnem Licht ab, die die Augen schont und das Zielen erheblich vereinfacht. Damit ist der PM9100 eine gro\u00dfe Hilfe in Lagerh\u00e4usern, in der Produktion, in der Logistik und im Transport.<\/p>\n<p>Pro Funkempf\u00e4nger betreiben Sie bis zu 16 Scanner gleichzeitig mit nahtlosem Roaming. Da der Scanner zur Funkverbindung Datalogics kabelloses STAR-System 2.0 nutzt, ist er auch mit bestehenden Infrastrukturen und Ger\u00e4ten kompatibel, die auf diesem System basieren. Hinzu kommt: Er ist gem\u00e4\u00df IP65 staubdicht, gegen Spritzwasser aus allen Richtungen gesch\u00fctzt und aus bis zu 2 m H\u00f6he fallsicher. Der PM9100 ist in drei verschiedenen Varianten verf\u00fcgbar \u2013 neben dem Basismodell erhalten Sie zwei Versionen mit Display, davon eine mit 4 Tasten und eine mit vollst\u00e4ndigem alphanumerischen 16-Tastenfeld.<\/p>\n<h3><a href=\"https:\/\/www.highway-gmbh.de\/wp-content\/uploads\/datalogic_pm9100.pdf\">Datenblatt PowerScan PM9100<\/a><\/h3>\n<p>&nbsp;<\/p>\n","protected":false},"excerpt":{"rendered":"<ul>\n<li>Mobiler Linear-Imager f\u00fcr industrielle Einsatzbereiche<\/li>\n<li>Unterdr\u00fcckt Interferenzen mit Bluetooth- oder WLAN-Infrastrukturen<\/li>\n<li>Nach IP65 staub- und wasserdicht sowie aus 2 m H\u00f6he fallsicher<\/li>\n<li>Optional mit Displays und Tastenfeldern erh\u00e4ltlich<\/li>\n<li>Nahtloses Roaming mit Datalogics STAR-Funksystem 2.0<\/li>\n<\/ul>\n","protected":false},"featured_media":1025,"template":"page-sidebar-left.php","meta":[],"product_brand":[],"product_cat":[42,18],"product_tag":[53],"class_list":{"0":"post-1021","1":"product","2":"type-product","3":"status-publish","4":"has-post-thumbnail","6":"product_cat-datalogic","7":"product_cat-handscanner","8":"product_tag-datalogic","10":"first","11":"instock","12":"virtual","13":"product-type-simple"},"translation":{"provider":"WPGlobus","version":"3.0.2","language":"en","enabled_languages":["de","en"],"languages":{"de":{"title":true,"content":true,"excerpt":true},"en":{"title":false,"content":false,"excerpt":false}}},"_links":{"self":[{"href":"https:\/\/www.highway-gmbh.de\/en\/wp-json\/wp\/v2\/product\/1021","targetHints":{"allow":["GET"]}}],"collection":[{"href":"https:\/\/www.highway-gmbh.de\/en\/wp-json\/wp\/v2\/product"}],"about":[{"href":"https:\/\/www.highway-gmbh.de\/en\/wp-json\/wp\/v2\/types\/product"}],"wp:featuredmedia":[{"embeddable":true,"href":"https:\/\/www.highway-gmbh.de\/en\/wp-json\/wp\/v2\/media\/1025"}],"wp:attachment":[{"href":"https:\/\/www.highway-gmbh.de\/en\/wp-json\/wp\/v2\/media?parent=1021"}],"wp:term":[{"taxonomy":"product_brand","embeddable":true,"href":"https:\/\/www.highway-gmbh.de\/en\/wp-json\/wp\/v2\/product_brand?post=1021"},{"taxonomy":"product_cat","embeddable":true,"href":"https:\/\/www.highway-gmbh.de\/en\/wp-json\/wp\/v2\/product_cat?post=1021"},{"taxonomy":"product_tag","embeddable":true,"href":"https:\/\/www.highway-gmbh.de\/en\/wp-json\/wp\/v2\/product_tag?post=1021"}],"curies":[{"name":"wp","href":"https:\/\/api.w.org\/{rel}","templated":true}]}}