{"id":1012,"date":"2021-05-17T15:11:08","date_gmt":"2021-05-17T13:11:08","guid":{"rendered":"https:\/\/highwaygmbh.de\/highway\/?post_type=product&#038;p=1012"},"modified":"2021-05-17T16:43:03","modified_gmt":"2021-05-17T14:43:03","slug":"quickscan-qbt2400","status":"publish","type":"product","link":"https:\/\/www.highway-gmbh.de\/en\/produkte\/handscanner\/datalogic\/quickscan-qbt2400\/","title":{"rendered":"QuickScan  QBT2400"},"content":{"rendered":"<h1 id=\"jt_sr_headline\">Datalogic QuickScan\u00a0 QBT2400<\/h1>\n<h2 id=\"jt_sr_subline\">Preisstarker BT-Funkscanner f\u00fcr 1D- und 2D-Barcodes<\/h2>\n<p>Einfach mobil Barcodes erfassen \u2013 eine Selbstverst\u00e4ndlichkeit mit Datalogics QuickScan QBT2400. Der kabellose Area-Imager mit Bluetooth-Funktechnologie erfasst schnell und zuverl\u00e4ssig gedruckte sowie digitale 1D- und 2D-Barcodes auf Smartphones und Tablets.<\/p>\n<p>Die Bluetooth-Funkreichweite liegt bei bis zu 25 m, das schenkt Nutzern viel Bewegungsfreiheit. Der QBT2400 sendet die Daten entweder \u00fcber die Basisstation zum Host oder an nahezu jedes Tablet oder jeden Mobilcomputer mit Bluetooth-Funktion \u2013 via Bluetooth HID-Profil lassen sich Android- wie auch iOS-Ger\u00e4te einfach verbinden.<\/p>\n<p>Die starke Leistung des Li-Ionen-Akkus, der sich im Handumdrehen austauschen l\u00e4sst, sorgt f\u00fcr lange Einsatzzeiten. \u00dcber den integrierten Micro-USB-Anschluss ist der QuickScan QBT2400 schnell auch ohne die Ladestation geladen.<\/p>\n<p>Dank Datalogics patentierter Green Spot Lesebest\u00e4tigung erhalten Nutzer nach jedem Scan sofort ein eindeutiges Feedback. Die dunkelrote Hintergrundbeleuchtung des QuickScan QBT2400 schont die Augen der Nutzer, dabei definieren zwei stark kontrastierende blaue Dreiecke eindeutig den Zielbereich und sorgen f\u00fcr pr\u00e4zises Erfassen von nahezu jedem Barcode \u2013 besonders praktisch beim Bearbeiten von Listen.<\/p>\n<h3><a href=\"https:\/\/www.highway-gmbh.de\/wp-content\/uploads\/dlqbt2400.pdf\">Datenblatt QuickScan QBT2400<\/a><\/h3>\n<p>&nbsp;<\/p>\n","protected":false},"excerpt":{"rendered":"<ul>\n<li>Kabelloser Area Imager mit 25 m Bluetooth-Funkreichweite<\/li>\n<li>Schnelle Erfassung aller gedruckten und digitalen 1D- und 2D-Barcodes<\/li>\n<li>Einfache \u00dcbertragung an Basisstation oder beliebiges BT-Ger\u00e4t<\/li>\n<li>Kompatibel zu iOS- und Android-Mobilger\u00e4ten<\/li>\n<li>Einfacher Akku-Austausch oder Laden \u00fcber Micro-USB<\/li>\n<\/ul>\n","protected":false},"featured_media":1015,"template":"page-sidebar-left.php","meta":[],"product_brand":[],"product_cat":[42,18],"product_tag":[53],"class_list":{"0":"post-1012","1":"product","2":"type-product","3":"status-publish","4":"has-post-thumbnail","6":"product_cat-datalogic","7":"product_cat-handscanner","8":"product_tag-datalogic","10":"first","11":"instock","12":"virtual","13":"product-type-simple"},"translation":{"provider":"WPGlobus","version":"3.0.2","language":"en","enabled_languages":["de","en"],"languages":{"de":{"title":true,"content":true,"excerpt":true},"en":{"title":false,"content":false,"excerpt":false}}},"_links":{"self":[{"href":"https:\/\/www.highway-gmbh.de\/en\/wp-json\/wp\/v2\/product\/1012","targetHints":{"allow":["GET"]}}],"collection":[{"href":"https:\/\/www.highway-gmbh.de\/en\/wp-json\/wp\/v2\/product"}],"about":[{"href":"https:\/\/www.highway-gmbh.de\/en\/wp-json\/wp\/v2\/types\/product"}],"wp:featuredmedia":[{"embeddable":true,"href":"https:\/\/www.highway-gmbh.de\/en\/wp-json\/wp\/v2\/media\/1015"}],"wp:attachment":[{"href":"https:\/\/www.highway-gmbh.de\/en\/wp-json\/wp\/v2\/media?parent=1012"}],"wp:term":[{"taxonomy":"product_brand","embeddable":true,"href":"https:\/\/www.highway-gmbh.de\/en\/wp-json\/wp\/v2\/product_brand?post=1012"},{"taxonomy":"product_cat","embeddable":true,"href":"https:\/\/www.highway-gmbh.de\/en\/wp-json\/wp\/v2\/product_cat?post=1012"},{"taxonomy":"product_tag","embeddable":true,"href":"https:\/\/www.highway-gmbh.de\/en\/wp-json\/wp\/v2\/product_tag?post=1012"}],"curies":[{"name":"wp","href":"https:\/\/api.w.org\/{rel}","templated":true}]}}