{"id":1009,"date":"2021-05-17T15:07:04","date_gmt":"2021-05-17T13:07:04","guid":{"rendered":"https:\/\/highwaygmbh.de\/highway\/?post_type=product&#038;p=1009"},"modified":"2021-05-17T16:43:03","modified_gmt":"2021-05-17T14:43:03","slug":"quickscan-qm2400","status":"publish","type":"product","link":"https:\/\/www.highway-gmbh.de\/en\/produkte\/handscanner\/datalogic\/quickscan-qm2400\/","title":{"rendered":"QuickScan  QM2400"},"content":{"rendered":"<h1 id=\"jt_sr_headline\">Datalogic QuickScan\u00a0 QM2400<\/h1>\n<h2 id=\"jt_sr_subline\">Mobil scannen ohne WLAN-Interferenzen<\/h2>\n<p>Der Area Imager QuickScan QM2400 von Datalogic erfasst schnell, sicher und zuverl\u00e4ssig gedruckte und digitale 1D- und 2D-Barcodes. Damit eignet sich der QM2400 f\u00fcr den Kassenplatz, den Wareneingang, f\u00fcr Inventar-Management, in Verwaltung, bei Postdiensten und f\u00fcr Mobile-Marketing-Anwendungen im Einzelhandel.<\/p>\n<p>Die Funkreichweite des kabellosen Imagers liegt bei bis zu 25 m. Dank Datalogics eigenst\u00e4ndig entwickelter Schmalbandfunk-Version gibt es durch die 433-MHz-Frequenz keinerlei Interferenzen mit der WLAN-Infrastruktur.<\/p>\n<p>Die starke Leistung des Li-Ionen-Akkus sorgt f\u00fcr lange Einsatzzeiten. Der Akku l\u00e4sst sich einfach durch den Benutzer austauschen. \u00dcber den integrierten Micro-USB-Anschluss steht dar\u00fcber hinaus eine alternative Lademethode zur Verf\u00fcgung, sodass die Station f\u00fcr den Ladevorgang nicht unbedingt erforderlich ist.<\/p>\n<p>Datalogics patentierte Green Spot Lesebest\u00e4tigung gibt dem Benutzer der erfolgreichen Erfassung sofort ein eindeutiges Feedback. Die dunkelrote Hintergrundbeleuchtung des QuickScan QM2400 schont die Augen der Benutzer, zwei stark kontrastierende blaue Dreiecke definieren den Zielbereich eindeutig und sorgen auch bei der Arbeit mit Listen f\u00fcr pr\u00e4zises Scannen.<\/p>\n<h3><a href=\"https:\/\/www.highway-gmbh.de\/wp-content\/uploads\/dlqm2400.pdf\">Datenblatt QuickScan QM2400<\/a><\/h3>\n<p>&nbsp;<\/p>\n","protected":false},"excerpt":{"rendered":"<ul>\n<li>Kabelloser Area Imager mit Star 2.0 Cordless System Schmalbandfunk (433 MHz)<\/li>\n<li>Hohe \u00dcbertragungssicherheit ohne St\u00f6rungen durch WLAN<\/li>\n<li>Erfasst alle 1D- und 2D Barcodes, auch von Smartphones<\/li>\n<li>Bis zu 25 m Reichweite f\u00fcr hohe Flexibilit\u00e4t im Einsatz<\/li>\n<li>Einfacher Akku-Austausch oder Laden \u00fcber Micro-USB<\/li>\n<\/ul>\n","protected":false},"featured_media":1011,"template":"page-sidebar-left.php","meta":[],"product_brand":[],"product_cat":[42,18],"product_tag":[53],"class_list":{"0":"post-1009","1":"product","2":"type-product","3":"status-publish","4":"has-post-thumbnail","6":"product_cat-datalogic","7":"product_cat-handscanner","8":"product_tag-datalogic","10":"first","11":"instock","12":"virtual","13":"product-type-simple"},"translation":{"provider":"WPGlobus","version":"3.0.2","language":"en","enabled_languages":["de","en"],"languages":{"de":{"title":true,"content":true,"excerpt":true},"en":{"title":false,"content":false,"excerpt":false}}},"_links":{"self":[{"href":"https:\/\/www.highway-gmbh.de\/en\/wp-json\/wp\/v2\/product\/1009","targetHints":{"allow":["GET"]}}],"collection":[{"href":"https:\/\/www.highway-gmbh.de\/en\/wp-json\/wp\/v2\/product"}],"about":[{"href":"https:\/\/www.highway-gmbh.de\/en\/wp-json\/wp\/v2\/types\/product"}],"wp:featuredmedia":[{"embeddable":true,"href":"https:\/\/www.highway-gmbh.de\/en\/wp-json\/wp\/v2\/media\/1011"}],"wp:attachment":[{"href":"https:\/\/www.highway-gmbh.de\/en\/wp-json\/wp\/v2\/media?parent=1009"}],"wp:term":[{"taxonomy":"product_brand","embeddable":true,"href":"https:\/\/www.highway-gmbh.de\/en\/wp-json\/wp\/v2\/product_brand?post=1009"},{"taxonomy":"product_cat","embeddable":true,"href":"https:\/\/www.highway-gmbh.de\/en\/wp-json\/wp\/v2\/product_cat?post=1009"},{"taxonomy":"product_tag","embeddable":true,"href":"https:\/\/www.highway-gmbh.de\/en\/wp-json\/wp\/v2\/product_tag?post=1009"}],"curies":[{"name":"wp","href":"https:\/\/api.w.org\/{rel}","templated":true}]}}