{"id":1006,"date":"2021-05-17T14:55:15","date_gmt":"2021-05-17T12:55:15","guid":{"rendered":"https:\/\/highwaygmbh.de\/highway\/?post_type=product&#038;p=1006"},"modified":"2021-05-17T16:43:03","modified_gmt":"2021-05-17T14:43:03","slug":"quickscan-qd2400","status":"publish","type":"product","link":"https:\/\/www.highway-gmbh.de\/en\/produkte\/handscanner\/datalogic\/quickscan-qd2400\/","title":{"rendered":"QuickScan  QD2400"},"content":{"rendered":"<h1 id=\"jt_sr_headline\">Datalogic QuickScan\u00a0 QD2400<\/h1>\n<h2 id=\"jt_sr_subline\">Preisstarker 2D-Scanner<\/h2>\n<p>Aggressive Leseleistung und ein aggressiver Preis \u2013 darauf kommt es bei einem Barcode-Scanner an. Der Datalogic QuickScan QD2400 ist ein handheld Area Imager, der nahezu alle gebr\u00e4uchlichen 1D- und 2D-Barcodes schnell und omnidirektional liest. Das macht ihn besonders interessant f\u00fcr alle, die ihre Prozesse in Zukunft auf 2D-Barcodes umstellen wollen oder m\u00fcssen \u2013 daf\u00fcr aber nur ein begrenztes Budget zur Verf\u00fcgung haben.<\/p>\n<p>Der QuickScan QD2400 punktet durch seine hohe Bewegungstoleranz und die flexible Lesedistanz. Bei der Dokumentenverfolgung in \u00f6ffentlichen Einrichtungen sowie am Kassenplatz \u2013 vor allem im Einzelhandel \u2013 entfaltet er sein ganzes Potenzial. Er dekodiert auch zuverl\u00e4ssig 2D-Barcodes von Mobilger\u00e4ten, was ihn zur erstklassigen Alternative f\u00fcr Couponing-Anwendungen und Mobile Marketing macht. Dank des ausgekl\u00fcgelten Beleuchtungssystems mit dunklem Rotlicht und den gut sichtbaren blauen LED-Zielmarkierungen erleichtert und beschleunigt er das Scannen f\u00fcr die Nutzer. Die patentierte Datalogic \u00bbGreen Spot\u00ab Lesebest\u00e4tigung rundet den effizienten Scanvorgang ab. Die Imager-Technologie sorgt zudem f\u00fcr eine lange Lebensdauer des Scanners.<\/p>\n<h3><a href=\"https:\/\/www.highway-gmbh.de\/wp-content\/uploads\/dlqs2400.pdf\">Datenblatt QuickScan QD2400<\/a><\/h3>\n<p>&nbsp;<\/p>\n","protected":false},"excerpt":{"rendered":"<ul>\n<li>Aggressiver Area Imager f\u00fcr 2D-Barcodes<\/li>\n<li>Sensationelles Preis-Leistungs-Verh\u00e4ltnis<\/li>\n<li>Hohe Bewegungstoleranz und flexible Lesedistanz<\/li>\n<li>Benutzerfokussiertes Ziel- und Beleuchtungssystem<\/li>\n<li>Ideal f\u00fcr Einzelhandel, Back-Office, Postdienstleister<\/li>\n<\/ul>\n","protected":false},"featured_media":1008,"template":"page-sidebar-left.php","meta":[],"product_brand":[],"product_cat":[42,18],"product_tag":[53],"class_list":{"0":"post-1006","1":"product","2":"type-product","3":"status-publish","4":"has-post-thumbnail","6":"product_cat-datalogic","7":"product_cat-handscanner","8":"product_tag-datalogic","10":"first","11":"instock","12":"virtual","13":"product-type-simple"},"translation":{"provider":"WPGlobus","version":"3.0.2","language":"en","enabled_languages":["de","en"],"languages":{"de":{"title":true,"content":true,"excerpt":true},"en":{"title":false,"content":false,"excerpt":false}}},"_links":{"self":[{"href":"https:\/\/www.highway-gmbh.de\/en\/wp-json\/wp\/v2\/product\/1006","targetHints":{"allow":["GET"]}}],"collection":[{"href":"https:\/\/www.highway-gmbh.de\/en\/wp-json\/wp\/v2\/product"}],"about":[{"href":"https:\/\/www.highway-gmbh.de\/en\/wp-json\/wp\/v2\/types\/product"}],"wp:featuredmedia":[{"embeddable":true,"href":"https:\/\/www.highway-gmbh.de\/en\/wp-json\/wp\/v2\/media\/1008"}],"wp:attachment":[{"href":"https:\/\/www.highway-gmbh.de\/en\/wp-json\/wp\/v2\/media?parent=1006"}],"wp:term":[{"taxonomy":"product_brand","embeddable":true,"href":"https:\/\/www.highway-gmbh.de\/en\/wp-json\/wp\/v2\/product_brand?post=1006"},{"taxonomy":"product_cat","embeddable":true,"href":"https:\/\/www.highway-gmbh.de\/en\/wp-json\/wp\/v2\/product_cat?post=1006"},{"taxonomy":"product_tag","embeddable":true,"href":"https:\/\/www.highway-gmbh.de\/en\/wp-json\/wp\/v2\/product_tag?post=1006"}],"curies":[{"name":"wp","href":"https:\/\/api.w.org\/{rel}","templated":true}]}}