{"id":6,"date":"2020-12-09T14:49:14","date_gmt":"2020-12-09T13:49:14","guid":{"rendered":"http:\/\/highwaygmbh.de\/highway\/?page_id=6"},"modified":"2024-07-30T18:55:23","modified_gmt":"2024-07-30T16:55:23","slug":"impressum","status":"publish","type":"page","link":"https:\/\/www.highway-gmbh.de\/en\/impressum\/","title":{"rendered":"Imprint"},"content":{"rendered":"<div class=\"wpb-content-wrapper\"><p>[vc_row][vc_column][vc_column_text css=&#8221;&#8221;]<\/p>\n<h2 id=\"m46\">Diensteanbieter<\/h2>\n<p>highway Identcode- und Drucksysteme GmbH<br \/>\nH\u00f6henweg 4<br \/>\n08064 Zwickau<\/p>\n<hr \/>\n<h2 id=\"m56\">Kontaktm\u00f6glichkeiten<\/h2>\n<p><strong>Telefon:<\/strong> +49 (0) 375 58906-22<br \/>\n<strong>Fax:<\/strong> +49 (0) 375 58906-42<br \/>\n<strong>E-Mail:<\/strong> <a href=\"mailto:Info@highway-gmbh.de\" target=\"_blank\" rel=\"noopener\">Info@highway-gmbh.de<\/a><\/p>\n<p><strong>Kontaktformular:<\/strong> <a href=\"https:\/\/www.highway-gmbh.de\/kontakt\/\">zum Kontaktformular<\/a><\/p>\n<hr \/>\n<h2 id=\"m153\">Vertretungsberechtigte<\/h2>\n<p>Dr. Eberhard Klein (verantwortlich f\u00fcr den Inhalt der Seiten)<\/p>\n<hr \/>\n<h2 id=\"m58\">Angaben zum Unternehmen<\/h2>\n<p><strong>Umsatzsteuer Identifikationsnummer (USt-ID):<\/strong> DE 141 379 955<\/p>\n<p><strong>AGB:<\/strong> <a href=\"https:\/\/www.highway-gmbh.de\/allgemeine-geschaeftbedingungen\/\">zu unseren AGB<\/a><\/p>\n<p><strong>Gesch\u00e4ftsf\u00fchrer: <\/strong>Dr. Eberhard Klein<strong><br \/>\n<\/strong><\/p>\n<hr \/>\n<h2 id=\"m151\">Register und Registernummer<\/h2>\n<p id=\"m151\"><strong>Registernummer: <\/strong>HR B 5717<br \/>\nAmtsgericht Chemnitz<\/p>\n<hr \/>\n<h2 id=\"m174\">Online-Streitbeilegung (OS)<\/h2>\n<p>Online-Streitbeilegung: Die Europ\u00e4ische Kommission stellt eine Plattform zur Online-Streitbeilegung (OS) bereit, die Sie unter <a href=\"https:\/\/ec.europa.eu\/consumers\/odr\/\" target=\"_blank\" rel=\"noopener\">https:\/\/ec.europa.eu\/consumers\/odr\/<\/a> finden. Verbraucher haben die M\u00f6glichkeit, diese Plattform f\u00fcr die Beilegung ihrer Streitigkeiten zu nutzen.<\/p>\n<hr \/>\n<h2 id=\"m175\">Streitbeilegung vor einer Verbraucherschlichtungsstelle<\/h2>\n<p><strong>Angaben zur Teilnahme an der Verbraucherstreitschlichtung<\/strong>: Wir sind nicht bereit und nicht verpflichtet an einem Streitbeilegungsverfahren vor einer Verbraucherstreitschlichtungsstelle teilzunehmen.<\/p>\n<hr \/>\n<h2 id=\"m172\">Social Media und andere Onlinepr\u00e4senzen<\/h2>\n<p>&nbsp;<\/p>\n<div id=\"dsg-module-preview-65-de\" class=\"dsg-module-preview-generate dsg-module-preview-fill active filled\" data-language=\"de\" data-id=\"82\" data-mid=\"65\" data-sku-de=\"\">\n<h2 id=\"m65\">Haftungs- und Schutzrechtshinweise<\/h2>\n<\/div>\n<div id=\"dsg-module-preview-66-de\" class=\"dsg-module-preview dsg-module-preview-generate dsg-option-preview dsg-option-preview-66 dsg-option-preview-parent-65 dsg-module-preview-fill filled active\" data-language=\"de\" data-parent_mid=\"65\" data-mid=\"66\" data-sku-de=\"\">\n<p><strong>Haftungsausschluss<\/strong>: Die Inhalte dieses Onlineangebotes wurden sorgf\u00e4ltig und nach unserem aktuellen Kenntnisstand erstellt, dienen jedoch nur der Information und entfalten keine rechtlich bindende Wirkung, sofern es sich nicht um gesetzlich verpflichtende Informationen (z.B. das Impressum, die <a href=\"https:\/\/www.highway-gmbh.de\/datenschutzerklaerung\/\">Datenschutzerkl\u00e4rung<\/a>, <a href=\"https:\/\/www.highway-gmbh.de\/allgemeine-geschaeftbedingungen\/\">AGB<\/a> oder verpflichtende Belehrungen von Verbrauchern) handelt. Wir behalten uns vor, die Inhalte vollst\u00e4ndig oder teilweise zu \u00e4ndern oder zu l\u00f6schen, soweit vertragliche Verpflichtungen unber\u00fchrt bleiben. Alle Angebote sind freibleibend und unverbindlich.<\/p>\n<\/div>\n<div id=\"dsg-module-preview-67-de\" class=\"dsg-module-preview dsg-module-preview-generate dsg-option-preview dsg-option-preview-67 dsg-option-preview-parent-65 dsg-module-preview-fill filled active\" data-language=\"de\" data-parent_mid=\"65\" data-mid=\"67\" data-sku-de=\"\">\n<p><strong>Links auf fremde Webseiten<\/strong>: Inhalte fremder Webseiten, auf die wir direkt oder indirekt verweisen, liegen au\u00dferhalb unseres Verantwortungsbereiches und machen wir uns nicht zu Eigen. F\u00fcr alle Inhalte und insbesondere f\u00fcr Sch\u00e4den, die aus der Nutzung der in den verlinkten Webseiten aufrufbaren Informationen entstehen, haftet allein der Anbieter der verlinkten Webseiten.<\/p>\n<\/div>\n<div id=\"dsg-module-preview-68-de\" class=\"dsg-module-preview dsg-module-preview-generate dsg-option-preview dsg-option-preview-68 dsg-option-preview-parent-65 dsg-module-preview-fill filled active\" data-language=\"de\" data-parent_mid=\"65\" data-mid=\"68\" data-sku-de=\"\">\n<p><strong>Urheberrechte und Markenrechte<\/strong>: Alle auf dieser Website dargestellten Inhalte, wie Texte, Fotografien, Grafiken, Marken und Warenzeichen sind durch die jeweiligen Schutzrechte (Urheberrechte, Markenrechte) gesch\u00fctzt. Die Verwendung, Vervielf\u00e4ltigung usw. unterliegen unseren Rechten oder den Rechten der jeweiligen Urheber bzw. Rechteverwalter.<\/p>\n<\/div>\n<div id=\"dsg-module-preview-69-de\" class=\"dsg-module-preview dsg-module-preview-generate dsg-option-preview dsg-option-preview-69 dsg-option-preview-parent-65 dsg-module-preview-fill filled active\" data-language=\"de\" data-parent_mid=\"65\" data-mid=\"69\" data-sku-de=\"\">\n<p><strong>Hinweise auf Rechtsverst\u00f6\u00dfe<\/strong>: Sollten Sie innerhalb unseres Internetauftritts Rechtsverst\u00f6\u00dfe bemerken, bitten wir Sie uns auf diese hinzuweisen. Wir werden rechtswidrige Inhalte und Links nach Kenntnisnahme unverz\u00fcglich entfernen.<\/p>\n<\/div>\n<hr \/>\n<h3>Design, Konzeption und Realisierung<a href=\"https:\/\/www.digitalrun.de\"><img loading=\"lazy\" decoding=\"async\" class=\"alignright size-full wp-image-168\" src=\"https:\/\/www.highway-gmbh.de\/wp-content\/uploads\/digital-run-logo.png\" alt=\"\" width=\"150\" height=\"150\" \/><\/a><\/h3>\n<p><a href=\"http:\/\/www.digitalrun.de\/\" target=\"_blank\" rel=\"noopener noreferrer\">Digital Run Webdesign<\/a><br \/>\n18106 Rostock<\/p>\n<p>Web: <a title=\"Digital Run Designagentur\" href=\"http:\/\/www.digitalrun.de\/\" target=\"_blank\" rel=\"noopener noreferrer\">www.digitalrun.de<\/a><br \/>\ne-mail: <a href=\"mailto:info@digitalrun.de\">info@digitalrun.de<\/a><\/p>\n<hr \/>\n<h2 id=\"m169\">Bildnachweise<\/h2>\n<p>[\/vc_column_text][\/vc_column][\/vc_row]<\/p>\n<\/div>","protected":false},"excerpt":{"rendered":"<p>[vc_row][vc_column][vc_column_text css=&#8221;&#8221;] Diensteanbieter highway Identcode- und Drucksysteme GmbH H\u00f6henweg 4 08064 Zwickau Kontaktm\u00f6glichkeiten Telefon: +49 (0) 375 58906-22 Fax: +49 (0) 375 58906-42 E-Mail: Info@highway-gmbh.de Kontaktformular: zum Kontaktformular Vertretungsberechtigte Dr. Eberhard Klein (verantwortlich f\u00fcr den Inhalt der Seiten) Angaben zum Unternehmen Umsatzsteuer Identifikationsnummer (USt-ID): DE 141 379 955 AGB: zu unseren AGB Gesch\u00e4ftsf\u00fchrer: Dr. Eberhard [&hellip;]<\/p>\n","protected":false},"author":1,"featured_media":0,"parent":0,"menu_order":0,"comment_status":"closed","ping_status":"closed","template":"","meta":{"footnotes":""},"class_list":["post-6","page","type-page","status-publish","hentry"],"translation":{"provider":"WPGlobus","version":"3.0.2","language":"en","enabled_languages":["de","en"],"languages":{"de":{"title":true,"content":true,"excerpt":false},"en":{"title":true,"content":true,"excerpt":false}}},"_links":{"self":[{"href":"https:\/\/www.highway-gmbh.de\/en\/wp-json\/wp\/v2\/pages\/6","targetHints":{"allow":["GET"]}}],"collection":[{"href":"https:\/\/www.highway-gmbh.de\/en\/wp-json\/wp\/v2\/pages"}],"about":[{"href":"https:\/\/www.highway-gmbh.de\/en\/wp-json\/wp\/v2\/types\/page"}],"author":[{"embeddable":true,"href":"https:\/\/www.highway-gmbh.de\/en\/wp-json\/wp\/v2\/users\/1"}],"replies":[{"embeddable":true,"href":"https:\/\/www.highway-gmbh.de\/en\/wp-json\/wp\/v2\/comments?post=6"}],"version-history":[{"count":10,"href":"https:\/\/www.highway-gmbh.de\/en\/wp-json\/wp\/v2\/pages\/6\/revisions"}],"predecessor-version":[{"id":2588,"href":"https:\/\/www.highway-gmbh.de\/en\/wp-json\/wp\/v2\/pages\/6\/revisions\/2588"}],"wp:attachment":[{"href":"https:\/\/www.highway-gmbh.de\/en\/wp-json\/wp\/v2\/media?parent=6"}],"curies":[{"name":"wp","href":"https:\/\/api.w.org\/{rel}","templated":true}]}}