{"id":397,"date":"2021-01-05T20:35:29","date_gmt":"2021-01-05T19:35:29","guid":{"rendered":"https:\/\/highwaygmbh.de\/highway\/?page_id=397"},"modified":"2021-03-17T19:40:05","modified_gmt":"2021-03-17T18:40:05","slug":"newsletter-anmeldung","status":"publish","type":"page","link":"https:\/\/www.highway-gmbh.de\/en\/service\/newsletter-anmeldung\/","title":{"rendered":"Newsletter"},"content":{"rendered":"<div class=\"wpb-content-wrapper\"><p>[vc_row full_width=&#8221;stretch_row_content&#8221; parallax=&#8221;content-moving&#8221; parallax_image=&#8221;241&#8243;][vc_column][vc_row_inner][vc_column_inner width=&#8221;1\/2&#8243; css=&#8221;.vc_custom_1608256243731{margin-top: 60px !important;margin-bottom: 80px !important;margin-left: 0px !important;border-top-width: 0px !important;border-bottom-width: 0px !important;border-left-width: 0px !important;padding-top: 0px !important;padding-bottom: 0px !important;padding-left: 0px !important;background-color: rgba(226,0,127,0.62) !important;*background-color: rgb(226,0,127) !important;}&#8221;][vc_custom_heading text=&#8221;Unser Newsletter&#8221; font_container=&#8221;tag:h2|text_align:left|color:%23ffffff&#8221; use_theme_fonts=&#8221;yes&#8221; css=&#8221;.vc_custom_1609875128193{margin-top: 40px !important;margin-bottom: 0px !important;padding-left: 20% !important;}&#8221;][vc_custom_heading text=&#8221;erfahren Sie in regelm\u00e4\u00dfigen Abst\u00e4nden alle Neuigkeiten&#8221; font_container=&#8221;tag:h4|text_align:left|color:%23ffffff&#8221; use_theme_fonts=&#8221;yes&#8221; css=&#8221;.vc_custom_1609875148611{margin-top: 0px !important;margin-bottom: 60px !important;padding-left: 20% !important;}&#8221;][\/vc_column_inner][vc_column_inner width=&#8221;1\/2&#8243;][\/vc_column_inner][\/vc_row_inner][\/vc_column][\/vc_row][vc_row][vc_column][vc_custom_heading text=&#8221;Newsletter An- Abmeldung&#8221; use_theme_fonts=&#8221;yes&#8221;][vc_column_text]\u00dcber unseren kostenfreien Newsletter erfahren Sie in regelm\u00e4\u00dfigen Abst\u00e4nden alle Neuigkeiten sowie aktuelle Informationen rund um unsere Produkte.[\/vc_column_text][vc_separator][\/vc_column][\/vc_row][vc_row][vc_column width=&#8221;1\/2&#8243;][vc_column_text]<p>Werden Sie Newsletter-Abonnent und erhalten Sie <strong>die wichtigsten Meldungen<\/strong> noch vor allen Anderen!<br \/>\nNat\u00fcrlich ist unser Newsletter f\u00fcr Sie kostenlos und kann jederzeit wieder abbestellt werden.<br \/>\n<style id='mailster-form-default' type='text\/css'>.mailster-embeded-form body{background:0;padding:0;margin:0}.mailster-embeded-form .mailster-form-body{padding:5px !important;margin:auto !important}.mailster-form-wrap{max-width:100%;max-height:95%;min-width:100px;-webkit-overflow-scrolling:touch}.mailster-form{margin-bottom:20px;position:relative}.mailster-form:before{content:'';position:absolute;display:block;height:100%;width:100%;z-index:1;background-repeat:no-repeat;background-position:center center;background-size:20px 20px;background-image:url('https:\/\/www.highway-gmbh.de\/wp-content\/plugins\/mailster\/assets\/css\/..\/img\/loading.gif');visibility:hidden;opacity:0;transition:opacity .15s ease-in-out}.mailster-form.loading:before{opacity:1;visibility:visible}@media only screen and (-webkit-min-device-pixel-ratio:2),only screen and (min-resolution:192dpi){.mailster-form:before{background-image:url('https:\/\/www.highway-gmbh.de\/wp-content\/plugins\/mailster\/assets\/css\/..\/img\/loading_2x.gif')}}.mailster-form:after,.mailster-form-fields:after{content:'.';visibility:hidden;display:block;height:0;clear:both}.mailster-form .mailster-form-fields{transition:all .15s ease-in-out}.mailster-form.completed .mailster-form-fields{height:0;min-height:0;opacity:0;overflow:hidden}.mailster-form,.mailster-form .input,.mailster-form .mailster-form-info{width:100%;box-sizing:border-box}.mailster-embeded-form .mailster-form{margin-bottom:3px}.mailster-form .mailster-wrapper{position:relative;margin-bottom:2px;transition:opacity .15s ease-in-out}.mailster-form.loading .mailster-wrapper{opacity:.2}.mailster-form textarea.input{resize:vertical;height:150px}.mailster-form li{list-style:none !important;margin-left:0;padding-left:0}span.mailster-required{font-size:120%;font-weight:700;color:#bf4d4d}.mailster-lists-wrapper ul{list-style:none;margin-left:0;padding-left:0}.mailster-lists-wrapper ul li{margin-left:0}.mailster-list-description{color:inherit;display:block;margin-left:25px;font-size:.8em}.mailster-form-info{height:0;border-radius:2px;padding:5px;margin-bottom:4px;color:#fff;padding:9px 16px;transition:all .2s;-webkit-transform:scale(0);-moz-transform:scale(0);-ms-transform:scale(0);transform:scale(0)}.mailster-form.loading .mailster-form-info{opacity:0}.mailster-form-info a{color:#fff}.mailster-form-info.success,.mailster-form-info.error{display:block;height:100%;-webkit-transform:scale(1);-moz-transform:scale(1);-ms-transform:scale(1);transform:scale(1)}.mailster-form .error input,.mailster-form .error select,.mailster-form .error textarea{outline:2px solid #bf4d4d;outline-offset:0}.mailster-form-info.error{background:#bf4d4d}.mailster-form-info.success{background-color:#6fbf4d;text-align:center}.mailster-form-info ul,.mailster-form .mailster-form-info p{margin:0;padding:0;max-width:initial}.mailster-form-info ul li{color:inherit;margin-left:0}.mailster-submit-wrapper{margin-top:6px}.mailster-form .submit-button{cursor:pointer}.mailster-form .submit-button:focus{outline:0}<\/style><style type=\"text\/css\" media=\"screen\" class=\"mailster-custom-form-css\">\n.mailster-form.mailster-form-2 .mailster-wrapper label{color:#000000;}\n.mailster-form.mailster-form-2 .mailster-wrapper .input{color:#000000;background-color:#fdfdfd;}\n.mailster-form.mailster-form-2 .mailster-wrapper .input:focus{background-color:#e6e7ea;}\n.mailster-form.mailster-form-2 .submit-button{background-color:#e5007e;color:#ffffff;}\n.mailster-form.mailster-form-2 .submit-button:hover{background-color:#c10013;color:#ffffff;}\n.mailster-form.mailster-form-2 .mailster-email-wrapper label{color:#000000;}\n.mailster-form.mailster-form-2 .mailster-email-wrapper .input{color:#000000;background-color:#fdfdfd;}\n.mailster-form.mailster-form-2 .mailster-firstname-wrapper label{color:#000000;}\n.mailster-form.mailster-form-2 .mailster-firstname-wrapper .input{color:#000000;background-color:#fdfdfd;}\n.mailster-form.mailster-form-2 .mailster-lastname-wrapper label{color:#000000;}\n.mailster-form.mailster-form-2 .mailster-lastname-wrapper .input{color:#000000;background-color:#fdfdfd;}\n<\/style>\n<form action=\"https:\/\/www.highway-gmbh.de\/en\/mailster\/subscribe\" method=\"post\" class=\"mailster-form mailster-form-submit mailster-ajax-form mailster-form-2\" novalidate><input name=\"_action\" type=\"hidden\" value=\"subscribe\">\n<input name=\"_timestamp\" type=\"hidden\" value=\"1776431002\">\n<input name=\"_referer\" type=\"hidden\" value=\"https:\/\/www.highway-gmbh.de\/en\/wp-json\/wp\/v2\/pages\/397\">\n<input name=\"_nonce\" type=\"hidden\" value=\"5354b4cdaa\">\n<input name=\"formid\" type=\"hidden\" value=\"2\">\n<div class=\"mailster-form-fields\">\n<div class=\"mailster-wrapper mailster-email-wrapper\"><label for=\"mailster-email-2\">E-Mail <span class=\"mailster-required\">*<\/span><\/label><input id=\"mailster-email-2\" name=\"email\" type=\"email\" value=\"\" class=\"input mailster-email mailster-required\" aria-required=\"true\" aria-label=\"E-Mail\" spellcheck=\"false\"><\/div>\n<div class=\"mailster-wrapper mailster-firstname-wrapper\"><label for=\"mailster-firstname-2\">Vorname<\/label><input id=\"mailster-firstname-2\" name=\"firstname\" type=\"text\" value=\"\" class=\"input mailster-firstname\" aria-required=\"false\" aria-label=\"Vorname\"><\/div>\n<div class=\"mailster-wrapper mailster-lastname-wrapper\"><label for=\"mailster-lastname-2\">Nachname <span class=\"mailster-required\">*<\/span><\/label><input id=\"mailster-lastname-2\" name=\"lastname\" type=\"text\" value=\"\" class=\"input mailster-lastname mailster-required\" aria-required=\"true\" aria-label=\"Nachname\"><\/div>\n<div class=\"mailster-wrapper mailster-_gdpr-wrapper\"><label for=\"mailster-_gdpr-2\"><input type=\"hidden\" name=\"_gdpr\" value=\"0\"><input id=\"mailster-_gdpr-2\" name=\"_gdpr\" type=\"checkbox\" value=\"1\" class=\"mailster-_gdpr mailster-required\" aria-required=\"true\" aria-label=\"Ich akzeptiere die Datenschutzbestimmungen.\"> Ich akzeptiere die Datenschutzbestimmungen. (<a href=\"https:\/\/www.highway-gmbh.de\/datenschutzerklaerung\/\" target=\"_top\">Link<\/a>)<\/label><\/div>\n<div class=\"mailster-wrapper mailster-submit-wrapper form-submit\"><input name=\"submit\" type=\"submit\" value=\"Anmelden\" class=\"submit-button button\" aria-label=\"Anmelden\"><\/div>\n<\/div>\n<\/form>\n<\/p>\n\n\n[\/vc_column_text][\/vc_column][vc_column width=&#8221;1\/2&#8243;][vc_single_image image=&#8221;398&#8243; img_size=&#8221;full&#8221;][\/vc_column][\/vc_row][vc_row][vc_column][vc_separator][vc_column_text]Zum Abbestellen klicken sie einfach auf folgenden Link: <a href=\"https:\/\/www.highway-gmbh.de\/service\/newsletter-anmeldung\/abmelden\/\">\u201eNewsletter abbestellen\u201c.<\/a><br \/>\nSollten Sie weitere Fragen haben, wenden Sie sich bitte per E-Mail an unseren Webmaster.[\/vc_column_text][\/vc_column][\/vc_row]<\/p>\n<\/div>","protected":false},"excerpt":{"rendered":"<p>[vc_row full_width=&#8221;stretch_row_content&#8221; parallax=&#8221;content-moving&#8221; parallax_image=&#8221;241&#8243;][vc_column][vc_row_inner][vc_column_inner width=&#8221;1\/2&#8243; css=&#8221;.vc_custom_1608256243731{margin-top: 60px !important;margin-bottom: 80px !important;margin-left: 0px !important;border-top-width: 0px !important;border-bottom-width: 0px !important;border-left-width: 0px !important;padding-top: 0px !important;padding-bottom: 0px !important;padding-left: 0px !important;background-color: rgba(226,0,127,0.62) !important;*background-color: rgb(226,0,127) !important;}&#8221;][vc_custom_heading text=&#8221;Unser Newsletter&#8221; font_container=&#8221;tag:h2|text_align:left|color:%23ffffff&#8221; use_theme_fonts=&#8221;yes&#8221; css=&#8221;.vc_custom_1609875128193{margin-top: 40px !important;margin-bottom: 0px !important;padding-left: 20% !important;}&#8221;][vc_custom_heading text=&#8221;erfahren Sie in regelm\u00e4\u00dfigen Abst\u00e4nden alle Neuigkeiten&#8221; font_container=&#8221;tag:h4|text_align:left|color:%23ffffff&#8221; use_theme_fonts=&#8221;yes&#8221; css=&#8221;.vc_custom_1609875148611{margin-top: 0px !important;margin-bottom: 60px !important;padding-left: 20% !important;}&#8221;][\/vc_column_inner][vc_column_inner [&hellip;]<\/p>\n","protected":false},"author":1,"featured_media":0,"parent":22,"menu_order":0,"comment_status":"closed","ping_status":"closed","template":"page-sidebar-left.php","meta":{"footnotes":""},"class_list":["post-397","page","type-page","status-publish","hentry"],"translation":{"provider":"WPGlobus","version":"3.0.2","language":"en","enabled_languages":["de","en"],"languages":{"de":{"title":true,"content":true,"excerpt":false},"en":{"title":false,"content":false,"excerpt":false}}},"_links":{"self":[{"href":"https:\/\/www.highway-gmbh.de\/en\/wp-json\/wp\/v2\/pages\/397","targetHints":{"allow":["GET"]}}],"collection":[{"href":"https:\/\/www.highway-gmbh.de\/en\/wp-json\/wp\/v2\/pages"}],"about":[{"href":"https:\/\/www.highway-gmbh.de\/en\/wp-json\/wp\/v2\/types\/page"}],"author":[{"embeddable":true,"href":"https:\/\/www.highway-gmbh.de\/en\/wp-json\/wp\/v2\/users\/1"}],"replies":[{"embeddable":true,"href":"https:\/\/www.highway-gmbh.de\/en\/wp-json\/wp\/v2\/comments?post=397"}],"version-history":[{"count":10,"href":"https:\/\/www.highway-gmbh.de\/en\/wp-json\/wp\/v2\/pages\/397\/revisions"}],"predecessor-version":[{"id":601,"href":"https:\/\/www.highway-gmbh.de\/en\/wp-json\/wp\/v2\/pages\/397\/revisions\/601"}],"up":[{"embeddable":true,"href":"https:\/\/www.highway-gmbh.de\/en\/wp-json\/wp\/v2\/pages\/22"}],"wp:attachment":[{"href":"https:\/\/www.highway-gmbh.de\/en\/wp-json\/wp\/v2\/media?parent=397"}],"curies":[{"name":"wp","href":"https:\/\/api.w.org\/{rel}","templated":true}]}}